{"id":13509,"date":"2025-05-11T11:41:31","date_gmt":"2025-05-11T09:41:31","guid":{"rendered":"https:\/\/www.lelude.com\/?page_id=13509"},"modified":"2026-03-26T21:43:19","modified_gmt":"2026-03-26T20:43:19","slug":"prixpjredoute-palmares2024","status":"publish","type":"page","link":"https:\/\/www.lelude.com\/en\/prixpjredoute-palmares2024\/","title":{"rendered":"Prix P.J. Redout\u00e9 &#8211; Prize list 2024"},"content":{"rendered":"<div class=\"wpb-content-wrapper\">[vc_row][vc_column][mk_image src=&#8221;https:\/\/www.lelude.com\/wp-content\/uploads\/2024\/04\/lude_bandeau_2024.jpg&#8221; image_size=&#8221;full&#8221;][\/vc_column][\/vc_row][vc_row][vc_column width=&#8221;2\/3&#8243;][mk_fancy_title size=&#8221;28&#8243; font_family=&#8221;none&#8221;]L&#8217;\u00e9dition 2024[\/mk_fancy_title][mk_divider style=&#8221;thin_solid&#8221; divider_width=&#8221;one_fourth&#8221; align=&#8221;left&#8221; thickness=&#8221;2&#8243; margin_top=&#8221;0&#8243;][vc_column_text css=&#8221;.vc_custom_1774557756896{margin-bottom: 0px !important;}&#8221;]On 1st June 2024, at te Ch\u00e2teau du Lude, the 24th Prix P.J. Redout\u00e9 was presented by the <em>Association des Jardins du Maine<\/em> to<\/p>\n<h3 style=\"text-align: center;\">Quatre saisons au jardin,<\/h3>\n<p style=\"text-align: center;\">A co-\u00e9dition<br \/>\nMuseum d&#8217;Histoire Naturelle<br \/>\n&amp; Editions Marabout<\/p>\n<p>&nbsp;<\/p>\n<p><img decoding=\"async\" loading=\"lazy\" class=\"size-medium wp-image-10494 aligncenter\" src=\"https:\/\/www.lelude.com\/wp-content\/uploads\/2024\/05\/quatre-saisons-au-jardin-225x300.png\" alt=\"\" width=\"225\" height=\"300\" srcset=\"https:\/\/www.lelude.com\/wp-content\/uploads\/2024\/05\/quatre-saisons-au-jardin-225x300.png 225w, https:\/\/www.lelude.com\/wp-content\/uploads\/2024\/05\/quatre-saisons-au-jardin-768x1024.png 768w, https:\/\/www.lelude.com\/wp-content\/uploads\/2024\/05\/quatre-saisons-au-jardin.png 1500w\" sizes=\"(max-width: 225px) 100vw, 225px\" \/><\/p>\n<p>&nbsp;<\/p>\n<p>&nbsp;<\/p>\n<p><strong>THE AUTHOR, OR RATHER, THE AUTHORS !<\/strong><\/p>\n<p>The texts were written by the journalist and artist <strong>Joanne Dasoul,\u00a0<\/strong>with the participation of the numerous teams involved in the gardening work of the Museum, not less than 70 persons! She could follow them and ask them questions about their workplace along the seasons.<\/p>\n<p>The scientist direction was handled by\u00a0<strong>Isabelle Glais<\/strong>, director of the botanical gardens of th <em>Museum National d&#8217;Histoire Naturelle,<\/em> and <strong>Fr\u00e9d\u00e9ric<\/strong><strong> Achille<\/strong>, deputy director.<\/p>\n<h4><\/h4>\n<h4><strong>THE BOOK:<\/strong><\/h4>\n<p>Four seasons, for four gardens!\u00a0<em>Quatre saisons au jardin<\/em> carries us in the annual cycle of the gardening works, month by month, detailing the essential handiwork and techniques of the Museum&#8217;s gardeners.<\/p>\n<p>If everybody knows the famous <em>Jardin des Plantes<\/em> in the heart of Paris, created in 1635, we discover along the reading three other gardens\u00a0 that belong to the Museum, and dedicated to the plant preservation and scientific research: the Val Rameh (Alpes Maritimes), the Arboretum of Ch\u00e8vreloup (Yvelines) and the Harmas Jean-Henri Fabre (Vaucluse). Located in different regions of France, they are home for remarquable plant collections. Their geographical location allows to discover the cultivation techniques suitable to northern or southern climate.<\/p>\n<p>The book also suggests a series of species, selected in those gardens, to cultivate at home.<\/p>\n<p>The jury rewarded the practical and accessible language, the clarity of the numerous illustrations, the pertinence of the suggested plants. The jury also appreciated the high quality of the layout, the colours harmony and the fluidity of reading.<\/p>\n<h4><strong>4 other books were rewarded in the following categories:<\/strong><\/h4>\n<table width=\"626\">\n<tbody>\n<tr>\n<td class=\"alignCenter\">\n<p class=\"bold\">SPECIAL PRIZE OF THE JURY<\/p>\n<p class=\"bold\"><strong>La roseraie de Saint Clair<\/strong>,<br \/>\nMaurice Jay,\u00e9d. Libel<\/p>\n<\/td>\n<td class=\"alignCenter\">LITTERARY PRIZE<\/p>\n<p><strong>Le jardin des plantes<\/strong>,<br \/>\nElvire de Brissac,<br \/>\n\u00e9d. Grasset<\/td>\n<\/tr>\n<tr>\n<td class=\"alignCenter\">BOTANICAL PRIZE<\/p>\n<p><strong>Le langage silencieux des plantes<\/strong>,<br \/>\nYvan Kraepiel et Sylvain Raffaele,<br \/>\n\u00e9d. Quae<\/td>\n<td class=\"alignCenter\">\n<p class=\"bold\">FAVORITE OF THE JURY<\/p>\n<p class=\"bold\"><strong>Francis Hall\u00e9<\/strong>, les vies heureuses du botaniste<br \/>\nLaure-Dominique Agniel ,\u00e9d. Actes Sud<\/p>\n<\/td>\n<\/tr>\n<\/tbody>\n<\/table>\n[\/vc_column_text][\/vc_column][vc_column width=&#8221;1\/3&#8243;][mk_fancy_title font_family=&#8221;none&#8221;]Palmar\u00e8s 2024[\/mk_fancy_title][mk_gallery images=&#8221;10492,10490,10488,10486&#8243; column=&#8221;2&#8243; image_size=&#8221;full&#8221; hover_scenarios=&#8221;slow_zoom&#8221; item_spacing=&#8221;1&#8243; orderby=&#8221;post__in&#8221;][\/vc_column][\/vc_row]\n<\/div>","protected":false},"excerpt":{"rendered":"<p>[vc_row][vc_column][mk_image src=&#8221;https:\/\/www.lelude.com\/wp-content\/uploads\/2024\/04\/lude_bandeau_2024.jpg&#8221; image_size=&#8221;full&#8221;][\/vc_column][\/vc_row][vc_row][vc_column width=&#8221;2\/3&#8243;][mk_fancy_title size=&#8221;28&#8243; font_family=&#8221;none&#8221;]L&#8217;\u00e9dition 2024[\/mk_fancy_title][mk_divider style=&#8221;thin_solid&#8221; divider_width=&#8221;one_fourth&#8221; align=&#8221;left&#8221; thickness=&#8221;2&#8243; margin_top=&#8221;0&#8243;][vc_column_text css=&#8221;.vc_custom_1774557756896{margin-bottom: 0px !important;}&#8221;]On 1st June 2024, at te Ch\u00e2teau du Lude, the 24th Prix P.J. Redout\u00e9 was presented by the Association des Jardins du Maine to Quatre saisons au jardin, A co-\u00e9dition Museum d&#8217;Histoire Naturelle &amp; Editions Marabout &nbsp; &nbsp; &nbsp; THE AUTHOR, [&hellip;]<\/p>\n","protected":false},"author":7,"featured_media":0,"parent":0,"menu_order":0,"comment_status":"closed","ping_status":"closed","template":"","meta":{"footnotes":""},"yoast_head":"<!-- This site is optimized with the Yoast SEO plugin v20.13 - https:\/\/yoast.com\/wordpress\/plugins\/seo\/ -->\n<title>Prix P.J. Redout\u00e9 - Prize list 2024 - Ch\u00e2teau du Lude<\/title>\n<meta name=\"robots\" content=\"index, follow, max-snippet:-1, max-image-preview:large, max-video-preview:-1\" \/>\n<link rel=\"canonical\" href=\"https:\/\/www.lelude.com\/en\/prixpjredoute-palmares2024\/\" \/>\n<meta property=\"og:locale\" content=\"en_US\" \/>\n<meta property=\"og:type\" content=\"article\" \/>\n<meta property=\"og:title\" content=\"Prix P.J. Redout\u00e9 - Prize list 2024 - Ch\u00e2teau du Lude\" \/>\n<meta property=\"og:description\" content=\"[vc_row][vc_column][mk_image src=&#8221;https:\/\/www.lelude.com\/wp-content\/uploads\/2024\/04\/lude_bandeau_2024.jpg&#8221; image_size=&#8221;full&#8221;][\/vc_column][\/vc_row][vc_row][vc_column width=&#8221;2\/3&#8243;][mk_fancy_title size=&#8221;28&#8243; font_family=&#8221;none&#8221;]L&#8217;\u00e9dition 2024[\/mk_fancy_title][mk_divider style=&#8221;thin_solid&#8221; divider_width=&#8221;one_fourth&#8221; align=&#8221;left&#8221; thickness=&#8221;2&#8243; margin_top=&#8221;0&#8243;][vc_column_text css=&#8221;.vc_custom_1774557756896{margin-bottom: 0px !important;}&#8221;]On 1st June 2024, at te Ch\u00e2teau du Lude, the 24th Prix P.J. Redout\u00e9 was presented by the Association des Jardins du Maine to Quatre saisons au jardin, A co-\u00e9dition Museum d&#8217;Histoire Naturelle &amp; Editions Marabout &nbsp; &nbsp; &nbsp; THE AUTHOR, [&hellip;]\" \/>\n<meta property=\"og:url\" content=\"https:\/\/www.lelude.com\/en\/prixpjredoute-palmares2024\/\" \/>\n<meta property=\"og:site_name\" content=\"Ch\u00e2teau du Lude\" \/>\n<meta property=\"article:modified_time\" content=\"2026-03-26T20:43:19+00:00\" \/>\n<meta property=\"og:image\" content=\"https:\/\/www.lelude.com\/wp-content\/uploads\/2024\/05\/quatre-saisons-au-jardin-225x300.png\" \/>\n<meta name=\"twitter:card\" content=\"summary_large_image\" \/>\n<meta name=\"twitter:label1\" content=\"Est. reading time\" \/>\n\t<meta name=\"twitter:data1\" content=\"2 minutes\" \/>\n<script type=\"application\/ld+json\" class=\"yoast-schema-graph\">{\"@context\":\"https:\/\/schema.org\",\"@graph\":[{\"@type\":\"WebPage\",\"@id\":\"https:\/\/www.lelude.com\/en\/prixpjredoute-palmares2024\/\",\"url\":\"https:\/\/www.lelude.com\/en\/prixpjredoute-palmares2024\/\",\"name\":\"Prix P.J. Redout\u00e9 - Prize list 2024 - Ch\u00e2teau du Lude\",\"isPartOf\":{\"@id\":\"https:\/\/www.lelude.com\/#website\"},\"datePublished\":\"2025-05-11T09:41:31+00:00\",\"dateModified\":\"2026-03-26T20:43:19+00:00\",\"breadcrumb\":{\"@id\":\"https:\/\/www.lelude.com\/en\/prixpjredoute-palmares2024\/#breadcrumb\"},\"inLanguage\":\"en-US\",\"potentialAction\":[{\"@type\":\"ReadAction\",\"target\":[\"https:\/\/www.lelude.com\/en\/prixpjredoute-palmares2024\/\"]}]},{\"@type\":\"BreadcrumbList\",\"@id\":\"https:\/\/www.lelude.com\/en\/prixpjredoute-palmares2024\/#breadcrumb\",\"itemListElement\":[{\"@type\":\"ListItem\",\"position\":1,\"name\":\"Accueil\",\"item\":\"https:\/\/www.lelude.com\/en\/\"},{\"@type\":\"ListItem\",\"position\":2,\"name\":\"Prix P.J. Redout\u00e9 &#8211; Prize list 2024\"}]},{\"@type\":\"WebSite\",\"@id\":\"https:\/\/www.lelude.com\/#website\",\"url\":\"https:\/\/www.lelude.com\/\",\"name\":\"Ch\u00e2teau du Lude\",\"description\":\"Le premier des ch\u00e2teaux de la Loire au nord de la vall\u00e9e\",\"publisher\":{\"@id\":\"https:\/\/www.lelude.com\/#organization\"},\"potentialAction\":[{\"@type\":\"SearchAction\",\"target\":{\"@type\":\"EntryPoint\",\"urlTemplate\":\"https:\/\/www.lelude.com\/?s={search_term_string}\"},\"query-input\":\"required name=search_term_string\"}],\"inLanguage\":\"en-US\"},{\"@type\":\"Organization\",\"@id\":\"https:\/\/www.lelude.com\/#organization\",\"name\":\"Ch\u00e2teau du Lude\",\"url\":\"https:\/\/www.lelude.com\/\",\"logo\":{\"@type\":\"ImageObject\",\"inLanguage\":\"en-US\",\"@id\":\"https:\/\/www.lelude.com\/#\/schema\/logo\/image\/\",\"url\":\"https:\/\/www.lelude.com\/wp-content\/uploads\/2017\/03\/logolelude.png\",\"contentUrl\":\"https:\/\/www.lelude.com\/wp-content\/uploads\/2017\/03\/logolelude.png\",\"width\":167,\"height\":100,\"caption\":\"Ch\u00e2teau du Lude\"},\"image\":{\"@id\":\"https:\/\/www.lelude.com\/#\/schema\/logo\/image\/\"}}]}<\/script>\n<!-- \/ Yoast SEO plugin. -->","yoast_head_json":{"title":"Prix P.J. Redout\u00e9 - Prize list 2024 - Ch\u00e2teau du Lude","robots":{"index":"index","follow":"follow","max-snippet":"max-snippet:-1","max-image-preview":"max-image-preview:large","max-video-preview":"max-video-preview:-1"},"canonical":"https:\/\/www.lelude.com\/en\/prixpjredoute-palmares2024\/","og_locale":"en_US","og_type":"article","og_title":"Prix P.J. Redout\u00e9 - Prize list 2024 - Ch\u00e2teau du Lude","og_description":"[vc_row][vc_column][mk_image src=&#8221;https:\/\/www.lelude.com\/wp-content\/uploads\/2024\/04\/lude_bandeau_2024.jpg&#8221; image_size=&#8221;full&#8221;][\/vc_column][\/vc_row][vc_row][vc_column width=&#8221;2\/3&#8243;][mk_fancy_title size=&#8221;28&#8243; font_family=&#8221;none&#8221;]L&#8217;\u00e9dition 2024[\/mk_fancy_title][mk_divider style=&#8221;thin_solid&#8221; divider_width=&#8221;one_fourth&#8221; align=&#8221;left&#8221; thickness=&#8221;2&#8243; margin_top=&#8221;0&#8243;][vc_column_text css=&#8221;.vc_custom_1774557756896{margin-bottom: 0px !important;}&#8221;]On 1st June 2024, at te Ch\u00e2teau du Lude, the 24th Prix P.J. Redout\u00e9 was presented by the Association des Jardins du Maine to Quatre saisons au jardin, A co-\u00e9dition Museum d&#8217;Histoire Naturelle &amp; Editions Marabout &nbsp; &nbsp; &nbsp; THE AUTHOR, [&hellip;]","og_url":"https:\/\/www.lelude.com\/en\/prixpjredoute-palmares2024\/","og_site_name":"Ch\u00e2teau du Lude","article_modified_time":"2026-03-26T20:43:19+00:00","og_image":[{"url":"https:\/\/www.lelude.com\/wp-content\/uploads\/2024\/05\/quatre-saisons-au-jardin-225x300.png"}],"twitter_card":"summary_large_image","twitter_misc":{"Est. reading time":"2 minutes"},"schema":{"@context":"https:\/\/schema.org","@graph":[{"@type":"WebPage","@id":"https:\/\/www.lelude.com\/en\/prixpjredoute-palmares2024\/","url":"https:\/\/www.lelude.com\/en\/prixpjredoute-palmares2024\/","name":"Prix P.J. Redout\u00e9 - Prize list 2024 - Ch\u00e2teau du Lude","isPartOf":{"@id":"https:\/\/www.lelude.com\/#website"},"datePublished":"2025-05-11T09:41:31+00:00","dateModified":"2026-03-26T20:43:19+00:00","breadcrumb":{"@id":"https:\/\/www.lelude.com\/en\/prixpjredoute-palmares2024\/#breadcrumb"},"inLanguage":"en-US","potentialAction":[{"@type":"ReadAction","target":["https:\/\/www.lelude.com\/en\/prixpjredoute-palmares2024\/"]}]},{"@type":"BreadcrumbList","@id":"https:\/\/www.lelude.com\/en\/prixpjredoute-palmares2024\/#breadcrumb","itemListElement":[{"@type":"ListItem","position":1,"name":"Accueil","item":"https:\/\/www.lelude.com\/en\/"},{"@type":"ListItem","position":2,"name":"Prix P.J. Redout\u00e9 &#8211; Prize list 2024"}]},{"@type":"WebSite","@id":"https:\/\/www.lelude.com\/#website","url":"https:\/\/www.lelude.com\/","name":"Ch\u00e2teau du Lude","description":"Le premier des ch\u00e2teaux de la Loire au nord de la vall\u00e9e","publisher":{"@id":"https:\/\/www.lelude.com\/#organization"},"potentialAction":[{"@type":"SearchAction","target":{"@type":"EntryPoint","urlTemplate":"https:\/\/www.lelude.com\/?s={search_term_string}"},"query-input":"required name=search_term_string"}],"inLanguage":"en-US"},{"@type":"Organization","@id":"https:\/\/www.lelude.com\/#organization","name":"Ch\u00e2teau du Lude","url":"https:\/\/www.lelude.com\/","logo":{"@type":"ImageObject","inLanguage":"en-US","@id":"https:\/\/www.lelude.com\/#\/schema\/logo\/image\/","url":"https:\/\/www.lelude.com\/wp-content\/uploads\/2017\/03\/logolelude.png","contentUrl":"https:\/\/www.lelude.com\/wp-content\/uploads\/2017\/03\/logolelude.png","width":167,"height":100,"caption":"Ch\u00e2teau du Lude"},"image":{"@id":"https:\/\/www.lelude.com\/#\/schema\/logo\/image\/"}}]}},"_links":{"self":[{"href":"https:\/\/www.lelude.com\/en\/wp-json\/wp\/v2\/pages\/13509"}],"collection":[{"href":"https:\/\/www.lelude.com\/en\/wp-json\/wp\/v2\/pages"}],"about":[{"href":"https:\/\/www.lelude.com\/en\/wp-json\/wp\/v2\/types\/page"}],"author":[{"embeddable":true,"href":"https:\/\/www.lelude.com\/en\/wp-json\/wp\/v2\/users\/7"}],"replies":[{"embeddable":true,"href":"https:\/\/www.lelude.com\/en\/wp-json\/wp\/v2\/comments?post=13509"}],"version-history":[{"count":6,"href":"https:\/\/www.lelude.com\/en\/wp-json\/wp\/v2\/pages\/13509\/revisions"}],"predecessor-version":[{"id":13524,"href":"https:\/\/www.lelude.com\/en\/wp-json\/wp\/v2\/pages\/13509\/revisions\/13524"}],"wp:attachment":[{"href":"https:\/\/www.lelude.com\/en\/wp-json\/wp\/v2\/media?parent=13509"}],"curies":[{"name":"wp","href":"https:\/\/api.w.org\/{rel}","templated":true}]}}