{"id":13526,"date":"2026-03-26T21:49:00","date_gmt":"2026-03-26T20:49:00","guid":{"rendered":"https:\/\/www.lelude.com\/?page_id=13526"},"modified":"2026-03-26T21:50:18","modified_gmt":"2026-03-26T20:50:18","slug":"prixpjredoute-palmares2025","status":"publish","type":"page","link":"https:\/\/www.lelude.com\/en\/prixpjredoute-palmares2025\/","title":{"rendered":"Prix P.J. Redout\u00e9 &#8211; Prize list 2025"},"content":{"rendered":"<div class=\"wpb-content-wrapper\">[vc_row][vc_column][mk_image src=&#8221;https:\/\/www.lelude.com\/wp-content\/uploads\/2024\/04\/lude_bandeau_2024.jpg&#8221; image_size=&#8221;full&#8221;][\/vc_column][\/vc_row][vc_row][vc_column width=&#8221;2\/3&#8243;][mk_fancy_title size=&#8221;28&#8243; font_family=&#8221;none&#8221;]The edition 2025[\/mk_fancy_title][mk_divider style=&#8221;thin_solid&#8221; divider_width=&#8221;one_fourth&#8221; align=&#8221;left&#8221; thickness=&#8221;2&#8243; margin_top=&#8221;0&#8243;][vc_column_text css=&#8221;.vc_custom_1774558216572{margin-bottom: 0px !important;}&#8221;]On 31th May 2025 at the Ch\u00e2teau du Lude, the 25th Price P.-J. Redout\u00e9 was presented by the <em>Association des Jardins du Maine<\/em> to:<\/p>\n<h3 style=\"text-align: center;\">Jardins secrets du Japon,<\/h3>\n<p style=\"text-align: center;\">by Francis Peeters<br \/>\nnd Guy Vandersande<br \/>\n\u00c9ditions Ulmer<\/p>\n<h4><strong><img decoding=\"async\" loading=\"lazy\" class=\"size-medium wp-image-12168 aligncenter\" src=\"https:\/\/www.lelude.com\/wp-content\/uploads\/2025\/05\/jardins-du-japon-225x300.jpg\" alt=\"\" width=\"225\" height=\"300\" srcset=\"https:\/\/www.lelude.com\/wp-content\/uploads\/2025\/05\/jardins-du-japon-225x300.jpg 225w, https:\/\/www.lelude.com\/wp-content\/uploads\/2025\/05\/jardins-du-japon-768x1024.jpg 768w, https:\/\/www.lelude.com\/wp-content\/uploads\/2025\/05\/jardins-du-japon.jpg 1500w\" sizes=\"(max-width: 225px) 100vw, 225px\" \/><\/strong><\/h4>\n<p><strong>THE AUTHOR<\/strong><br \/>\nFrancis Peeters is a speaker, journalist and specialist of Asian art. Passionate about gardens, he created himself in Belgium a garden rich of about 1 500 species and cultivars. His numerous trips in the Far East allowed him to discover the most hidden facets of eastern civilizations, which he shares with his works and conferences.<\/p>\n<p><strong>THE BOOK<\/strong><br \/>\n<em>Jardins secrets du Japon<\/em> reveals the essence of the Japanese landscape art with 40 unknown gardens. It is intended for garden lovers as well as passionate of Japanese culture. Far from the traditional tourist sites, the author invites us to explore places full of spirituality and serenity, when each element, from the rock to the lantern, wears a deep symbolism. The work enlightens the fundamental principles oft he Japanese landscape art, such as the techniques applied, which could be sources of inspiration for the garden lovers.<br \/>\nGuy Vandersande&#8217;s photographs magnificently illustrate the diversity and the beauty of those gardens, offering to the reader a visual immersion in this fascinating universe.<br \/>\nThe book distinguishes itself by its quality of presentation. The balanced format, the clarity of the layout and the neat cover under a transparent layer jacket confers to the work an elegant look.<br \/>\n<em>Jardins secrets du Japon <\/em>is somehow an inivitation to contemplation and discovering of an intimate and poetic Japan, far from the usual clich\u00e9.<\/p>\n<h4><strong>4 othe books were awarded in the following categories:<\/strong><\/h4>\n<table width=\"626\">\n<tbody>\n<tr>\n<td class=\"alignCenter\">\n<p class=\"bold\">SPECIAL PRICE OF THE JURY<\/p>\n<p class=\"bold\"><strong>Rosomanes et roses au Mans<\/strong>,<br \/>\nGuillaume &amp; Jean-Pierre Epinal,<br \/>\nSoci\u00e9t\u00e9 d&#8217;agiculture sciences et arts de la Sarthe<\/p>\n<\/td>\n<td class=\"alignCenter\">HISTORICAL PRICE<\/p>\n<p><strong>L&#8217;art des jardins \u00e0 travers l&#8217;Europe au si\u00e8cle des Lumi\u00e8res<\/strong>,<br \/>\nJean-Marc Schivo,<br \/>\n\u00e9d. Dervy<\/td>\n<\/tr>\n<tr>\n<td class=\"alignCenter\">PRATICAL PRICE<\/p>\n<p><strong>Orchid\u00e9es<\/strong>,<br \/>\nRomain Maire,Ulmer<\/td>\n<td class=\"alignCenter\">\n<p class=\"bold\">ARTISTIC PRICE<\/p>\n<p class=\"bold\"><strong>Inventer le jardin de l&#8217;Antiquit\u00e9 \u00e0 nos jours<\/strong>,<br \/>\nMonique Mosser et Gilles Cl\u00e9ment ,\u00e9d. Seuil-BNF<\/p>\n<\/td>\n<\/tr>\n<\/tbody>\n<\/table>\n[\/vc_column_text][\/vc_column][vc_column width=&#8221;1\/3&#8243;][mk_fancy_title font_family=&#8221;none&#8221;]Prize list 2025[\/mk_fancy_title][mk_gallery images=&#8221;12175,12173,12171,12169,12167&#8243; column=&#8221;2&#8243; image_size=&#8221;full&#8221; hover_scenarios=&#8221;slow_zoom&#8221; item_spacing=&#8221;1&#8243; orderby=&#8221;post__in&#8221;][\/vc_column][\/vc_row]\n<\/div>","protected":false},"excerpt":{"rendered":"<p>[vc_row][vc_column][mk_image src=&#8221;https:\/\/www.lelude.com\/wp-content\/uploads\/2024\/04\/lude_bandeau_2024.jpg&#8221; image_size=&#8221;full&#8221;][\/vc_column][\/vc_row][vc_row][vc_column width=&#8221;2\/3&#8243;][mk_fancy_title size=&#8221;28&#8243; font_family=&#8221;none&#8221;]The edition 2025[\/mk_fancy_title][mk_divider style=&#8221;thin_solid&#8221; divider_width=&#8221;one_fourth&#8221; align=&#8221;left&#8221; thickness=&#8221;2&#8243; margin_top=&#8221;0&#8243;][vc_column_text css=&#8221;.vc_custom_1774558216572{margin-bottom: 0px !important;}&#8221;]On 31th May 2025 at the Ch\u00e2teau du Lude, the 25th Price P.-J. Redout\u00e9 was presented by the Association des Jardins du Maine to: Jardins secrets du Japon, by Francis Peeters nd Guy Vandersande \u00c9ditions Ulmer THE AUTHOR Francis Peeters [&hellip;]<\/p>\n","protected":false},"author":7,"featured_media":0,"parent":0,"menu_order":0,"comment_status":"closed","ping_status":"closed","template":"","meta":{"footnotes":""},"yoast_head":"<!-- This site is optimized with the Yoast SEO plugin v20.13 - https:\/\/yoast.com\/wordpress\/plugins\/seo\/ -->\n<title>Prix P.J. Redout\u00e9 - Prize list 2025 - Ch\u00e2teau du Lude<\/title>\n<meta name=\"robots\" content=\"index, follow, max-snippet:-1, max-image-preview:large, max-video-preview:-1\" \/>\n<link rel=\"canonical\" href=\"https:\/\/www.lelude.com\/en\/prixpjredoute-palmares2025\/\" \/>\n<meta property=\"og:locale\" content=\"en_US\" \/>\n<meta property=\"og:type\" content=\"article\" \/>\n<meta property=\"og:title\" content=\"Prix P.J. Redout\u00e9 - Prize list 2025 - Ch\u00e2teau du Lude\" \/>\n<meta property=\"og:description\" content=\"[vc_row][vc_column][mk_image src=&#8221;https:\/\/www.lelude.com\/wp-content\/uploads\/2024\/04\/lude_bandeau_2024.jpg&#8221; image_size=&#8221;full&#8221;][\/vc_column][\/vc_row][vc_row][vc_column width=&#8221;2\/3&#8243;][mk_fancy_title size=&#8221;28&#8243; font_family=&#8221;none&#8221;]The edition 2025[\/mk_fancy_title][mk_divider style=&#8221;thin_solid&#8221; divider_width=&#8221;one_fourth&#8221; align=&#8221;left&#8221; thickness=&#8221;2&#8243; margin_top=&#8221;0&#8243;][vc_column_text css=&#8221;.vc_custom_1774558216572{margin-bottom: 0px !important;}&#8221;]On 31th May 2025 at the Ch\u00e2teau du Lude, the 25th Price P.-J. Redout\u00e9 was presented by the Association des Jardins du Maine to: Jardins secrets du Japon, by Francis Peeters nd Guy Vandersande \u00c9ditions Ulmer THE AUTHOR Francis Peeters [&hellip;]\" \/>\n<meta property=\"og:url\" content=\"https:\/\/www.lelude.com\/en\/prixpjredoute-palmares2025\/\" \/>\n<meta property=\"og:site_name\" content=\"Ch\u00e2teau du Lude\" \/>\n<meta property=\"article:modified_time\" content=\"2026-03-26T20:50:18+00:00\" \/>\n<meta property=\"og:image\" content=\"https:\/\/www.lelude.com\/wp-content\/uploads\/2025\/05\/jardins-du-japon-225x300.jpg\" \/>\n<meta name=\"twitter:card\" content=\"summary_large_image\" \/>\n<meta name=\"twitter:label1\" content=\"Est. reading time\" \/>\n\t<meta name=\"twitter:data1\" content=\"2 minutes\" \/>\n<script type=\"application\/ld+json\" class=\"yoast-schema-graph\">{\"@context\":\"https:\/\/schema.org\",\"@graph\":[{\"@type\":\"WebPage\",\"@id\":\"https:\/\/www.lelude.com\/en\/prixpjredoute-palmares2025\/\",\"url\":\"https:\/\/www.lelude.com\/en\/prixpjredoute-palmares2025\/\",\"name\":\"Prix P.J. Redout\u00e9 - Prize list 2025 - Ch\u00e2teau du Lude\",\"isPartOf\":{\"@id\":\"https:\/\/www.lelude.com\/#website\"},\"datePublished\":\"2026-03-26T20:49:00+00:00\",\"dateModified\":\"2026-03-26T20:50:18+00:00\",\"breadcrumb\":{\"@id\":\"https:\/\/www.lelude.com\/en\/prixpjredoute-palmares2025\/#breadcrumb\"},\"inLanguage\":\"en-US\",\"potentialAction\":[{\"@type\":\"ReadAction\",\"target\":[\"https:\/\/www.lelude.com\/en\/prixpjredoute-palmares2025\/\"]}]},{\"@type\":\"BreadcrumbList\",\"@id\":\"https:\/\/www.lelude.com\/en\/prixpjredoute-palmares2025\/#breadcrumb\",\"itemListElement\":[{\"@type\":\"ListItem\",\"position\":1,\"name\":\"Accueil\",\"item\":\"https:\/\/www.lelude.com\/en\/\"},{\"@type\":\"ListItem\",\"position\":2,\"name\":\"Prix P.J. Redout\u00e9 &#8211; Prize list 2025\"}]},{\"@type\":\"WebSite\",\"@id\":\"https:\/\/www.lelude.com\/#website\",\"url\":\"https:\/\/www.lelude.com\/\",\"name\":\"Ch\u00e2teau du Lude\",\"description\":\"Le premier des ch\u00e2teaux de la Loire au nord de la vall\u00e9e\",\"publisher\":{\"@id\":\"https:\/\/www.lelude.com\/#organization\"},\"potentialAction\":[{\"@type\":\"SearchAction\",\"target\":{\"@type\":\"EntryPoint\",\"urlTemplate\":\"https:\/\/www.lelude.com\/?s={search_term_string}\"},\"query-input\":\"required name=search_term_string\"}],\"inLanguage\":\"en-US\"},{\"@type\":\"Organization\",\"@id\":\"https:\/\/www.lelude.com\/#organization\",\"name\":\"Ch\u00e2teau du Lude\",\"url\":\"https:\/\/www.lelude.com\/\",\"logo\":{\"@type\":\"ImageObject\",\"inLanguage\":\"en-US\",\"@id\":\"https:\/\/www.lelude.com\/#\/schema\/logo\/image\/\",\"url\":\"https:\/\/www.lelude.com\/wp-content\/uploads\/2017\/03\/logolelude.png\",\"contentUrl\":\"https:\/\/www.lelude.com\/wp-content\/uploads\/2017\/03\/logolelude.png\",\"width\":167,\"height\":100,\"caption\":\"Ch\u00e2teau du Lude\"},\"image\":{\"@id\":\"https:\/\/www.lelude.com\/#\/schema\/logo\/image\/\"}}]}<\/script>\n<!-- \/ Yoast SEO plugin. -->","yoast_head_json":{"title":"Prix P.J. Redout\u00e9 - Prize list 2025 - Ch\u00e2teau du Lude","robots":{"index":"index","follow":"follow","max-snippet":"max-snippet:-1","max-image-preview":"max-image-preview:large","max-video-preview":"max-video-preview:-1"},"canonical":"https:\/\/www.lelude.com\/en\/prixpjredoute-palmares2025\/","og_locale":"en_US","og_type":"article","og_title":"Prix P.J. Redout\u00e9 - Prize list 2025 - Ch\u00e2teau du Lude","og_description":"[vc_row][vc_column][mk_image src=&#8221;https:\/\/www.lelude.com\/wp-content\/uploads\/2024\/04\/lude_bandeau_2024.jpg&#8221; image_size=&#8221;full&#8221;][\/vc_column][\/vc_row][vc_row][vc_column width=&#8221;2\/3&#8243;][mk_fancy_title size=&#8221;28&#8243; font_family=&#8221;none&#8221;]The edition 2025[\/mk_fancy_title][mk_divider style=&#8221;thin_solid&#8221; divider_width=&#8221;one_fourth&#8221; align=&#8221;left&#8221; thickness=&#8221;2&#8243; margin_top=&#8221;0&#8243;][vc_column_text css=&#8221;.vc_custom_1774558216572{margin-bottom: 0px !important;}&#8221;]On 31th May 2025 at the Ch\u00e2teau du Lude, the 25th Price P.-J. Redout\u00e9 was presented by the Association des Jardins du Maine to: Jardins secrets du Japon, by Francis Peeters nd Guy Vandersande \u00c9ditions Ulmer THE AUTHOR Francis Peeters [&hellip;]","og_url":"https:\/\/www.lelude.com\/en\/prixpjredoute-palmares2025\/","og_site_name":"Ch\u00e2teau du Lude","article_modified_time":"2026-03-26T20:50:18+00:00","og_image":[{"url":"https:\/\/www.lelude.com\/wp-content\/uploads\/2025\/05\/jardins-du-japon-225x300.jpg"}],"twitter_card":"summary_large_image","twitter_misc":{"Est. reading time":"2 minutes"},"schema":{"@context":"https:\/\/schema.org","@graph":[{"@type":"WebPage","@id":"https:\/\/www.lelude.com\/en\/prixpjredoute-palmares2025\/","url":"https:\/\/www.lelude.com\/en\/prixpjredoute-palmares2025\/","name":"Prix P.J. Redout\u00e9 - Prize list 2025 - Ch\u00e2teau du Lude","isPartOf":{"@id":"https:\/\/www.lelude.com\/#website"},"datePublished":"2026-03-26T20:49:00+00:00","dateModified":"2026-03-26T20:50:18+00:00","breadcrumb":{"@id":"https:\/\/www.lelude.com\/en\/prixpjredoute-palmares2025\/#breadcrumb"},"inLanguage":"en-US","potentialAction":[{"@type":"ReadAction","target":["https:\/\/www.lelude.com\/en\/prixpjredoute-palmares2025\/"]}]},{"@type":"BreadcrumbList","@id":"https:\/\/www.lelude.com\/en\/prixpjredoute-palmares2025\/#breadcrumb","itemListElement":[{"@type":"ListItem","position":1,"name":"Accueil","item":"https:\/\/www.lelude.com\/en\/"},{"@type":"ListItem","position":2,"name":"Prix P.J. Redout\u00e9 &#8211; Prize list 2025"}]},{"@type":"WebSite","@id":"https:\/\/www.lelude.com\/#website","url":"https:\/\/www.lelude.com\/","name":"Ch\u00e2teau du Lude","description":"Le premier des ch\u00e2teaux de la Loire au nord de la vall\u00e9e","publisher":{"@id":"https:\/\/www.lelude.com\/#organization"},"potentialAction":[{"@type":"SearchAction","target":{"@type":"EntryPoint","urlTemplate":"https:\/\/www.lelude.com\/?s={search_term_string}"},"query-input":"required name=search_term_string"}],"inLanguage":"en-US"},{"@type":"Organization","@id":"https:\/\/www.lelude.com\/#organization","name":"Ch\u00e2teau du Lude","url":"https:\/\/www.lelude.com\/","logo":{"@type":"ImageObject","inLanguage":"en-US","@id":"https:\/\/www.lelude.com\/#\/schema\/logo\/image\/","url":"https:\/\/www.lelude.com\/wp-content\/uploads\/2017\/03\/logolelude.png","contentUrl":"https:\/\/www.lelude.com\/wp-content\/uploads\/2017\/03\/logolelude.png","width":167,"height":100,"caption":"Ch\u00e2teau du Lude"},"image":{"@id":"https:\/\/www.lelude.com\/#\/schema\/logo\/image\/"}}]}},"_links":{"self":[{"href":"https:\/\/www.lelude.com\/en\/wp-json\/wp\/v2\/pages\/13526"}],"collection":[{"href":"https:\/\/www.lelude.com\/en\/wp-json\/wp\/v2\/pages"}],"about":[{"href":"https:\/\/www.lelude.com\/en\/wp-json\/wp\/v2\/types\/page"}],"author":[{"embeddable":true,"href":"https:\/\/www.lelude.com\/en\/wp-json\/wp\/v2\/users\/7"}],"replies":[{"embeddable":true,"href":"https:\/\/www.lelude.com\/en\/wp-json\/wp\/v2\/comments?post=13526"}],"version-history":[{"count":2,"href":"https:\/\/www.lelude.com\/en\/wp-json\/wp\/v2\/pages\/13526\/revisions"}],"predecessor-version":[{"id":13530,"href":"https:\/\/www.lelude.com\/en\/wp-json\/wp\/v2\/pages\/13526\/revisions\/13530"}],"wp:attachment":[{"href":"https:\/\/www.lelude.com\/en\/wp-json\/wp\/v2\/media?parent=13526"}],"curies":[{"name":"wp","href":"https:\/\/api.w.org\/{rel}","templated":true}]}}