{"id":2607,"date":"2019-05-01T16:16:24","date_gmt":"2019-05-01T14:16:24","guid":{"rendered":"https:\/\/www.lelude.com\/?page_id=2607\/"},"modified":"2019-05-01T16:19:23","modified_gmt":"2019-05-01T14:19:23","slug":"prix-p-j-redoute-palmares-2018","status":"publish","type":"page","link":"https:\/\/www.lelude.com\/en\/prix-p-j-redoute-palmares-2018\/","title":{"rendered":"Prix P.J. Redout\u00e9 &#8211; Prize list 2018"},"content":{"rendered":"<div class=\"wpb-content-wrapper\">[vc_row fullwidth=&#8221;true&#8221;][vc_column][mk_image src=&#8221;https:\/\/www.lelude.com\/wp-content\/uploads\/2018\/05\/lude-prix-pj-redout-bandeau.jpg&#8221; image_size=&#8221;full&#8221; align=&#8221;center&#8221;][\/vc_column][\/vc_row][mk_page_section padding_top=&#8221;0&#8243; padding_bottom=&#8221;0&#8243; top_shape_color=&#8221;#ffffff&#8221; bottom_shape_style=&#8221;speech-bottom&#8221; bottom_shape_color=&#8221;#ffffff&#8221; sidebar=&#8221;sidebar-1&#8243;][vc_column width=&#8221;2\/3&#8243;][mk_fancy_title size=&#8221;28&#8243; font_family=&#8221;none&#8221;]The edition 2018[\/mk_fancy_title][mk_divider style=&#8221;thin_solid&#8221; divider_width=&#8221;one_fourth&#8221; align=&#8221;left&#8221; thickness=&#8221;2&#8243; margin_top=&#8221;0&#8243;][vc_column_text css=&#8221;.vc_custom_1556719510003{margin-bottom: 0px !important;}&#8221;]On Saturday 2nd in June 2019at the Ch\u00e2teau du Lude, the 19th Prix Pierre-Joseph Redout\u00e9 was awarded by the <em>Association des Jardins du Maine<\/em> to<\/p>\n<h3 style=\"text-align: center;\">&#8220;Les graines du monde, l&#8217;institut Vavilov&#8221;<br \/>\nde Mario del Curto<br \/>\n\u00c9ditions Actes Sud \/ Till Schap<\/h3>\n<p><img decoding=\"async\" loading=\"lazy\" class=\"size-medium wp-image-1831 aligncenter\" src=\"https:\/\/www.lelude.com\/wp-content\/uploads\/2018\/06\/les-graines-du-monde-222x300.jpg\" alt=\"\" width=\"222\" height=\"300\" srcset=\"https:\/\/www.lelude.com\/wp-content\/uploads\/2018\/06\/les-graines-du-monde-222x300.jpg 222w, https:\/\/www.lelude.com\/wp-content\/uploads\/2018\/06\/les-graines-du-monde-768x1036.jpg 768w, https:\/\/www.lelude.com\/wp-content\/uploads\/2018\/06\/les-graines-du-monde-759x1024.jpg 759w, https:\/\/www.lelude.com\/wp-content\/uploads\/2018\/06\/les-graines-du-monde.jpg 943w\" sizes=\"(max-width: 222px) 100vw, 222px\" \/><\/p>\n<p>&nbsp;<\/p>\n<p>The discovery of the Vavilov institute in Saint Petersbug was a real shock to Mario del Curto. This institute and the other ones like it in the word are actually playing an important part in the preservation of botanical species. In fact, our future depend on our ability to preserve the genetical memory of the plants. A century ago, Nicola\u00ef Vavilov, agronomist and botanist anticipated the disappearance of the botanical variety. Hefound means to protect by traveling all over the word during many decades.<\/p>\n<p><em>Les graine du monde<\/em> draws up a report about plant preservation and paints the portrait of the custodians who follow in laboratories and fieds the work of this great scientist who died tragically in the Staline&#8217;s jails.<\/p>\n<h4><\/h4>\n<h4>6 prizes were amarded in the following categories:<\/h4>\n<table>\n<tbody>\n<tr>\n<td class=\"alignCenter\">Art prize<\/p>\n<p><strong>Flora japonica<br \/>\n<\/strong>Martyn Rix &amp; Masumi Yamanaka, \u00e9d. Xavier Barral<\/td>\n<td class=\"alignCenter\">Practical prize<\/p>\n<p class=\"bold\"><strong>Toutes les plantes pour toutes les envies et toutes les situations<br \/>\n<\/strong><span class=\"fontSize11px\">Didier Willery, \u00e9d. Ulmer<\/span><\/p>\n<\/td>\n<\/tr>\n<tr>\n<td class=\"alignCenter\">Nature prize<\/p>\n<p class=\"bold\"><strong>Reconna\u00eetre facilement les oiseaux du jardin<\/strong><\/p>\n<p class=\"bold\"><span class=\"fontSize11px\">Daniela Strauss, \u00e9d. Ulmer<\/span><\/p>\n<\/td>\n<td class=\"alignCenter\">History prize<\/p>\n<p class=\"bold\"><strong>Le jardin japonais<\/strong><\/p>\n<p class=\"bold\">Sophie Walker, \u00e9d. Phaidon<\/p>\n<\/td>\n<\/tr>\n<tr>\n<td class=\"alignCenter\">Botany prize<\/p>\n<p class=\"bold\"><strong>Flore des friches urbaines<\/strong><\/p>\n<p>Audrey &amp; Myr Muratet et Marie Pellaton, \u00e9d.Xavier Barral<\/td>\n<td class=\"alignCenter\">Special prize of the jury<\/p>\n<p class=\"bold\"><strong>Villes-paysage du Maroc<br \/>\n<\/strong><\/p>\n<p><span class=\"fontSize11px\">Mounia Bennani, \u00e9d. La D\u00e9couverte<\/span><\/td>\n<\/tr>\n<tr>\n<td class=\"alignCenter\" colspan=\"2\"><\/td>\n<\/tr>\n<\/tbody>\n<\/table>\n<p>In the jury, experts and amateurs :<\/p>\n<p>botanist <strong>Olivier Colin<\/strong>, journalist <strong>Martine G\u00e9rardin, <\/strong>interior designer <strong>Jacques Garcia<\/strong>, actress <strong>Marie-Anne Chazel<\/strong>,<strong> Marc Mennessier<\/strong>, journalist at le Figaro, amateur gardener <strong>Maryvonne Pinault<\/strong>, well known Belgian gardener <strong>Diane van Strydonck<\/strong>,Film Producer <strong>Jean-Louis Remilleux<\/strong>, and landscape architect <strong>Louis Benech.<\/strong><\/p>\n<p class=\"alignJustify marginBottom10\">Our partners: The Sarthe Conseil d\u00e9partemental, The Regional Council of the Loire valley, Radio France Bleu Maine, N\u00e9opost, TRUFFAUT, M\u00e9dia Participations, Bourg Joly Malicorne, all give their encouragements and support to the Pierre-Joseph Redout\u00e9 Prize.<\/p>\n<p class=\"alignJustify marginBottom10\">Prochaine \u00e9dition du Prix P.J. Redout\u00e9 : le samedi 1er juin 2019<br \/>\nPour tout renseignement : <a title=\"Le Lude\" href=\"https:\/\/www.lelude.com\/fr\/www.lelude.com\">www.lelude.com<\/a> &#8211; <a title=\"Envoyer un email\" href=\"mailto:info@lelude.com\">info@lelude.com<\/a> &#8211; 02 43 94 60 09 &#8211; Facebook : <a title=\"Prix Pierre-Joseph Redout\u00e9\" href=\"https:\/\/www.facebook.com\/prixpierrejosephredoute\">Prix Pierre-Joseph Redout\u00e9<\/a><\/p>\n[\/vc_column_text][\/vc_column][vc_column width=&#8221;1\/3&#8243; css=&#8221;.vc_custom_1489054828018{margin-bottom: 0px !important;padding-right: 0px !important;padding-left: 0px !important;}&#8221;][mk_fancy_title size=&#8221;24&#8243; font_family=&#8221;none&#8221;]Prize list 2018[\/mk_fancy_title][mk_gallery images=&#8221;1818,1777,1774,1773,2604,1776,1772&#8243; column=&#8221;2&#8243; image_size=&#8221;full&#8221; hover_scenarios=&#8221;slow_zoom&#8221; item_spacing=&#8221;1&#8243; orderby=&#8221;post__in&#8221;][\/vc_column][\/mk_page_section]\n<\/div>","protected":false},"excerpt":{"rendered":"<p>[vc_row fullwidth=&#8221;true&#8221;][vc_column][mk_image src=&#8221;https:\/\/www.lelude.com\/wp-content\/uploads\/2018\/05\/lude-prix-pj-redout-bandeau.jpg&#8221; image_size=&#8221;full&#8221; align=&#8221;center&#8221;][\/vc_column][\/vc_row][mk_page_section padding_top=&#8221;0&#8243; padding_bottom=&#8221;0&#8243; top_shape_color=&#8221;#ffffff&#8221; bottom_shape_style=&#8221;speech-bottom&#8221; bottom_shape_color=&#8221;#ffffff&#8221; sidebar=&#8221;sidebar-1&#8243;][vc_column width=&#8221;2\/3&#8243;][mk_fancy_title size=&#8221;28&#8243; font_family=&#8221;none&#8221;]The edition 2018[\/mk_fancy_title][mk_divider style=&#8221;thin_solid&#8221; divider_width=&#8221;one_fourth&#8221; align=&#8221;left&#8221; thickness=&#8221;2&#8243; margin_top=&#8221;0&#8243;][vc_column_text css=&#8221;.vc_custom_1556719510003{margin-bottom: 0px !important;}&#8221;]On Saturday 2nd in June 2019at the Ch\u00e2teau du Lude, the 19th Prix Pierre-Joseph Redout\u00e9 was awarded by the Association des Jardins du Maine to &#8220;Les graines du monde, l&#8217;institut Vavilov&#8221; de [&hellip;]<\/p>\n","protected":false},"author":7,"featured_media":0,"parent":0,"menu_order":0,"comment_status":"closed","ping_status":"closed","template":"","meta":{"footnotes":""},"yoast_head":"<!-- This site is optimized with the Yoast SEO plugin v20.13 - https:\/\/yoast.com\/wordpress\/plugins\/seo\/ -->\n<title>Prix P.J. Redout\u00e9 - Prize list 2018 - Ch\u00e2teau du Lude<\/title>\n<meta name=\"robots\" content=\"index, follow, max-snippet:-1, max-image-preview:large, max-video-preview:-1\" \/>\n<link rel=\"canonical\" href=\"https:\/\/www.lelude.com\/prix-p-j-redoute-palmares-2018\/\" \/>\n<meta property=\"og:locale\" content=\"en_US\" \/>\n<meta property=\"og:type\" content=\"article\" \/>\n<meta property=\"og:title\" content=\"Prix P.J. Redout\u00e9 - Prize list 2018 - Ch\u00e2teau du Lude\" \/>\n<meta property=\"og:description\" content=\"[vc_row fullwidth=&#8221;true&#8221;][vc_column][mk_image src=&#8221;https:\/\/www.lelude.com\/wp-content\/uploads\/2018\/05\/lude-prix-pj-redout-bandeau.jpg&#8221; image_size=&#8221;full&#8221; align=&#8221;center&#8221;][\/vc_column][\/vc_row][mk_page_section padding_top=&#8221;0&#8243; padding_bottom=&#8221;0&#8243; top_shape_color=&#8221;#ffffff&#8221; bottom_shape_style=&#8221;speech-bottom&#8221; bottom_shape_color=&#8221;#ffffff&#8221; sidebar=&#8221;sidebar-1&#8243;][vc_column width=&#8221;2\/3&#8243;][mk_fancy_title size=&#8221;28&#8243; font_family=&#8221;none&#8221;]The edition 2018[\/mk_fancy_title][mk_divider style=&#8221;thin_solid&#8221; divider_width=&#8221;one_fourth&#8221; align=&#8221;left&#8221; thickness=&#8221;2&#8243; margin_top=&#8221;0&#8243;][vc_column_text css=&#8221;.vc_custom_1556719510003{margin-bottom: 0px !important;}&#8221;]On Saturday 2nd in June 2019at the Ch\u00e2teau du Lude, the 19th Prix Pierre-Joseph Redout\u00e9 was awarded by the Association des Jardins du Maine to &#8220;Les graines du monde, l&#8217;institut Vavilov&#8221; de [&hellip;]\" \/>\n<meta property=\"og:url\" content=\"https:\/\/www.lelude.com\/prix-p-j-redoute-palmares-2018\/\" \/>\n<meta property=\"og:site_name\" content=\"Ch\u00e2teau du Lude\" \/>\n<meta property=\"article:modified_time\" content=\"2019-05-01T14:19:23+00:00\" \/>\n<meta property=\"og:image\" content=\"https:\/\/www.lelude.com\/wp-content\/uploads\/2018\/06\/les-graines-du-monde-222x300.jpg\" \/>\n<meta name=\"twitter:card\" content=\"summary_large_image\" \/>\n<meta name=\"twitter:label1\" content=\"Est. reading time\" \/>\n\t<meta name=\"twitter:data1\" content=\"3 minutes\" \/>\n<script type=\"application\/ld+json\" class=\"yoast-schema-graph\">{\"@context\":\"https:\/\/schema.org\",\"@graph\":[{\"@type\":\"WebPage\",\"@id\":\"https:\/\/www.lelude.com\/prix-p-j-redoute-palmares-2018\/\",\"url\":\"https:\/\/www.lelude.com\/prix-p-j-redoute-palmares-2018\/\",\"name\":\"Prix P.J. Redout\u00e9 - Prize list 2018 - Ch\u00e2teau du Lude\",\"isPartOf\":{\"@id\":\"https:\/\/www.lelude.com\/#website\"},\"datePublished\":\"2019-05-01T14:16:24+00:00\",\"dateModified\":\"2019-05-01T14:19:23+00:00\",\"breadcrumb\":{\"@id\":\"https:\/\/www.lelude.com\/prix-p-j-redoute-palmares-2018\/#breadcrumb\"},\"inLanguage\":\"en-US\",\"potentialAction\":[{\"@type\":\"ReadAction\",\"target\":[\"https:\/\/www.lelude.com\/prix-p-j-redoute-palmares-2018\/\"]}]},{\"@type\":\"BreadcrumbList\",\"@id\":\"https:\/\/www.lelude.com\/prix-p-j-redoute-palmares-2018\/#breadcrumb\",\"itemListElement\":[{\"@type\":\"ListItem\",\"position\":1,\"name\":\"Accueil\",\"item\":\"https:\/\/www.lelude.com\/en\/\"},{\"@type\":\"ListItem\",\"position\":2,\"name\":\"Prix P.J. Redout\u00e9 &#8211; Prize list 2018\"}]},{\"@type\":\"WebSite\",\"@id\":\"https:\/\/www.lelude.com\/#website\",\"url\":\"https:\/\/www.lelude.com\/\",\"name\":\"Ch\u00e2teau du Lude\",\"description\":\"Le premier des ch\u00e2teaux de la Loire au nord de la vall\u00e9e\",\"publisher\":{\"@id\":\"https:\/\/www.lelude.com\/#organization\"},\"potentialAction\":[{\"@type\":\"SearchAction\",\"target\":{\"@type\":\"EntryPoint\",\"urlTemplate\":\"https:\/\/www.lelude.com\/?s={search_term_string}\"},\"query-input\":\"required name=search_term_string\"}],\"inLanguage\":\"en-US\"},{\"@type\":\"Organization\",\"@id\":\"https:\/\/www.lelude.com\/#organization\",\"name\":\"Ch\u00e2teau du Lude\",\"url\":\"https:\/\/www.lelude.com\/\",\"logo\":{\"@type\":\"ImageObject\",\"inLanguage\":\"en-US\",\"@id\":\"https:\/\/www.lelude.com\/#\/schema\/logo\/image\/\",\"url\":\"https:\/\/www.lelude.com\/wp-content\/uploads\/2017\/03\/logolelude.png\",\"contentUrl\":\"https:\/\/www.lelude.com\/wp-content\/uploads\/2017\/03\/logolelude.png\",\"width\":167,\"height\":100,\"caption\":\"Ch\u00e2teau du Lude\"},\"image\":{\"@id\":\"https:\/\/www.lelude.com\/#\/schema\/logo\/image\/\"}}]}<\/script>\n<!-- \/ Yoast SEO plugin. -->","yoast_head_json":{"title":"Prix P.J. Redout\u00e9 - Prize list 2018 - Ch\u00e2teau du Lude","robots":{"index":"index","follow":"follow","max-snippet":"max-snippet:-1","max-image-preview":"max-image-preview:large","max-video-preview":"max-video-preview:-1"},"canonical":"https:\/\/www.lelude.com\/prix-p-j-redoute-palmares-2018\/","og_locale":"en_US","og_type":"article","og_title":"Prix P.J. Redout\u00e9 - Prize list 2018 - Ch\u00e2teau du Lude","og_description":"[vc_row fullwidth=&#8221;true&#8221;][vc_column][mk_image src=&#8221;https:\/\/www.lelude.com\/wp-content\/uploads\/2018\/05\/lude-prix-pj-redout-bandeau.jpg&#8221; image_size=&#8221;full&#8221; align=&#8221;center&#8221;][\/vc_column][\/vc_row][mk_page_section padding_top=&#8221;0&#8243; padding_bottom=&#8221;0&#8243; top_shape_color=&#8221;#ffffff&#8221; bottom_shape_style=&#8221;speech-bottom&#8221; bottom_shape_color=&#8221;#ffffff&#8221; sidebar=&#8221;sidebar-1&#8243;][vc_column width=&#8221;2\/3&#8243;][mk_fancy_title size=&#8221;28&#8243; font_family=&#8221;none&#8221;]The edition 2018[\/mk_fancy_title][mk_divider style=&#8221;thin_solid&#8221; divider_width=&#8221;one_fourth&#8221; align=&#8221;left&#8221; thickness=&#8221;2&#8243; margin_top=&#8221;0&#8243;][vc_column_text css=&#8221;.vc_custom_1556719510003{margin-bottom: 0px !important;}&#8221;]On Saturday 2nd in June 2019at the Ch\u00e2teau du Lude, the 19th Prix Pierre-Joseph Redout\u00e9 was awarded by the Association des Jardins du Maine to &#8220;Les graines du monde, l&#8217;institut Vavilov&#8221; de [&hellip;]","og_url":"https:\/\/www.lelude.com\/prix-p-j-redoute-palmares-2018\/","og_site_name":"Ch\u00e2teau du Lude","article_modified_time":"2019-05-01T14:19:23+00:00","og_image":[{"url":"https:\/\/www.lelude.com\/wp-content\/uploads\/2018\/06\/les-graines-du-monde-222x300.jpg"}],"twitter_card":"summary_large_image","twitter_misc":{"Est. reading time":"3 minutes"},"schema":{"@context":"https:\/\/schema.org","@graph":[{"@type":"WebPage","@id":"https:\/\/www.lelude.com\/prix-p-j-redoute-palmares-2018\/","url":"https:\/\/www.lelude.com\/prix-p-j-redoute-palmares-2018\/","name":"Prix P.J. Redout\u00e9 - Prize list 2018 - Ch\u00e2teau du Lude","isPartOf":{"@id":"https:\/\/www.lelude.com\/#website"},"datePublished":"2019-05-01T14:16:24+00:00","dateModified":"2019-05-01T14:19:23+00:00","breadcrumb":{"@id":"https:\/\/www.lelude.com\/prix-p-j-redoute-palmares-2018\/#breadcrumb"},"inLanguage":"en-US","potentialAction":[{"@type":"ReadAction","target":["https:\/\/www.lelude.com\/prix-p-j-redoute-palmares-2018\/"]}]},{"@type":"BreadcrumbList","@id":"https:\/\/www.lelude.com\/prix-p-j-redoute-palmares-2018\/#breadcrumb","itemListElement":[{"@type":"ListItem","position":1,"name":"Accueil","item":"https:\/\/www.lelude.com\/en\/"},{"@type":"ListItem","position":2,"name":"Prix P.J. Redout\u00e9 &#8211; Prize list 2018"}]},{"@type":"WebSite","@id":"https:\/\/www.lelude.com\/#website","url":"https:\/\/www.lelude.com\/","name":"Ch\u00e2teau du Lude","description":"Le premier des ch\u00e2teaux de la Loire au nord de la vall\u00e9e","publisher":{"@id":"https:\/\/www.lelude.com\/#organization"},"potentialAction":[{"@type":"SearchAction","target":{"@type":"EntryPoint","urlTemplate":"https:\/\/www.lelude.com\/?s={search_term_string}"},"query-input":"required name=search_term_string"}],"inLanguage":"en-US"},{"@type":"Organization","@id":"https:\/\/www.lelude.com\/#organization","name":"Ch\u00e2teau du Lude","url":"https:\/\/www.lelude.com\/","logo":{"@type":"ImageObject","inLanguage":"en-US","@id":"https:\/\/www.lelude.com\/#\/schema\/logo\/image\/","url":"https:\/\/www.lelude.com\/wp-content\/uploads\/2017\/03\/logolelude.png","contentUrl":"https:\/\/www.lelude.com\/wp-content\/uploads\/2017\/03\/logolelude.png","width":167,"height":100,"caption":"Ch\u00e2teau du Lude"},"image":{"@id":"https:\/\/www.lelude.com\/#\/schema\/logo\/image\/"}}]}},"_links":{"self":[{"href":"https:\/\/www.lelude.com\/en\/wp-json\/wp\/v2\/pages\/2607"}],"collection":[{"href":"https:\/\/www.lelude.com\/en\/wp-json\/wp\/v2\/pages"}],"about":[{"href":"https:\/\/www.lelude.com\/en\/wp-json\/wp\/v2\/types\/page"}],"author":[{"embeddable":true,"href":"https:\/\/www.lelude.com\/en\/wp-json\/wp\/v2\/users\/7"}],"replies":[{"embeddable":true,"href":"https:\/\/www.lelude.com\/en\/wp-json\/wp\/v2\/comments?post=2607"}],"version-history":[{"count":9,"href":"https:\/\/www.lelude.com\/en\/wp-json\/wp\/v2\/pages\/2607\/revisions"}],"predecessor-version":[{"id":2617,"href":"https:\/\/www.lelude.com\/en\/wp-json\/wp\/v2\/pages\/2607\/revisions\/2617"}],"wp:attachment":[{"href":"https:\/\/www.lelude.com\/en\/wp-json\/wp\/v2\/media?parent=2607"}],"curies":[{"name":"wp","href":"https:\/\/api.w.org\/{rel}","templated":true}]}}