{"id":2621,"date":"2019-05-01T17:13:36","date_gmt":"2019-05-01T15:13:36","guid":{"rendered":"https:\/\/www.lelude.com\/?page_id=2621\/"},"modified":"2019-05-01T17:13:36","modified_gmt":"2019-05-01T15:13:36","slug":"prix-p-j-redoute-prize-list-2017","status":"publish","type":"page","link":"https:\/\/www.lelude.com\/en\/prix-p-j-redoute-prize-list-2017\/","title":{"rendered":"Prix P.J. Redout\u00e9 &#8211; Prize list 2017"},"content":{"rendered":"<div class=\"wpb-content-wrapper\">[vc_row fullwidth=&#8221;true&#8221;][vc_column][mk_image src=&#8221;https:\/\/www.lelude.com\/wp-content\/uploads\/2017\/06\/fleur-redout-17-bandeau.jpg&#8221; image_size=&#8221;full&#8221; align=&#8221;center&#8221;][\/vc_column][\/vc_row][mk_page_section padding_top=&#8221;0&#8243; padding_bottom=&#8221;0&#8243; top_shape_color=&#8221;#ffffff&#8221; bottom_shape_style=&#8221;speech-bottom&#8221; bottom_shape_color=&#8221;#ffffff&#8221; sidebar=&#8221;sidebar-1&#8243;][vc_column width=&#8221;2\/3&#8243;][mk_fancy_title size=&#8221;28&#8243; font_family=&#8221;none&#8221;]The edition 2017[\/mk_fancy_title][mk_divider style=&#8221;thin_solid&#8221; divider_width=&#8221;one_fourth&#8221; align=&#8221;left&#8221; thickness=&#8221;2&#8243; margin_top=&#8221;0&#8243;][vc_column_text css=&#8221;.vc_custom_1556723349364{margin-bottom: 0px !important;}&#8221;]On Saturday 3rd in June 2017 at the Ch\u00e2teau du Lude, the 18th Prix Pierre-Joseph Redout\u00e9 was awarded by the <em>Association des Jardins du Maine<\/em> to<\/p>\n<h3 style=\"text-align: center;\">&#8220;Jardins d&#8217;hiver, une saison r\u00e9invent\u00e9e&#8221;<br \/>\nby C\u00e9dric Pollet<br \/>\n\u00e9d. Ulmer<\/h3>\n<p><img decoding=\"async\" loading=\"lazy\" class=\"size-medium wp-image-1112 aligncenter\" src=\"https:\/\/www.lelude.com\/wp-content\/uploads\/2017\/06\/photo-7-300x300.jpg\" alt=\"\" width=\"300\" height=\"300\" srcset=\"https:\/\/www.lelude.com\/wp-content\/uploads\/2017\/06\/photo-7-300x300.jpg 300w, https:\/\/www.lelude.com\/wp-content\/uploads\/2017\/06\/photo-7-150x150.jpg 150w, https:\/\/www.lelude.com\/wp-content\/uploads\/2017\/06\/photo-7-225x225.jpg 225w, https:\/\/www.lelude.com\/wp-content\/uploads\/2017\/06\/photo-7-200x200.jpg 200w, https:\/\/www.lelude.com\/wp-content\/uploads\/2017\/06\/photo-7-1024x1024.jpg 1024w, https:\/\/www.lelude.com\/wp-content\/uploads\/2017\/06\/photo-7-60x60.jpg 60w, https:\/\/www.lelude.com\/wp-content\/uploads\/2017\/06\/photo-7.jpg 250w\" sizes=\"(max-width: 300px) 100vw, 300px\" \/><\/p>\n<p>&nbsp;<\/p>\n<p>&nbsp;<\/p>\n<h4>5 prizes were amarded in the following categories:<\/h4>\n<table>\n<tbody>\n<tr>\n<td class=\"alignCenter\">Art prize<\/p>\n<p><strong>Les Essentielles<\/strong><\/p>\n<p>Karl Blosfeldt, \u00e9d. 5 continentsBarral<\/td>\n<td class=\"alignCenter\">Practical prize<\/p>\n<p class=\"bold\"><strong>Les animaux utiles au jardin<br \/>\n<\/strong><span class=\"fontSize11px\">Vincent Albouy, \u00e9d. Quae<br \/>\n<\/span><\/p>\n<\/td>\n<\/tr>\n<tr>\n<td class=\"alignCenter\">Botany prize<\/p>\n<p class=\"bold\"><strong>L&#8217;herbier sauvage de nos r\u00e9gions<br \/>\n<\/strong><\/p>\n<p>Pierre &amp; D\u00e9liaVigne, \u00e9d. Larousse<\/td>\n<td class=\"alignCenter\">History prize<\/p>\n<p class=\"bold\"><strong>Ces plantes qui ont marqu\u00e9 l&#8217;Histoire<br \/>\n<\/strong><\/p>\n<p class=\"bold\">H\u00e9l\u00e8ne Tierchant, \u00e9d. Ulmer<\/p>\n<\/td>\n<\/tr>\n<tr>\n<td class=\"alignCenter\">Special prize of the jury<\/p>\n<p><strong>50 ans d&#8217;observation dans les jardins botaniques du monde<\/strong><\/p>\n<p>Francis Hall\u00e9, \u00e9d. Mus\u00e9o<\/td>\n<td class=\"alignCenter\">Special prize of the jury<\/p>\n<p class=\"bold\"><strong>50 ans d&#8217;exploration et d&#8217;\u00e9tudes botaniques en for\u00eat trapicale<br \/>\n<\/strong><\/p>\n<p><span class=\"fontSize11px\">Francis Hall\u00e9, \u00e9d. Mus\u00e9o<br \/>\n<\/span><\/td>\n<\/tr>\n<tr>\n<td class=\"alignCenter\" colspan=\"2\"><\/td>\n<\/tr>\n<\/tbody>\n<\/table>\n[\/vc_column_text][\/vc_column][vc_column width=&#8221;1\/3&#8243; css=&#8221;.vc_custom_1489054828018{margin-bottom: 0px !important;padding-right: 0px !important;padding-left: 0px !important;}&#8221;][mk_fancy_title size=&#8221;24&#8243; font_family=&#8221;none&#8221;]Prize list 2017[\/mk_fancy_title][mk_gallery images=&#8221;1115,1114,1111,1110,1109,1108&#8243; column=&#8221;2&#8243; image_size=&#8221;full&#8221; hover_scenarios=&#8221;slow_zoom&#8221; item_spacing=&#8221;1&#8243; orderby=&#8221;post__in&#8221;][\/vc_column][\/mk_page_section]\n<\/div>","protected":false},"excerpt":{"rendered":"<p>[vc_row fullwidth=&#8221;true&#8221;][vc_column][mk_image src=&#8221;https:\/\/www.lelude.com\/wp-content\/uploads\/2017\/06\/fleur-redout-17-bandeau.jpg&#8221; image_size=&#8221;full&#8221; align=&#8221;center&#8221;][\/vc_column][\/vc_row][mk_page_section padding_top=&#8221;0&#8243; padding_bottom=&#8221;0&#8243; top_shape_color=&#8221;#ffffff&#8221; bottom_shape_style=&#8221;speech-bottom&#8221; bottom_shape_color=&#8221;#ffffff&#8221; sidebar=&#8221;sidebar-1&#8243;][vc_column width=&#8221;2\/3&#8243;][mk_fancy_title size=&#8221;28&#8243; font_family=&#8221;none&#8221;]The edition 2017[\/mk_fancy_title][mk_divider style=&#8221;thin_solid&#8221; divider_width=&#8221;one_fourth&#8221; align=&#8221;left&#8221; thickness=&#8221;2&#8243; margin_top=&#8221;0&#8243;][vc_column_text css=&#8221;.vc_custom_1556723349364{margin-bottom: 0px !important;}&#8221;]On Saturday 3rd in June 2017 at the Ch\u00e2teau du Lude, the 18th Prix Pierre-Joseph Redout\u00e9 was awarded by the Association des Jardins du Maine to &#8220;Jardins d&#8217;hiver, une saison r\u00e9invent\u00e9e&#8221; by [&hellip;]<\/p>\n","protected":false},"author":7,"featured_media":0,"parent":0,"menu_order":0,"comment_status":"closed","ping_status":"closed","template":"","meta":{"footnotes":""},"yoast_head":"<!-- This site is optimized with the Yoast SEO plugin v20.13 - https:\/\/yoast.com\/wordpress\/plugins\/seo\/ -->\n<title>Prix P.J. Redout\u00e9 - Prize list 2017 - Ch\u00e2teau du Lude<\/title>\n<meta name=\"robots\" content=\"index, follow, max-snippet:-1, max-image-preview:large, max-video-preview:-1\" \/>\n<link rel=\"canonical\" href=\"https:\/\/www.lelude.com\/prix-p-j-redoute-palmares-2017\/\" \/>\n<meta property=\"og:locale\" content=\"en_US\" \/>\n<meta property=\"og:type\" content=\"article\" \/>\n<meta property=\"og:title\" content=\"Prix P.J. Redout\u00e9 - Prize list 2017 - Ch\u00e2teau du Lude\" \/>\n<meta property=\"og:description\" content=\"[vc_row fullwidth=&#8221;true&#8221;][vc_column][mk_image src=&#8221;https:\/\/www.lelude.com\/wp-content\/uploads\/2017\/06\/fleur-redout-17-bandeau.jpg&#8221; image_size=&#8221;full&#8221; align=&#8221;center&#8221;][\/vc_column][\/vc_row][mk_page_section padding_top=&#8221;0&#8243; padding_bottom=&#8221;0&#8243; top_shape_color=&#8221;#ffffff&#8221; bottom_shape_style=&#8221;speech-bottom&#8221; bottom_shape_color=&#8221;#ffffff&#8221; sidebar=&#8221;sidebar-1&#8243;][vc_column width=&#8221;2\/3&#8243;][mk_fancy_title size=&#8221;28&#8243; font_family=&#8221;none&#8221;]The edition 2017[\/mk_fancy_title][mk_divider style=&#8221;thin_solid&#8221; divider_width=&#8221;one_fourth&#8221; align=&#8221;left&#8221; thickness=&#8221;2&#8243; margin_top=&#8221;0&#8243;][vc_column_text css=&#8221;.vc_custom_1556723349364{margin-bottom: 0px !important;}&#8221;]On Saturday 3rd in June 2017 at the Ch\u00e2teau du Lude, the 18th Prix Pierre-Joseph Redout\u00e9 was awarded by the Association des Jardins du Maine to &#8220;Jardins d&#8217;hiver, une saison r\u00e9invent\u00e9e&#8221; by [&hellip;]\" \/>\n<meta property=\"og:url\" content=\"https:\/\/www.lelude.com\/prix-p-j-redoute-palmares-2017\/\" \/>\n<meta property=\"og:site_name\" content=\"Ch\u00e2teau du Lude\" \/>\n<meta property=\"og:image\" content=\"https:\/\/www.lelude.com\/wp-content\/uploads\/2017\/06\/photo-7-300x300.jpg\" \/>\n<meta name=\"twitter:card\" content=\"summary_large_image\" \/>\n<meta name=\"twitter:label1\" content=\"Est. reading time\" \/>\n\t<meta name=\"twitter:data1\" content=\"1 minute\" \/>\n<script type=\"application\/ld+json\" class=\"yoast-schema-graph\">{\"@context\":\"https:\/\/schema.org\",\"@graph\":[{\"@type\":\"WebPage\",\"@id\":\"https:\/\/www.lelude.com\/prix-p-j-redoute-palmares-2017\/\",\"url\":\"https:\/\/www.lelude.com\/prix-p-j-redoute-palmares-2017\/\",\"name\":\"Prix P.J. Redout\u00e9 - Prize list 2017 - Ch\u00e2teau du Lude\",\"isPartOf\":{\"@id\":\"https:\/\/www.lelude.com\/#website\"},\"datePublished\":\"2019-05-01T15:13:36+00:00\",\"dateModified\":\"2019-05-01T15:13:36+00:00\",\"breadcrumb\":{\"@id\":\"https:\/\/www.lelude.com\/prix-p-j-redoute-palmares-2017\/#breadcrumb\"},\"inLanguage\":\"en-US\",\"potentialAction\":[{\"@type\":\"ReadAction\",\"target\":[\"https:\/\/www.lelude.com\/prix-p-j-redoute-palmares-2017\/\"]}]},{\"@type\":\"BreadcrumbList\",\"@id\":\"https:\/\/www.lelude.com\/prix-p-j-redoute-palmares-2017\/#breadcrumb\",\"itemListElement\":[{\"@type\":\"ListItem\",\"position\":1,\"name\":\"Accueil\",\"item\":\"https:\/\/www.lelude.com\/en\/\"},{\"@type\":\"ListItem\",\"position\":2,\"name\":\"Prix P.J. Redout\u00e9 &#8211; Prize list 2017\"}]},{\"@type\":\"WebSite\",\"@id\":\"https:\/\/www.lelude.com\/#website\",\"url\":\"https:\/\/www.lelude.com\/\",\"name\":\"Ch\u00e2teau du Lude\",\"description\":\"Le premier des ch\u00e2teaux de la Loire au nord de la vall\u00e9e\",\"publisher\":{\"@id\":\"https:\/\/www.lelude.com\/#organization\"},\"potentialAction\":[{\"@type\":\"SearchAction\",\"target\":{\"@type\":\"EntryPoint\",\"urlTemplate\":\"https:\/\/www.lelude.com\/?s={search_term_string}\"},\"query-input\":\"required name=search_term_string\"}],\"inLanguage\":\"en-US\"},{\"@type\":\"Organization\",\"@id\":\"https:\/\/www.lelude.com\/#organization\",\"name\":\"Ch\u00e2teau du Lude\",\"url\":\"https:\/\/www.lelude.com\/\",\"logo\":{\"@type\":\"ImageObject\",\"inLanguage\":\"en-US\",\"@id\":\"https:\/\/www.lelude.com\/#\/schema\/logo\/image\/\",\"url\":\"https:\/\/www.lelude.com\/wp-content\/uploads\/2017\/03\/logolelude.png\",\"contentUrl\":\"https:\/\/www.lelude.com\/wp-content\/uploads\/2017\/03\/logolelude.png\",\"width\":167,\"height\":100,\"caption\":\"Ch\u00e2teau du Lude\"},\"image\":{\"@id\":\"https:\/\/www.lelude.com\/#\/schema\/logo\/image\/\"}}]}<\/script>\n<!-- \/ Yoast SEO plugin. -->","yoast_head_json":{"title":"Prix P.J. Redout\u00e9 - Prize list 2017 - Ch\u00e2teau du Lude","robots":{"index":"index","follow":"follow","max-snippet":"max-snippet:-1","max-image-preview":"max-image-preview:large","max-video-preview":"max-video-preview:-1"},"canonical":"https:\/\/www.lelude.com\/prix-p-j-redoute-palmares-2017\/","og_locale":"en_US","og_type":"article","og_title":"Prix P.J. Redout\u00e9 - Prize list 2017 - Ch\u00e2teau du Lude","og_description":"[vc_row fullwidth=&#8221;true&#8221;][vc_column][mk_image src=&#8221;https:\/\/www.lelude.com\/wp-content\/uploads\/2017\/06\/fleur-redout-17-bandeau.jpg&#8221; image_size=&#8221;full&#8221; align=&#8221;center&#8221;][\/vc_column][\/vc_row][mk_page_section padding_top=&#8221;0&#8243; padding_bottom=&#8221;0&#8243; top_shape_color=&#8221;#ffffff&#8221; bottom_shape_style=&#8221;speech-bottom&#8221; bottom_shape_color=&#8221;#ffffff&#8221; sidebar=&#8221;sidebar-1&#8243;][vc_column width=&#8221;2\/3&#8243;][mk_fancy_title size=&#8221;28&#8243; font_family=&#8221;none&#8221;]The edition 2017[\/mk_fancy_title][mk_divider style=&#8221;thin_solid&#8221; divider_width=&#8221;one_fourth&#8221; align=&#8221;left&#8221; thickness=&#8221;2&#8243; margin_top=&#8221;0&#8243;][vc_column_text css=&#8221;.vc_custom_1556723349364{margin-bottom: 0px !important;}&#8221;]On Saturday 3rd in June 2017 at the Ch\u00e2teau du Lude, the 18th Prix Pierre-Joseph Redout\u00e9 was awarded by the Association des Jardins du Maine to &#8220;Jardins d&#8217;hiver, une saison r\u00e9invent\u00e9e&#8221; by [&hellip;]","og_url":"https:\/\/www.lelude.com\/prix-p-j-redoute-palmares-2017\/","og_site_name":"Ch\u00e2teau du Lude","og_image":[{"url":"https:\/\/www.lelude.com\/wp-content\/uploads\/2017\/06\/photo-7-300x300.jpg"}],"twitter_card":"summary_large_image","twitter_misc":{"Est. reading time":"1 minute"},"schema":{"@context":"https:\/\/schema.org","@graph":[{"@type":"WebPage","@id":"https:\/\/www.lelude.com\/prix-p-j-redoute-palmares-2017\/","url":"https:\/\/www.lelude.com\/prix-p-j-redoute-palmares-2017\/","name":"Prix P.J. Redout\u00e9 - Prize list 2017 - Ch\u00e2teau du Lude","isPartOf":{"@id":"https:\/\/www.lelude.com\/#website"},"datePublished":"2019-05-01T15:13:36+00:00","dateModified":"2019-05-01T15:13:36+00:00","breadcrumb":{"@id":"https:\/\/www.lelude.com\/prix-p-j-redoute-palmares-2017\/#breadcrumb"},"inLanguage":"en-US","potentialAction":[{"@type":"ReadAction","target":["https:\/\/www.lelude.com\/prix-p-j-redoute-palmares-2017\/"]}]},{"@type":"BreadcrumbList","@id":"https:\/\/www.lelude.com\/prix-p-j-redoute-palmares-2017\/#breadcrumb","itemListElement":[{"@type":"ListItem","position":1,"name":"Accueil","item":"https:\/\/www.lelude.com\/en\/"},{"@type":"ListItem","position":2,"name":"Prix P.J. Redout\u00e9 &#8211; Prize list 2017"}]},{"@type":"WebSite","@id":"https:\/\/www.lelude.com\/#website","url":"https:\/\/www.lelude.com\/","name":"Ch\u00e2teau du Lude","description":"Le premier des ch\u00e2teaux de la Loire au nord de la vall\u00e9e","publisher":{"@id":"https:\/\/www.lelude.com\/#organization"},"potentialAction":[{"@type":"SearchAction","target":{"@type":"EntryPoint","urlTemplate":"https:\/\/www.lelude.com\/?s={search_term_string}"},"query-input":"required name=search_term_string"}],"inLanguage":"en-US"},{"@type":"Organization","@id":"https:\/\/www.lelude.com\/#organization","name":"Ch\u00e2teau du Lude","url":"https:\/\/www.lelude.com\/","logo":{"@type":"ImageObject","inLanguage":"en-US","@id":"https:\/\/www.lelude.com\/#\/schema\/logo\/image\/","url":"https:\/\/www.lelude.com\/wp-content\/uploads\/2017\/03\/logolelude.png","contentUrl":"https:\/\/www.lelude.com\/wp-content\/uploads\/2017\/03\/logolelude.png","width":167,"height":100,"caption":"Ch\u00e2teau du Lude"},"image":{"@id":"https:\/\/www.lelude.com\/#\/schema\/logo\/image\/"}}]}},"_links":{"self":[{"href":"https:\/\/www.lelude.com\/en\/wp-json\/wp\/v2\/pages\/2621"}],"collection":[{"href":"https:\/\/www.lelude.com\/en\/wp-json\/wp\/v2\/pages"}],"about":[{"href":"https:\/\/www.lelude.com\/en\/wp-json\/wp\/v2\/types\/page"}],"author":[{"embeddable":true,"href":"https:\/\/www.lelude.com\/en\/wp-json\/wp\/v2\/users\/7"}],"replies":[{"embeddable":true,"href":"https:\/\/www.lelude.com\/en\/wp-json\/wp\/v2\/comments?post=2621"}],"version-history":[{"count":3,"href":"https:\/\/www.lelude.com\/en\/wp-json\/wp\/v2\/pages\/2621\/revisions"}],"predecessor-version":[{"id":2624,"href":"https:\/\/www.lelude.com\/en\/wp-json\/wp\/v2\/pages\/2621\/revisions\/2624"}],"wp:attachment":[{"href":"https:\/\/www.lelude.com\/en\/wp-json\/wp\/v2\/media?parent=2621"}],"curies":[{"name":"wp","href":"https:\/\/api.w.org\/{rel}","templated":true}]}}