{"id":6254,"date":"2021-06-28T17:13:41","date_gmt":"2021-06-28T15:13:41","guid":{"rendered":"https:\/\/www.lelude.com\/?page_id=6254"},"modified":"2026-03-26T14:45:55","modified_gmt":"2026-03-26T13:45:55","slug":"our-partners-offers","status":"publish","type":"page","link":"https:\/\/www.lelude.com\/en\/our-partners-offers\/","title":{"rendered":"Our partner&#8217;s offers"},"content":{"rendered":"<div class=\"wpb-content-wrapper\">[vc_row][vc_column][mk_page_title_box page_title=&#8221;Our partnerships&#8221; bg_image=&#8221;https:\/\/www.lelude.com\/wp-content\/uploads\/2021\/06\/chateau-du-lude-vue-sur-la-cour-dhonneurp.-holley.jpeg&#8221; bg_position=&#8221;center center&#8221; bg_stretch=&#8221;true&#8221; font_size=&#8221;48&#8243; title_letter_spacing=&#8221;1&#8243; font_color=&#8221;#ffffff&#8221; font_weight=&#8221;bold&#8221;][\/vc_column][\/vc_row][vc_row][vc_column][mk_custom_box][mk_fancy_title size=&#8221;32&#8243; line_height=&#8221;110&#8243; font_weight=&#8221;bold&#8221; letter_spacing=&#8221;-1&#8243; margin_top=&#8221;20&#8243; margin_bottom=&#8221;16&#8243; font_family=&#8221;none&#8221; el_class=&#8221;sousligne&#8221;]<strong>With our partnerships, enjoy various benefits<\/strong>[\/mk_fancy_title][vc_column_text css=&#8221;.vc_custom_1774532739089{margin-bottom: 0px !important;}&#8221;]\n<h3>Offer &#8220;Private houses of Anjou&#8221;<\/h3>\n<p>Visit one of those 5 castles at full price. Keep your ticket and show it in the next castle to have a discount.<\/p>\n<ul>\n<li>Le Ch\u00e2teau du Lude<\/li>\n<li>Le Ch\u00e2teau de <a href=\"https:\/\/chateau-brissac.fr\/\">Brissac<\/a>, in Brissac-Quinc\u00e9 (60 min from LeLude)<\/li>\n<li>Le Ch\u00e2teau de <a href=\"https:\/\/www.chateaudemontgeoffroy.com\/\">Montgeoffroy<\/a>, in Maz\u00e9 (45 min from Le Lude)<\/li>\n<li>Le Ch\u00e2teau du <a href=\"http:\/\/www.plessis-bourre.com\/\">Plessis-Bourr\u00e9,<\/a> in Ecuill\u00e9 (1h05 min from Le Lude)<\/li>\n<li>Le Ch\u00e2teau de <a href=\"https:\/\/www.chateau-serrant.net\/\">Serrant<\/a>, in Saint-Georges-sur-Loire (1h10 from Le Lude)<\/li>\n<\/ul>\n<p>&nbsp;<\/p>\n<h3>Offer &#8220;Campsite&#8221;<\/h3>\n<p>Show a proof of accomodation in the campsite <a href=\"https:\/\/www.camping-lelude.com\/contact\">Au Bord du Loir<\/a> at Le Lude, and enjoy a discount for the adults.[\/vc_column_text][\/mk_custom_box][\/vc_column][\/vc_row][vc_row][vc_column][mk_fancy_title font_family=&#8221;none&#8221;]Partner houses[\/mk_fancy_title][mk_gallery images=&#8221;5454,5307,5305,5303&#8243; column=&#8221;4&#8243; image_size=&#8221;large&#8221; hover_scenarios=&#8221;slow_zoom&#8221; item_spacing=&#8221;10&#8243; margin_bottom=&#8221;0&#8243; frame_style=&#8221;grid&#8221;][\/vc_column][\/vc_row]\n<\/div>","protected":false},"excerpt":{"rendered":"<p>[vc_row][vc_column][mk_page_title_box page_title=&#8221;Our partnerships&#8221; bg_image=&#8221;https:\/\/www.lelude.com\/wp-content\/uploads\/2021\/06\/chateau-du-lude-vue-sur-la-cour-dhonneurp.-holley.jpeg&#8221; bg_position=&#8221;center center&#8221; bg_stretch=&#8221;true&#8221; font_size=&#8221;48&#8243; title_letter_spacing=&#8221;1&#8243; font_color=&#8221;#ffffff&#8221; font_weight=&#8221;bold&#8221;][\/vc_column][\/vc_row][vc_row][vc_column][mk_custom_box][mk_fancy_title size=&#8221;32&#8243; line_height=&#8221;110&#8243; font_weight=&#8221;bold&#8221; letter_spacing=&#8221;-1&#8243; margin_top=&#8221;20&#8243; margin_bottom=&#8221;16&#8243; font_family=&#8221;none&#8221; el_class=&#8221;sousligne&#8221;]With our partnerships, enjoy various benefits[\/mk_fancy_title][vc_column_text css=&#8221;.vc_custom_1774532739089{margin-bottom: 0px !important;}&#8221;] Offer &#8220;Private houses of Anjou&#8221; Visit one of those 5 castles at full price. Keep your ticket and show it in the next castle to have a discount. [&hellip;]<\/p>\n","protected":false},"author":7,"featured_media":0,"parent":0,"menu_order":0,"comment_status":"closed","ping_status":"closed","template":"","meta":{"footnotes":""},"yoast_head":"<!-- This site is optimized with the Yoast SEO plugin v20.13 - https:\/\/yoast.com\/wordpress\/plugins\/seo\/ -->\n<title>Our partner&#039;s offers - Ch\u00e2teau du Lude<\/title>\n<meta name=\"robots\" content=\"index, follow, max-snippet:-1, max-image-preview:large, max-video-preview:-1\" \/>\n<link rel=\"canonical\" href=\"https:\/\/www.lelude.com\/en\/our-partners-offers\/\" \/>\n<meta property=\"og:locale\" content=\"en_US\" \/>\n<meta property=\"og:type\" content=\"article\" \/>\n<meta property=\"og:title\" content=\"Our partner&#039;s offers - Ch\u00e2teau du Lude\" \/>\n<meta property=\"og:description\" content=\"[vc_row][vc_column][mk_page_title_box page_title=&#8221;Our partnerships&#8221; bg_image=&#8221;https:\/\/www.lelude.com\/wp-content\/uploads\/2021\/06\/chateau-du-lude-vue-sur-la-cour-dhonneurp.-holley.jpeg&#8221; bg_position=&#8221;center center&#8221; bg_stretch=&#8221;true&#8221; font_size=&#8221;48&#8243; title_letter_spacing=&#8221;1&#8243; font_color=&#8221;#ffffff&#8221; font_weight=&#8221;bold&#8221;][\/vc_column][\/vc_row][vc_row][vc_column][mk_custom_box][mk_fancy_title size=&#8221;32&#8243; line_height=&#8221;110&#8243; font_weight=&#8221;bold&#8221; letter_spacing=&#8221;-1&#8243; margin_top=&#8221;20&#8243; margin_bottom=&#8221;16&#8243; font_family=&#8221;none&#8221; el_class=&#8221;sousligne&#8221;]With our partnerships, enjoy various benefits[\/mk_fancy_title][vc_column_text css=&#8221;.vc_custom_1774532739089{margin-bottom: 0px !important;}&#8221;] Offer &#8220;Private houses of Anjou&#8221; Visit one of those 5 castles at full price. Keep your ticket and show it in the next castle to have a discount. [&hellip;]\" \/>\n<meta property=\"og:url\" content=\"https:\/\/www.lelude.com\/en\/our-partners-offers\/\" \/>\n<meta property=\"og:site_name\" content=\"Ch\u00e2teau du Lude\" \/>\n<meta property=\"article:modified_time\" content=\"2026-03-26T13:45:55+00:00\" \/>\n<meta name=\"twitter:card\" content=\"summary_large_image\" \/>\n<meta name=\"twitter:label1\" content=\"Est. reading time\" \/>\n\t<meta name=\"twitter:data1\" content=\"1 minute\" \/>\n<script type=\"application\/ld+json\" class=\"yoast-schema-graph\">{\"@context\":\"https:\/\/schema.org\",\"@graph\":[{\"@type\":\"WebPage\",\"@id\":\"https:\/\/www.lelude.com\/en\/our-partners-offers\/\",\"url\":\"https:\/\/www.lelude.com\/en\/our-partners-offers\/\",\"name\":\"Our partner's offers - Ch\u00e2teau du Lude\",\"isPartOf\":{\"@id\":\"https:\/\/www.lelude.com\/#website\"},\"datePublished\":\"2021-06-28T15:13:41+00:00\",\"dateModified\":\"2026-03-26T13:45:55+00:00\",\"breadcrumb\":{\"@id\":\"https:\/\/www.lelude.com\/en\/our-partners-offers\/#breadcrumb\"},\"inLanguage\":\"en-US\",\"potentialAction\":[{\"@type\":\"ReadAction\",\"target\":[\"https:\/\/www.lelude.com\/en\/our-partners-offers\/\"]}]},{\"@type\":\"BreadcrumbList\",\"@id\":\"https:\/\/www.lelude.com\/en\/our-partners-offers\/#breadcrumb\",\"itemListElement\":[{\"@type\":\"ListItem\",\"position\":1,\"name\":\"Accueil\",\"item\":\"https:\/\/www.lelude.com\/en\/\"},{\"@type\":\"ListItem\",\"position\":2,\"name\":\"Our partner&#8217;s offers\"}]},{\"@type\":\"WebSite\",\"@id\":\"https:\/\/www.lelude.com\/#website\",\"url\":\"https:\/\/www.lelude.com\/\",\"name\":\"Ch\u00e2teau du Lude\",\"description\":\"Le premier des ch\u00e2teaux de la Loire au nord de la vall\u00e9e\",\"publisher\":{\"@id\":\"https:\/\/www.lelude.com\/#organization\"},\"potentialAction\":[{\"@type\":\"SearchAction\",\"target\":{\"@type\":\"EntryPoint\",\"urlTemplate\":\"https:\/\/www.lelude.com\/?s={search_term_string}\"},\"query-input\":\"required name=search_term_string\"}],\"inLanguage\":\"en-US\"},{\"@type\":\"Organization\",\"@id\":\"https:\/\/www.lelude.com\/#organization\",\"name\":\"Ch\u00e2teau du Lude\",\"url\":\"https:\/\/www.lelude.com\/\",\"logo\":{\"@type\":\"ImageObject\",\"inLanguage\":\"en-US\",\"@id\":\"https:\/\/www.lelude.com\/#\/schema\/logo\/image\/\",\"url\":\"https:\/\/www.lelude.com\/wp-content\/uploads\/2017\/03\/logolelude.png\",\"contentUrl\":\"https:\/\/www.lelude.com\/wp-content\/uploads\/2017\/03\/logolelude.png\",\"width\":167,\"height\":100,\"caption\":\"Ch\u00e2teau du Lude\"},\"image\":{\"@id\":\"https:\/\/www.lelude.com\/#\/schema\/logo\/image\/\"}}]}<\/script>\n<!-- \/ Yoast SEO plugin. -->","yoast_head_json":{"title":"Our partner's offers - Ch\u00e2teau du Lude","robots":{"index":"index","follow":"follow","max-snippet":"max-snippet:-1","max-image-preview":"max-image-preview:large","max-video-preview":"max-video-preview:-1"},"canonical":"https:\/\/www.lelude.com\/en\/our-partners-offers\/","og_locale":"en_US","og_type":"article","og_title":"Our partner's offers - Ch\u00e2teau du Lude","og_description":"[vc_row][vc_column][mk_page_title_box page_title=&#8221;Our partnerships&#8221; bg_image=&#8221;https:\/\/www.lelude.com\/wp-content\/uploads\/2021\/06\/chateau-du-lude-vue-sur-la-cour-dhonneurp.-holley.jpeg&#8221; bg_position=&#8221;center center&#8221; bg_stretch=&#8221;true&#8221; font_size=&#8221;48&#8243; title_letter_spacing=&#8221;1&#8243; font_color=&#8221;#ffffff&#8221; font_weight=&#8221;bold&#8221;][\/vc_column][\/vc_row][vc_row][vc_column][mk_custom_box][mk_fancy_title size=&#8221;32&#8243; line_height=&#8221;110&#8243; font_weight=&#8221;bold&#8221; letter_spacing=&#8221;-1&#8243; margin_top=&#8221;20&#8243; margin_bottom=&#8221;16&#8243; font_family=&#8221;none&#8221; el_class=&#8221;sousligne&#8221;]With our partnerships, enjoy various benefits[\/mk_fancy_title][vc_column_text css=&#8221;.vc_custom_1774532739089{margin-bottom: 0px !important;}&#8221;] Offer &#8220;Private houses of Anjou&#8221; Visit one of those 5 castles at full price. Keep your ticket and show it in the next castle to have a discount. [&hellip;]","og_url":"https:\/\/www.lelude.com\/en\/our-partners-offers\/","og_site_name":"Ch\u00e2teau du Lude","article_modified_time":"2026-03-26T13:45:55+00:00","twitter_card":"summary_large_image","twitter_misc":{"Est. reading time":"1 minute"},"schema":{"@context":"https:\/\/schema.org","@graph":[{"@type":"WebPage","@id":"https:\/\/www.lelude.com\/en\/our-partners-offers\/","url":"https:\/\/www.lelude.com\/en\/our-partners-offers\/","name":"Our partner's offers - Ch\u00e2teau du Lude","isPartOf":{"@id":"https:\/\/www.lelude.com\/#website"},"datePublished":"2021-06-28T15:13:41+00:00","dateModified":"2026-03-26T13:45:55+00:00","breadcrumb":{"@id":"https:\/\/www.lelude.com\/en\/our-partners-offers\/#breadcrumb"},"inLanguage":"en-US","potentialAction":[{"@type":"ReadAction","target":["https:\/\/www.lelude.com\/en\/our-partners-offers\/"]}]},{"@type":"BreadcrumbList","@id":"https:\/\/www.lelude.com\/en\/our-partners-offers\/#breadcrumb","itemListElement":[{"@type":"ListItem","position":1,"name":"Accueil","item":"https:\/\/www.lelude.com\/en\/"},{"@type":"ListItem","position":2,"name":"Our partner&#8217;s offers"}]},{"@type":"WebSite","@id":"https:\/\/www.lelude.com\/#website","url":"https:\/\/www.lelude.com\/","name":"Ch\u00e2teau du Lude","description":"Le premier des ch\u00e2teaux de la Loire au nord de la vall\u00e9e","publisher":{"@id":"https:\/\/www.lelude.com\/#organization"},"potentialAction":[{"@type":"SearchAction","target":{"@type":"EntryPoint","urlTemplate":"https:\/\/www.lelude.com\/?s={search_term_string}"},"query-input":"required name=search_term_string"}],"inLanguage":"en-US"},{"@type":"Organization","@id":"https:\/\/www.lelude.com\/#organization","name":"Ch\u00e2teau du Lude","url":"https:\/\/www.lelude.com\/","logo":{"@type":"ImageObject","inLanguage":"en-US","@id":"https:\/\/www.lelude.com\/#\/schema\/logo\/image\/","url":"https:\/\/www.lelude.com\/wp-content\/uploads\/2017\/03\/logolelude.png","contentUrl":"https:\/\/www.lelude.com\/wp-content\/uploads\/2017\/03\/logolelude.png","width":167,"height":100,"caption":"Ch\u00e2teau du Lude"},"image":{"@id":"https:\/\/www.lelude.com\/#\/schema\/logo\/image\/"}}]}},"_links":{"self":[{"href":"https:\/\/www.lelude.com\/en\/wp-json\/wp\/v2\/pages\/6254"}],"collection":[{"href":"https:\/\/www.lelude.com\/en\/wp-json\/wp\/v2\/pages"}],"about":[{"href":"https:\/\/www.lelude.com\/en\/wp-json\/wp\/v2\/types\/page"}],"author":[{"embeddable":true,"href":"https:\/\/www.lelude.com\/en\/wp-json\/wp\/v2\/users\/7"}],"replies":[{"embeddable":true,"href":"https:\/\/www.lelude.com\/en\/wp-json\/wp\/v2\/comments?post=6254"}],"version-history":[{"count":6,"href":"https:\/\/www.lelude.com\/en\/wp-json\/wp\/v2\/pages\/6254\/revisions"}],"predecessor-version":[{"id":13477,"href":"https:\/\/www.lelude.com\/en\/wp-json\/wp\/v2\/pages\/6254\/revisions\/13477"}],"wp:attachment":[{"href":"https:\/\/www.lelude.com\/en\/wp-json\/wp\/v2\/media?parent=6254"}],"curies":[{"name":"wp","href":"https:\/\/api.w.org\/{rel}","templated":true}]}}