{"id":836,"date":"2017-03-22T17:40:42","date_gmt":"2017-03-22T16:40:42","guid":{"rendered":"https:\/\/www.lelude.com\/prix-p-j-redoute-palmares-2016\/"},"modified":"2017-05-21T16:28:07","modified_gmt":"2017-05-21T14:28:07","slug":"prix-p-j-redoute-palmares-2016","status":"publish","type":"page","link":"https:\/\/www.lelude.com\/en\/prix-p-j-redoute-2\/prix-p-j-redoute-palmares-2016\/","title":{"rendered":"Prix P.J. Redout\u00e9 &#8211; Prize List 2016"},"content":{"rendered":"<div class=\"wpb-content-wrapper\">[vc_row fullwidth=&#8221;true&#8221;][vc_column][mk_image src=&#8221;https:\/\/www.lelude.com\/wp-content\/uploads\/2017\/03\/prixjpredoute-titre-page.jpg&#8221; image_size=&#8221;full&#8221;][\/vc_column][\/vc_row][mk_page_section padding_top=&#8221;56&#8243; padding_bottom=&#8221;0&#8243; top_shape_color=&#8221;#ffffff&#8221; bottom_shape_style=&#8221;speech-bottom&#8221; bottom_shape_color=&#8221;#ffffff&#8221; sidebar=&#8221;sidebar-1&#8243;][vc_column width=&#8221;2\/3&#8243;][mk_fancy_title size=&#8221;28&#8243; font_family=&#8221;none&#8221;]The 2016 edition[\/mk_fancy_title][mk_divider style=&#8221;thin_solid&#8221; divider_width=&#8221;one_fourth&#8221; align=&#8221;left&#8221; thin_single_color=&#8221;#d20041&#8243; thickness=&#8221;2&#8243; margin_top=&#8221;0&#8243;][vc_column_text]Saturday 4th of June, at the Ch\u00e2teau du Lude, alongside the Jury, authors and editors, the 17th Pierre-Joseph Redout\u00e9 Prize wasas awarded to:<\/p>\n<h3 class=\"clearBoth\" style=\"text-align: center;\">\u00a0\u00ab\u00a0Dingue de plantes\u00a0\u00bb<br \/>\nde Didier Willery<br \/>\nEditions Ulmer<\/h3>\n<p><img decoding=\"async\" loading=\"lazy\" class=\"aligncenter size-full wp-image-637\" src=\"https:\/\/www.lelude.com\/wp-content\/uploads\/2017\/03\/dingue-de-plantes.jpg\" alt=\"dingue-de-plantes\" width=\"250\" height=\"347\" srcset=\"https:\/\/www.lelude.com\/wp-content\/uploads\/2017\/03\/dingue-de-plantes.jpg 250w, https:\/\/www.lelude.com\/wp-content\/uploads\/2017\/03\/dingue-de-plantes-216x300.jpg 216w\" sizes=\"(max-width: 250px) 100vw, 250px\" \/><\/p>\n<p>In this extremely personal work, Didier Willery\u2019s most prominent objective was to put across his passion for gardening. he gives us, with great precision, the results of his often audacious experiments and the many tricks and tactics stemming from all the different methods he has tried and tested. In his garden of 2,500m\u00b2, where ordered plot alternates with another more impulsive creation, he has combined an incredible variety of plantes, some of which are little known but are begging to be discovered. For Didier, the Garden is a game which blends the functional and the enjoyable and it is his personal conception which, with a light and humorous tone, he conveys to the reader.<\/p>\n<p>\u201cDingue de Plantes\u201d is the product of a life entirely consecrated to a passion which unifies gardening and botany. The author is himself both a journalist, editorial director of the Ulmer Publishing House, and botanical supervisor at the gardens of Vast\u00e9rival.<\/p>\n<p>6 other prizes have also been awarded:<\/p>\n<table>\n<tbody>\n<tr>\n<td class=\"alignCenter\">Artistic Prize<\/p>\n<p class=\"bold\"><strong>Daniel Ost, l\u2019art floral &amp; la beaut\u00e9 de l\u2019\u00e9ph\u00e9m\u00e8re<\/strong><\/p>\n<p><span class=\"fontSize11px\">Paul Geerts, \u00e9d. Les Ar\u00e8nes<\/span><\/td>\n<td class=\"alignCenter\">Practical Gardening Prize<\/p>\n<p class=\"bold\"><strong>Plantez vos noyaux<\/strong><\/p>\n<p><span class=\"fontSize11px\">Holly Farrell, \u00e9d. Larousse<\/span><\/td>\n<\/tr>\n<tr>\n<td class=\"alignCenter\">Nature Prize<\/p>\n<p class=\"bold\"><strong>Le monde secret des champignons<\/strong><\/p>\n<p><span class=\"fontSize11px\">Jens H. Petersen, \u00e9d. Delachaux et Niestl\u00e9<\/span><\/td>\n<td class=\"alignCenter\">Historical Prize<\/p>\n<p class=\"bold\"><strong>L\u2019herbier Vilmorin<\/strong><\/p>\n<p><span class=\"fontSize11px\">Christine Laurent, \u00e9d. Belin<\/span><\/td>\n<\/tr>\n<tr>\n<td class=\"alignCenter\">Botanical Prize<\/p>\n<p class=\"bold\"><strong>L\u2019herbier globe-trotter<\/strong><\/p>\n<p><span class=\"fontSize11px\">Thomas et Agathe Haevermans, \u00e9d. Hachette<\/span><\/td>\n<td class=\"alignCenter\">Special Jury Prize<\/p>\n<p class=\"bold\"><strong>Abeilles Sauvages<\/strong><\/p>\n<p><span class=\"fontSize11px\">Philippe Boyer, \u00e9d. Ulmer<\/span><\/td>\n<\/tr>\n<tr>\n<td class=\"alignCenter\" colspan=\"2\">Public\u2019s Prize<\/td>\n<\/tr>\n<\/tbody>\n<\/table>\n<p>Always faithful to their post, the Jury is composed of both horticultural experts and garden lovers:<br \/>\n<strong>Martine G\u00e9rardin<\/strong>, gardening journalist, <strong>Diane de Bleder<\/strong>, Belgian gardener, <strong>Louis Benech<\/strong>, landscape architect, <strong>Jean-Louis Remilleux<\/strong>, film producer, <strong>Jacques Garcia<\/strong>, architect and decorator, designer of the gardens at Champ de Bataille Ch\u00e2teau, <strong>Marie-Anne Chazel<\/strong>, actress and author, <strong>Olivier Colin<\/strong>, plant collector and botanist, <strong>Maryvonne Pinault<\/strong>, garden lover, <strong>Jean-No\u00ebl Burte<\/strong>, horticultural engineer, former director of the Luxembourg Gardens, <strong>Marc Menessier<\/strong>, Journalist.<\/p>\n<p>&nbsp;<\/p>\n<p><strong>P.J Redout\u00e9 Literary Prize benefits from sponsoring from TRUFFAUT, M\u00e9dia-Participations, le Conseil d\u00e9partemental de la Sarthe, Bourg Joly Malicorne, le Conseil r\u00e9gional des Pays de la Loire, France Bleu Maine and YouScribe.com.<\/strong><\/p>\n<p>Next edition of the P.J Redout\u00e9 Award\u00a0: Saturday 3rd of June 2017<br \/>\nFor all information: <a href=\"https:\/\/www.lelude.com\/contact\/?lang=en\">mail<\/a> &#8211; +33 (0)2 43 94 60 09 &#8211; Facebook\u00a0: <a href=\"https:\/\/www.facebook.com\/prixpierrejosephredoute\">Prix Pierre-Joseph Redout\u00e9<\/a><\/p>\n[\/vc_column_text][\/vc_column][vc_column width=&#8221;1\/3&#8243;][mk_fancy_title size=&#8221;24&#8243; font_family=&#8221;none&#8221;]Selection 2016, the nominees[\/mk_fancy_title][mk_gallery images=&#8221;644,645,647,648,649,637,646&#8243; column=&#8221;2&#8243; image_size=&#8221;full&#8221; hover_scenarios=&#8221;slow_zoom&#8221; orderby=&#8221;post__in&#8221;][\/vc_column][\/mk_page_section]\n<\/div>","protected":false},"excerpt":{"rendered":"<p>[vc_row fullwidth=&#8221;true&#8221;][vc_column][mk_image src=&#8221;https:\/\/www.lelude.com\/wp-content\/uploads\/2017\/03\/prixjpredoute-titre-page.jpg&#8221; image_size=&#8221;full&#8221;][\/vc_column][\/vc_row][mk_page_section padding_top=&#8221;56&#8243; padding_bottom=&#8221;0&#8243; top_shape_color=&#8221;#ffffff&#8221; bottom_shape_style=&#8221;speech-bottom&#8221; bottom_shape_color=&#8221;#ffffff&#8221; sidebar=&#8221;sidebar-1&#8243;][vc_column width=&#8221;2\/3&#8243;][mk_fancy_title size=&#8221;28&#8243; font_family=&#8221;none&#8221;]The 2016 edition[\/mk_fancy_title][mk_divider style=&#8221;thin_solid&#8221; divider_width=&#8221;one_fourth&#8221; align=&#8221;left&#8221; thin_single_color=&#8221;#d20041&#8243; thickness=&#8221;2&#8243; margin_top=&#8221;0&#8243;][vc_column_text]Saturday 4th of June, at the Ch\u00e2teau du Lude, alongside the Jury, authors and editors, the 17th Pierre-Joseph Redout\u00e9 Prize wasas awarded to: \u00a0\u00ab\u00a0Dingue de plantes\u00a0\u00bb de Didier Willery Editions Ulmer In this extremely personal [&hellip;]<\/p>\n","protected":false},"author":6,"featured_media":0,"parent":874,"menu_order":7,"comment_status":"closed","ping_status":"closed","template":"","meta":{"footnotes":""},"yoast_head":"<!-- This site is optimized with the Yoast SEO plugin v20.13 - https:\/\/yoast.com\/wordpress\/plugins\/seo\/ -->\n<title>Prix P.J. Redout\u00e9 - Prize List 2016 - Ch\u00e2teau du Lude<\/title>\n<meta name=\"robots\" content=\"index, follow, max-snippet:-1, max-image-preview:large, max-video-preview:-1\" \/>\n<link rel=\"canonical\" href=\"https:\/\/www.lelude.com\/en\/prix-p-j-redoute-2\/prix-p-j-redoute-palmares-2016\/\" \/>\n<meta property=\"og:locale\" content=\"en_US\" \/>\n<meta property=\"og:type\" content=\"article\" \/>\n<meta property=\"og:title\" content=\"Prix P.J. Redout\u00e9 - Prize List 2016 - Ch\u00e2teau du Lude\" \/>\n<meta property=\"og:description\" content=\"[vc_row fullwidth=&#8221;true&#8221;][vc_column][mk_image src=&#8221;https:\/\/www.lelude.com\/wp-content\/uploads\/2017\/03\/prixjpredoute-titre-page.jpg&#8221; image_size=&#8221;full&#8221;][\/vc_column][\/vc_row][mk_page_section padding_top=&#8221;56&#8243; padding_bottom=&#8221;0&#8243; top_shape_color=&#8221;#ffffff&#8221; bottom_shape_style=&#8221;speech-bottom&#8221; bottom_shape_color=&#8221;#ffffff&#8221; sidebar=&#8221;sidebar-1&#8243;][vc_column width=&#8221;2\/3&#8243;][mk_fancy_title size=&#8221;28&#8243; font_family=&#8221;none&#8221;]The 2016 edition[\/mk_fancy_title][mk_divider style=&#8221;thin_solid&#8221; divider_width=&#8221;one_fourth&#8221; align=&#8221;left&#8221; thin_single_color=&#8221;#d20041&#8243; thickness=&#8221;2&#8243; margin_top=&#8221;0&#8243;][vc_column_text]Saturday 4th of June, at the Ch\u00e2teau du Lude, alongside the Jury, authors and editors, the 17th Pierre-Joseph Redout\u00e9 Prize wasas awarded to: \u00a0\u00ab\u00a0Dingue de plantes\u00a0\u00bb de Didier Willery Editions Ulmer In this extremely personal [&hellip;]\" \/>\n<meta property=\"og:url\" content=\"https:\/\/www.lelude.com\/en\/prix-p-j-redoute-2\/prix-p-j-redoute-palmares-2016\/\" \/>\n<meta property=\"og:site_name\" content=\"Ch\u00e2teau du Lude\" \/>\n<meta property=\"article:modified_time\" content=\"2017-05-21T14:28:07+00:00\" \/>\n<meta property=\"og:image\" content=\"https:\/\/www.lelude.com\/wp-content\/uploads\/2017\/03\/dingue-de-plantes.jpg\" \/>\n<meta name=\"twitter:card\" content=\"summary_large_image\" \/>\n<meta name=\"twitter:label1\" content=\"Est. reading time\" \/>\n\t<meta name=\"twitter:data1\" content=\"3 minutes\" \/>\n<script type=\"application\/ld+json\" class=\"yoast-schema-graph\">{\"@context\":\"https:\/\/schema.org\",\"@graph\":[{\"@type\":\"WebPage\",\"@id\":\"https:\/\/www.lelude.com\/en\/prix-p-j-redoute-2\/prix-p-j-redoute-palmares-2016\/\",\"url\":\"https:\/\/www.lelude.com\/en\/prix-p-j-redoute-2\/prix-p-j-redoute-palmares-2016\/\",\"name\":\"Prix P.J. Redout\u00e9 - Prize List 2016 - Ch\u00e2teau du Lude\",\"isPartOf\":{\"@id\":\"https:\/\/www.lelude.com\/#website\"},\"datePublished\":\"2017-03-22T16:40:42+00:00\",\"dateModified\":\"2017-05-21T14:28:07+00:00\",\"breadcrumb\":{\"@id\":\"https:\/\/www.lelude.com\/en\/prix-p-j-redoute-2\/prix-p-j-redoute-palmares-2016\/#breadcrumb\"},\"inLanguage\":\"en-US\",\"potentialAction\":[{\"@type\":\"ReadAction\",\"target\":[\"https:\/\/www.lelude.com\/en\/prix-p-j-redoute-2\/prix-p-j-redoute-palmares-2016\/\"]}]},{\"@type\":\"BreadcrumbList\",\"@id\":\"https:\/\/www.lelude.com\/en\/prix-p-j-redoute-2\/prix-p-j-redoute-palmares-2016\/#breadcrumb\",\"itemListElement\":[{\"@type\":\"ListItem\",\"position\":1,\"name\":\"Accueil\",\"item\":\"https:\/\/www.lelude.com\/en\/\"},{\"@type\":\"ListItem\",\"position\":2,\"name\":\"The Prix P.J. Redout\u00e9\",\"item\":\"https:\/\/www.lelude.com\/en\/prix-p-j-redoute-2\/\"},{\"@type\":\"ListItem\",\"position\":3,\"name\":\"Prix P.J. Redout\u00e9 &#8211; Prize List 2016\"}]},{\"@type\":\"WebSite\",\"@id\":\"https:\/\/www.lelude.com\/#website\",\"url\":\"https:\/\/www.lelude.com\/\",\"name\":\"Ch\u00e2teau du Lude\",\"description\":\"Le premier des ch\u00e2teaux de la Loire au nord de la vall\u00e9e\",\"publisher\":{\"@id\":\"https:\/\/www.lelude.com\/#organization\"},\"potentialAction\":[{\"@type\":\"SearchAction\",\"target\":{\"@type\":\"EntryPoint\",\"urlTemplate\":\"https:\/\/www.lelude.com\/?s={search_term_string}\"},\"query-input\":\"required name=search_term_string\"}],\"inLanguage\":\"en-US\"},{\"@type\":\"Organization\",\"@id\":\"https:\/\/www.lelude.com\/#organization\",\"name\":\"Ch\u00e2teau du Lude\",\"url\":\"https:\/\/www.lelude.com\/\",\"logo\":{\"@type\":\"ImageObject\",\"inLanguage\":\"en-US\",\"@id\":\"https:\/\/www.lelude.com\/#\/schema\/logo\/image\/\",\"url\":\"https:\/\/www.lelude.com\/wp-content\/uploads\/2017\/03\/logolelude.png\",\"contentUrl\":\"https:\/\/www.lelude.com\/wp-content\/uploads\/2017\/03\/logolelude.png\",\"width\":167,\"height\":100,\"caption\":\"Ch\u00e2teau du Lude\"},\"image\":{\"@id\":\"https:\/\/www.lelude.com\/#\/schema\/logo\/image\/\"}}]}<\/script>\n<!-- \/ Yoast SEO plugin. -->","yoast_head_json":{"title":"Prix P.J. Redout\u00e9 - Prize List 2016 - Ch\u00e2teau du Lude","robots":{"index":"index","follow":"follow","max-snippet":"max-snippet:-1","max-image-preview":"max-image-preview:large","max-video-preview":"max-video-preview:-1"},"canonical":"https:\/\/www.lelude.com\/en\/prix-p-j-redoute-2\/prix-p-j-redoute-palmares-2016\/","og_locale":"en_US","og_type":"article","og_title":"Prix P.J. Redout\u00e9 - Prize List 2016 - Ch\u00e2teau du Lude","og_description":"[vc_row fullwidth=&#8221;true&#8221;][vc_column][mk_image src=&#8221;https:\/\/www.lelude.com\/wp-content\/uploads\/2017\/03\/prixjpredoute-titre-page.jpg&#8221; image_size=&#8221;full&#8221;][\/vc_column][\/vc_row][mk_page_section padding_top=&#8221;56&#8243; padding_bottom=&#8221;0&#8243; top_shape_color=&#8221;#ffffff&#8221; bottom_shape_style=&#8221;speech-bottom&#8221; bottom_shape_color=&#8221;#ffffff&#8221; sidebar=&#8221;sidebar-1&#8243;][vc_column width=&#8221;2\/3&#8243;][mk_fancy_title size=&#8221;28&#8243; font_family=&#8221;none&#8221;]The 2016 edition[\/mk_fancy_title][mk_divider style=&#8221;thin_solid&#8221; divider_width=&#8221;one_fourth&#8221; align=&#8221;left&#8221; thin_single_color=&#8221;#d20041&#8243; thickness=&#8221;2&#8243; margin_top=&#8221;0&#8243;][vc_column_text]Saturday 4th of June, at the Ch\u00e2teau du Lude, alongside the Jury, authors and editors, the 17th Pierre-Joseph Redout\u00e9 Prize wasas awarded to: \u00a0\u00ab\u00a0Dingue de plantes\u00a0\u00bb de Didier Willery Editions Ulmer In this extremely personal [&hellip;]","og_url":"https:\/\/www.lelude.com\/en\/prix-p-j-redoute-2\/prix-p-j-redoute-palmares-2016\/","og_site_name":"Ch\u00e2teau du Lude","article_modified_time":"2017-05-21T14:28:07+00:00","og_image":[{"url":"https:\/\/www.lelude.com\/wp-content\/uploads\/2017\/03\/dingue-de-plantes.jpg"}],"twitter_card":"summary_large_image","twitter_misc":{"Est. reading time":"3 minutes"},"schema":{"@context":"https:\/\/schema.org","@graph":[{"@type":"WebPage","@id":"https:\/\/www.lelude.com\/en\/prix-p-j-redoute-2\/prix-p-j-redoute-palmares-2016\/","url":"https:\/\/www.lelude.com\/en\/prix-p-j-redoute-2\/prix-p-j-redoute-palmares-2016\/","name":"Prix P.J. Redout\u00e9 - Prize List 2016 - Ch\u00e2teau du Lude","isPartOf":{"@id":"https:\/\/www.lelude.com\/#website"},"datePublished":"2017-03-22T16:40:42+00:00","dateModified":"2017-05-21T14:28:07+00:00","breadcrumb":{"@id":"https:\/\/www.lelude.com\/en\/prix-p-j-redoute-2\/prix-p-j-redoute-palmares-2016\/#breadcrumb"},"inLanguage":"en-US","potentialAction":[{"@type":"ReadAction","target":["https:\/\/www.lelude.com\/en\/prix-p-j-redoute-2\/prix-p-j-redoute-palmares-2016\/"]}]},{"@type":"BreadcrumbList","@id":"https:\/\/www.lelude.com\/en\/prix-p-j-redoute-2\/prix-p-j-redoute-palmares-2016\/#breadcrumb","itemListElement":[{"@type":"ListItem","position":1,"name":"Accueil","item":"https:\/\/www.lelude.com\/en\/"},{"@type":"ListItem","position":2,"name":"The Prix P.J. Redout\u00e9","item":"https:\/\/www.lelude.com\/en\/prix-p-j-redoute-2\/"},{"@type":"ListItem","position":3,"name":"Prix P.J. Redout\u00e9 &#8211; Prize List 2016"}]},{"@type":"WebSite","@id":"https:\/\/www.lelude.com\/#website","url":"https:\/\/www.lelude.com\/","name":"Ch\u00e2teau du Lude","description":"Le premier des ch\u00e2teaux de la Loire au nord de la vall\u00e9e","publisher":{"@id":"https:\/\/www.lelude.com\/#organization"},"potentialAction":[{"@type":"SearchAction","target":{"@type":"EntryPoint","urlTemplate":"https:\/\/www.lelude.com\/?s={search_term_string}"},"query-input":"required name=search_term_string"}],"inLanguage":"en-US"},{"@type":"Organization","@id":"https:\/\/www.lelude.com\/#organization","name":"Ch\u00e2teau du Lude","url":"https:\/\/www.lelude.com\/","logo":{"@type":"ImageObject","inLanguage":"en-US","@id":"https:\/\/www.lelude.com\/#\/schema\/logo\/image\/","url":"https:\/\/www.lelude.com\/wp-content\/uploads\/2017\/03\/logolelude.png","contentUrl":"https:\/\/www.lelude.com\/wp-content\/uploads\/2017\/03\/logolelude.png","width":167,"height":100,"caption":"Ch\u00e2teau du Lude"},"image":{"@id":"https:\/\/www.lelude.com\/#\/schema\/logo\/image\/"}}]}},"_links":{"self":[{"href":"https:\/\/www.lelude.com\/en\/wp-json\/wp\/v2\/pages\/836"}],"collection":[{"href":"https:\/\/www.lelude.com\/en\/wp-json\/wp\/v2\/pages"}],"about":[{"href":"https:\/\/www.lelude.com\/en\/wp-json\/wp\/v2\/types\/page"}],"author":[{"embeddable":true,"href":"https:\/\/www.lelude.com\/en\/wp-json\/wp\/v2\/users\/6"}],"replies":[{"embeddable":true,"href":"https:\/\/www.lelude.com\/en\/wp-json\/wp\/v2\/comments?post=836"}],"version-history":[{"count":6,"href":"https:\/\/www.lelude.com\/en\/wp-json\/wp\/v2\/pages\/836\/revisions"}],"predecessor-version":[{"id":961,"href":"https:\/\/www.lelude.com\/en\/wp-json\/wp\/v2\/pages\/836\/revisions\/961"}],"up":[{"embeddable":true,"href":"https:\/\/www.lelude.com\/en\/wp-json\/wp\/v2\/pages\/874"}],"wp:attachment":[{"href":"https:\/\/www.lelude.com\/en\/wp-json\/wp\/v2\/media?parent=836"}],"curies":[{"name":"wp","href":"https:\/\/api.w.org\/{rel}","templated":true}]}}