{"id":8500,"date":"2022-09-16T07:48:10","date_gmt":"2022-09-16T05:48:10","guid":{"rendered":"https:\/\/www.lelude.com\/groupes\/"},"modified":"2026-03-26T15:11:07","modified_gmt":"2026-03-26T14:11:07","slug":"groupes","status":"publish","type":"page","link":"https:\/\/www.lelude.com\/en\/groupes\/","title":{"rendered":"Groups"},"content":{"rendered":"<div class=\"wpb-content-wrapper\">[vc_row fullwidth=&#8221;true&#8221;][vc_column][mk_page_title_box page_title=&#8221;Group visits&#8221; bg_image=&#8221;https:\/\/www.lelude.com\/wp-content\/uploads\/2017\/03\/decouvrir-header2.jpg&#8221; bg_position=&#8221;center top&#8221; bg_stretch=&#8221;true&#8221; overlay=&#8221;rgba(0,0,0,0.2)&#8221; font_size=&#8221;48&#8243; title_letter_spacing=&#8221;1&#8243; font_color=&#8221;#ffffff&#8221; font_weight=&#8221;bold&#8221;][\/vc_column][\/vc_row][vc_row css=&#8221;.vc_custom_1606837616685{margin-top: -80px !important;margin-bottom: 40px !important;}&#8221; el_class=&#8221;devant&#8221;][vc_column width=&#8221;1\/4&#8243;][mk_button dimension=&#8221;flat&#8221; corner_style=&#8221;rounded&#8221; size=&#8221;medium&#8221; url=&#8221;#standard&#8221; button_custom_width=&#8221;250&#8243; bg_color=&#8221;#005479&#8243; btn_hover_bg=&#8221;#ffffff&#8221; btn_hover_txt_color=&#8221;#005479&#8243;]Classic visits[\/mk_button][\/vc_column][vc_column width=&#8221;1\/4&#8243;][mk_button dimension=&#8221;flat&#8221; corner_style=&#8221;rounded&#8221; size=&#8221;medium&#8221; url=&#8221;#speciales&#8221; button_custom_width=&#8221;250&#8243; bg_color=&#8221;#005479&#8243; btn_hover_bg=&#8221;#ffffff&#8221; btn_hover_txt_color=&#8221;#005479&#8243;]special &#8220;car rally&#8221;[\/mk_button][\/vc_column][vc_column width=&#8221;1\/4&#8243;][mk_button dimension=&#8221;flat&#8221; corner_style=&#8221;rounded&#8221; size=&#8221;medium&#8221; url=&#8221;#privees&#8221; button_custom_width=&#8221;250&#8243; bg_color=&#8221;#005479&#8243; btn_hover_bg=&#8221;#ffffff&#8221; btn_hover_txt_color=&#8221;#005479&#8243;]Privat tours[\/mk_button][\/vc_column][\/vc_row][mk_page_section padding_top=&#8221;0&#8243; padding_bottom=&#8221;0&#8243; top_shape_color=&#8221;#ffffff&#8221; bottom_shape_style=&#8221;speech-bottom&#8221; bottom_shape_color=&#8221;#ffffff&#8221; sidebar=&#8221;sidebar-1&#8243;][vc_column width=&#8221;2\/3&#8243;][mk_custom_box margin_bottom=&#8221;0&#8243;][mk_fancy_title size=&#8221;32&#8243; line_height=&#8221;110&#8243; font_weight=&#8221;bold&#8221; letter_spacing=&#8221;-1&#8243; margin_top=&#8221;20&#8243; margin_bottom=&#8221;16&#8243; font_family=&#8221;none&#8221; el_class=&#8221;sousligne&#8221;]Visits of the Ch\u00e2teau du Lude adapted to the groups.[\/mk_fancy_title][vc_column_text css=&#8221;.vc_custom_1675433660061{margin-bottom: 0px !important;}&#8221;]At the Ch\u00e2teau du Lude, group bookings are possible all along the year.<br \/>\nMany options are possible, from the \u201cclassic visit\u201d to the most \u201cspecial private visit\u201d.<br \/>\nAll the tours are led by a guide from the castle or by the owners for the \u201cspecial private visit\u201d.[\/vc_column_text][\/mk_custom_box][mk_fancy_title color=&#8221;#1e73be&#8221; size=&#8221;32&#8243; font_weight=&#8221;bold&#8221; margin_bottom=&#8221;0&#8243; font_family=&#8221;none&#8221; el_class=&#8221;sousligne&#8221;]\n<div id=\"standard\">Classic tours<\/div>\n[\/mk_fancy_title][vc_column_text css=&#8221;.vc_custom_1675433782122{margin-bottom: 0px !important;}&#8221;]For a <strong>minimum of 15 persons,<\/strong> the \u00ab classic tour \u00bb includes:<\/p>\n<ul>\n<li><strong>The guided tour of the house<\/strong> (about 1 hour)<\/li>\n<li><strong>The self-guided tour of the gardens <\/strong>and the outside buildings (about 1 hour)<\/li>\n<\/ul>\n<h4>Prices:<\/h4>\n<ul>\n<li>adult: 12\u20ac<\/li>\n<li>child (6 to 13 years old): 7\u20ac<\/li>\n<\/ul>\n<p>For <strong>further information or booking<\/strong> a visit, please join us by our contact form.<br \/>\nTo best meet your request, please indicate\u00a0:<\/p>\n<ul>\n<li>your namevos nom et pr\u00e9nom<\/li>\n<li>the name and adress of your organisation<\/li>\n<li>the number of people in the group, adults and children (6 to 13 years old)<\/li>\n<li>the date or time of year you would come<\/li>\n<\/ul>\n[\/vc_column_text][vc_empty_space height=&#8221;40px&#8221;][mk_fancy_title color=&#8221;#1e73be&#8221; size=&#8221;32&#8243; font_weight=&#8221;bold&#8221; margin_bottom=&#8221;0&#8243; font_family=&#8221;none&#8221; el_class=&#8221;sousligne&#8221;]\n<div id=\"speciales\">Special tour &#8220;car rally&#8221;<\/div>\n[\/mk_fancy_title][vc_column_text css=&#8221;.vc_custom_1675433874616{margin-bottom: 0px !important;}&#8221;]The Ch\u00e2teau du Lude offers special options for the motor rally:<\/p>\n<ul>\n<li><strong>visit of the house <\/strong>(with a guide or by your own with information panel in each room)<\/li>\n<li><strong>visit of the garden <\/strong>(by your own)<\/li>\n<li><strong>exhibition of the cars in front of the Renaissance fassade<\/strong><\/li>\n<li><strong>drink\/buffet in the garden or the Renaissance dining room<\/strong><\/li>\n<li><strong>private visit of the house with the Countess de Nicola\u00ff (10 people max.)<\/strong><\/li>\n<\/ul>\n<h4>INFORMATIONS:<\/h4>\n<p>For further information or booking a visit, please join us by our contact form.<br \/>\nTo best meet your request, please indicate\u00a0:<\/p>\n<ul>\n<li>your name<\/li>\n<li>the name and adress of your organisation<\/li>\n<li>the number of people in the group, adults and children (6 to 13 years old)<\/li>\n<li>the date or time of year you would come<\/li>\n<li>the time you expect to spend at the ch\u00e2teau<\/li>\n<li>the options you would book<\/li>\n<\/ul>\n[\/vc_column_text][vc_empty_space height=&#8221;40px&#8221;][mk_fancy_title color=&#8221;#1e73be&#8221; size=&#8221;32&#8243; font_weight=&#8221;bold&#8221; margin_bottom=&#8221;0&#8243; font_family=&#8221;none&#8221; el_class=&#8221;sousligne&#8221;]\n<div id=\"privees\">Private tours<\/div>\n[\/mk_fancy_title][vc_column_text css=&#8221;.vc_custom_1706283573351{margin-bottom: 0px !important;}&#8221;]The Ch\u00e2teau du Lude offers special options for privat tours.<\/p>\n<p><strong>\u00a0\u00ab\u00a0Collation\u00a0tour\u00bb<\/strong><\/p>\n<ul>\n<li><strong>guided tour of the house, including the private rooms of the first floor<\/strong><\/li>\n<li><strong>free visit of the garden<\/strong><\/li>\n<li><strong>drink (local wine or coffe\/tea with pastries) in the garden or the Renaissance Gallery<\/strong><\/li>\n<\/ul>\n<p><strong>\u00ab\u00a0Prestige tour\u00a0\u00bb<\/strong><\/p>\n<ul>\n<li><strong>Guided tour of the house with the Countess de Nicola\u00ff, including the historical private room, and the private floors, closed to the general public<\/strong><\/li>\n<li><strong>Guided tour of the garden<\/strong><\/li>\n<li><strong>Cocktail in the garden or the Renaissance dining room<\/strong><\/li>\n<\/ul>\n<h4>INFORMATIONS<\/h4>\n<p>For further information or booking a visit, please join us by our contact form.<br \/>\nTo best meet your request, please indicate\u00a0:<\/p>\n<ul>\n<li>your name<\/li>\n<li>the name and adress of your organisation<\/li>\n<li>the number of people in the group, adults and children (6 to 13 years old)<\/li>\n<li>the date or time of year you would come<\/li>\n<li>the time you expect to spend at the ch\u00e2teau<\/li>\n<li>the options you would book<\/li>\n<\/ul>\n[\/vc_column_text][\/vc_column][vc_column width=&#8221;1\/3&#8243; css=&#8221;.vc_custom_1489054828018{margin-bottom: 0px !important;padding-right: 0px !important;padding-left: 0px !important;}&#8221;][mk_custom_box padding_vertical=&#8221;56&#8243; padding_horizental=&#8221;15&#8243; min_height=&#8221;350&#8243; bg_image=&#8221;https:\/\/www.lelude.com\/wp-content\/uploads\/2017\/02\/home-fond-call.jpg&#8221; overlay_color=&#8221;rgba(0,84,121,0.9)&#8221; bg_stretch=&#8221;true&#8221;][vc_icon icon_fontawesome=&#8221;fa fa-clock-o&#8221; color=&#8221;white&#8221; size=&#8221;lg&#8221; align=&#8221;center&#8221; link=&#8221;url:%23|||&#8221; el_class=&#8221;iconeinfo&#8221; css=&#8221;.vc_custom_1493388952225{margin-bottom: 16px !important;}&#8221;][mk_fancy_title tag_name=&#8221;h4&#8243; color=&#8221;#ffffff&#8221; size=&#8221;24&#8243; font_weight=&#8221;600&#8243; font_family=&#8221;none&#8221; align=&#8221;center&#8221;]Horaires[\/mk_fancy_title][vc_column_text align=&#8221;center&#8221; css=&#8221;.vc_custom_1774534183262{margin-bottom: 0px !important;}&#8221;]\n<p style=\"text-align: center; color: #faf9f9;\">CASTLE OPENING<br \/>\nevery day from 4th April to 30th September<br \/>\n. House: 10.30am &#8211; 12.30pm \/ 2pm &#8211; 6pm<br \/>\n. gardens: 10am &#8211; 12.30pm \/ 2pm &#8211; 6pm<\/p>\n[\/vc_column_text][mk_button dimension=&#8221;outline&#8221; corner_style=&#8221;rounded&#8221; size=&#8221;medium&#8221; url=&#8221;https:\/\/www.lelude.com\/en\/horaires-et-tarifs\/&#8221; align=&#8221;center&#8221; margin_top=&#8221;32&#8243; margin_right=&#8221;0&#8243; outline_skin=&#8221;custom&#8221; outline_active_color=&#8221;#ffffff&#8221; outline_active_text_color=&#8221;#ffffff&#8221; outline_hover_bg_color=&#8221;#ffffff&#8221; outline_hover_color=&#8221;#005479&#8243;]Hours &amp; rates[\/mk_button][\/mk_custom_box][mk_custom_box padding_vertical=&#8221;56&#8243; padding_horizental=&#8221;15&#8243; margin_bottom=&#8221;0&#8243; min_height=&#8221;350&#8243; bg_color=&#8221;rgba(210,0,65,0.9)&#8221; bg_image=&#8221;https:\/\/www.lelude.com\/wp-content\/uploads\/2017\/02\/home-fond-call.jpg&#8221; overlay_color=&#8221;rgba(210,0,65,0.9)&#8221; bg_stretch=&#8221;true&#8221;][vc_icon icon_fontawesome=&#8221;fa fa-fort-awesome&#8221; color=&#8221;white&#8221; size=&#8221;lg&#8221; align=&#8221;center&#8221; link=&#8221;url:%23|||&#8221; el_class=&#8221;iconeinfo&#8221; css=&#8221;.vc_custom_1489052966295{margin-bottom: 16px !important;}&#8221;][mk_fancy_title tag_name=&#8221;h4&#8243; color=&#8221;#ffffff&#8221; size=&#8221;24&#8243; font_weight=&#8221;600&#8243; margin_bottom=&#8221;16&#8243; font_family=&#8221;none&#8221; align=&#8221;center&#8221;]An amazing house[\/mk_fancy_title][vc_column_text align=&#8221;center&#8221; css=&#8221;.vc_custom_1675434456266{margin-bottom: 0px !important;}&#8221;]\n<p style=\"color: #ffffff; text-align: center;\">Top of the range receptions, private tour, bird shooting<\/p>\n[\/vc_column_text][mk_button dimension=&#8221;outline&#8221; corner_style=&#8221;rounded&#8221; size=&#8221;medium&#8221; url=&#8221;https:\/\/www.lelude.com\/en\/contact\/&#8221; align=&#8221;center&#8221; margin_top=&#8221;32&#8243; margin_right=&#8221;0&#8243; outline_skin=&#8221;custom&#8221; outline_active_color=&#8221;#ffffff&#8221; outline_active_text_color=&#8221;#ffffff&#8221; outline_hover_bg_color=&#8221;#ffffff&#8221; outline_hover_color=&#8221;#951d00&#8243;]Contact-us[\/mk_button][\/mk_custom_box][\/vc_column][\/mk_page_section][mk_page_section bg_color=&#8221;#faf9f9&#8243; full_width=&#8221;true&#8221; padding_top=&#8221;0&#8243; padding_bottom=&#8221;0&#8243; has_top_shape_divider=&#8221;true&#8221; top_shape_style=&#8221;speech-top&#8221; top_shape_color=&#8221;#ffffff&#8221; bottom_shape_color=&#8221;#ffffff&#8221; sidebar=&#8221;sidebar-1&#8243;][vc_column][mk_fancy_title size=&#8221;32&#8243; line_height=&#8221;110&#8243; font_weight=&#8221;bold&#8221; letter_spacing=&#8221;-1&#8243; margin_top=&#8221;20&#8243; margin_bottom=&#8221;16&#8243; font_family=&#8221;none&#8221; align=&#8221;center&#8221; el_class=&#8221;sousligne&#8221;]Gallery[\/mk_fancy_title][mk_gallery images=&#8221;8256,8362,8413,8246,8252,8250,8248,8254&#8243; column=&#8221;4&#8243; image_size=&#8221;large&#8221; hover_scenarios=&#8221;slow_zoom&#8221; item_spacing=&#8221;10&#8243; margin_bottom=&#8221;0&#8243; frame_style=&#8221;grid&#8221; orderby=&#8221;post__in&#8221;][\/vc_column][\/mk_page_section]\n<\/div>","protected":false},"excerpt":{"rendered":"<p>[vc_row fullwidth=&#8221;true&#8221;][vc_column][mk_page_title_box page_title=&#8221;Group visits&#8221; bg_image=&#8221;https:\/\/www.lelude.com\/wp-content\/uploads\/2017\/03\/decouvrir-header2.jpg&#8221; bg_position=&#8221;center top&#8221; bg_stretch=&#8221;true&#8221; overlay=&#8221;rgba(0,0,0,0.2)&#8221; font_size=&#8221;48&#8243; title_letter_spacing=&#8221;1&#8243; font_color=&#8221;#ffffff&#8221; font_weight=&#8221;bold&#8221;][\/vc_column][\/vc_row][vc_row css=&#8221;.vc_custom_1606837616685{margin-top: -80px !important;margin-bottom: 40px !important;}&#8221; el_class=&#8221;devant&#8221;][vc_column width=&#8221;1\/4&#8243;][mk_button dimension=&#8221;flat&#8221; corner_style=&#8221;rounded&#8221; size=&#8221;medium&#8221; url=&#8221;#standard&#8221; button_custom_width=&#8221;250&#8243; bg_color=&#8221;#005479&#8243; btn_hover_bg=&#8221;#ffffff&#8221; btn_hover_txt_color=&#8221;#005479&#8243;]Classic visits[\/mk_button][\/vc_column][vc_column width=&#8221;1\/4&#8243;][mk_button dimension=&#8221;flat&#8221; corner_style=&#8221;rounded&#8221; size=&#8221;medium&#8221; url=&#8221;#speciales&#8221; button_custom_width=&#8221;250&#8243; bg_color=&#8221;#005479&#8243; btn_hover_bg=&#8221;#ffffff&#8221; btn_hover_txt_color=&#8221;#005479&#8243;]special &#8220;car rally&#8221;[\/mk_button][\/vc_column][vc_column width=&#8221;1\/4&#8243;][mk_button dimension=&#8221;flat&#8221; corner_style=&#8221;rounded&#8221; size=&#8221;medium&#8221; url=&#8221;#privees&#8221; button_custom_width=&#8221;250&#8243; bg_color=&#8221;#005479&#8243; btn_hover_bg=&#8221;#ffffff&#8221; btn_hover_txt_color=&#8221;#005479&#8243;]Privat tours[\/mk_button][\/vc_column][\/vc_row][mk_page_section padding_top=&#8221;0&#8243; padding_bottom=&#8221;0&#8243; top_shape_color=&#8221;#ffffff&#8221; bottom_shape_style=&#8221;speech-bottom&#8221; bottom_shape_color=&#8221;#ffffff&#8221; [&hellip;]<\/p>\n","protected":false},"author":6,"featured_media":0,"parent":0,"menu_order":0,"comment_status":"closed","ping_status":"closed","template":"","meta":{"footnotes":""},"yoast_head":"<!-- This site is optimized with the Yoast SEO plugin v20.13 - https:\/\/yoast.com\/wordpress\/plugins\/seo\/ -->\n<title>Groups - Ch\u00e2teau du Lude<\/title>\n<meta name=\"robots\" content=\"index, follow, max-snippet:-1, max-image-preview:large, max-video-preview:-1\" \/>\n<link rel=\"canonical\" href=\"https:\/\/www.lelude.com\/en\/groupes\/\" \/>\n<meta property=\"og:locale\" content=\"en_US\" \/>\n<meta property=\"og:type\" content=\"article\" \/>\n<meta property=\"og:title\" content=\"Groups - Ch\u00e2teau du Lude\" \/>\n<meta property=\"og:description\" content=\"[vc_row fullwidth=&#8221;true&#8221;][vc_column][mk_page_title_box page_title=&#8221;Group visits&#8221; bg_image=&#8221;https:\/\/www.lelude.com\/wp-content\/uploads\/2017\/03\/decouvrir-header2.jpg&#8221; bg_position=&#8221;center top&#8221; bg_stretch=&#8221;true&#8221; overlay=&#8221;rgba(0,0,0,0.2)&#8221; font_size=&#8221;48&#8243; title_letter_spacing=&#8221;1&#8243; font_color=&#8221;#ffffff&#8221; font_weight=&#8221;bold&#8221;][\/vc_column][\/vc_row][vc_row css=&#8221;.vc_custom_1606837616685{margin-top: -80px !important;margin-bottom: 40px !important;}&#8221; el_class=&#8221;devant&#8221;][vc_column width=&#8221;1\/4&#8243;][mk_button dimension=&#8221;flat&#8221; corner_style=&#8221;rounded&#8221; size=&#8221;medium&#8221; url=&#8221;#standard&#8221; button_custom_width=&#8221;250&#8243; bg_color=&#8221;#005479&#8243; btn_hover_bg=&#8221;#ffffff&#8221; btn_hover_txt_color=&#8221;#005479&#8243;]Classic visits[\/mk_button][\/vc_column][vc_column width=&#8221;1\/4&#8243;][mk_button dimension=&#8221;flat&#8221; corner_style=&#8221;rounded&#8221; size=&#8221;medium&#8221; url=&#8221;#speciales&#8221; button_custom_width=&#8221;250&#8243; bg_color=&#8221;#005479&#8243; btn_hover_bg=&#8221;#ffffff&#8221; btn_hover_txt_color=&#8221;#005479&#8243;]special &#8220;car rally&#8221;[\/mk_button][\/vc_column][vc_column width=&#8221;1\/4&#8243;][mk_button dimension=&#8221;flat&#8221; corner_style=&#8221;rounded&#8221; size=&#8221;medium&#8221; url=&#8221;#privees&#8221; button_custom_width=&#8221;250&#8243; bg_color=&#8221;#005479&#8243; btn_hover_bg=&#8221;#ffffff&#8221; btn_hover_txt_color=&#8221;#005479&#8243;]Privat tours[\/mk_button][\/vc_column][\/vc_row][mk_page_section padding_top=&#8221;0&#8243; padding_bottom=&#8221;0&#8243; top_shape_color=&#8221;#ffffff&#8221; bottom_shape_style=&#8221;speech-bottom&#8221; bottom_shape_color=&#8221;#ffffff&#8221; [&hellip;]\" \/>\n<meta property=\"og:url\" content=\"https:\/\/www.lelude.com\/en\/groupes\/\" \/>\n<meta property=\"og:site_name\" content=\"Ch\u00e2teau du Lude\" \/>\n<meta property=\"article:modified_time\" content=\"2026-03-26T14:11:07+00:00\" \/>\n<meta name=\"twitter:card\" content=\"summary_large_image\" \/>\n<meta name=\"twitter:label1\" content=\"Est. reading time\" \/>\n\t<meta name=\"twitter:data1\" content=\"4 minutes\" \/>\n<script type=\"application\/ld+json\" class=\"yoast-schema-graph\">{\"@context\":\"https:\/\/schema.org\",\"@graph\":[{\"@type\":\"WebPage\",\"@id\":\"https:\/\/www.lelude.com\/en\/groupes\/\",\"url\":\"https:\/\/www.lelude.com\/en\/groupes\/\",\"name\":\"Groups - Ch\u00e2teau du Lude\",\"isPartOf\":{\"@id\":\"https:\/\/www.lelude.com\/#website\"},\"datePublished\":\"2022-09-16T05:48:10+00:00\",\"dateModified\":\"2026-03-26T14:11:07+00:00\",\"breadcrumb\":{\"@id\":\"https:\/\/www.lelude.com\/en\/groupes\/#breadcrumb\"},\"inLanguage\":\"en-US\",\"potentialAction\":[{\"@type\":\"ReadAction\",\"target\":[\"https:\/\/www.lelude.com\/en\/groupes\/\"]}]},{\"@type\":\"BreadcrumbList\",\"@id\":\"https:\/\/www.lelude.com\/en\/groupes\/#breadcrumb\",\"itemListElement\":[{\"@type\":\"ListItem\",\"position\":1,\"name\":\"Accueil\",\"item\":\"https:\/\/www.lelude.com\/en\/\"},{\"@type\":\"ListItem\",\"position\":2,\"name\":\"Groups\"}]},{\"@type\":\"WebSite\",\"@id\":\"https:\/\/www.lelude.com\/#website\",\"url\":\"https:\/\/www.lelude.com\/\",\"name\":\"Ch\u00e2teau du Lude\",\"description\":\"Le premier des ch\u00e2teaux de la Loire au nord de la vall\u00e9e\",\"publisher\":{\"@id\":\"https:\/\/www.lelude.com\/#organization\"},\"potentialAction\":[{\"@type\":\"SearchAction\",\"target\":{\"@type\":\"EntryPoint\",\"urlTemplate\":\"https:\/\/www.lelude.com\/?s={search_term_string}\"},\"query-input\":\"required name=search_term_string\"}],\"inLanguage\":\"en-US\"},{\"@type\":\"Organization\",\"@id\":\"https:\/\/www.lelude.com\/#organization\",\"name\":\"Ch\u00e2teau du Lude\",\"url\":\"https:\/\/www.lelude.com\/\",\"logo\":{\"@type\":\"ImageObject\",\"inLanguage\":\"en-US\",\"@id\":\"https:\/\/www.lelude.com\/#\/schema\/logo\/image\/\",\"url\":\"https:\/\/www.lelude.com\/wp-content\/uploads\/2017\/03\/logolelude.png\",\"contentUrl\":\"https:\/\/www.lelude.com\/wp-content\/uploads\/2017\/03\/logolelude.png\",\"width\":167,\"height\":100,\"caption\":\"Ch\u00e2teau du Lude\"},\"image\":{\"@id\":\"https:\/\/www.lelude.com\/#\/schema\/logo\/image\/\"}}]}<\/script>\n<!-- \/ Yoast SEO plugin. -->","yoast_head_json":{"title":"Groups - Ch\u00e2teau du Lude","robots":{"index":"index","follow":"follow","max-snippet":"max-snippet:-1","max-image-preview":"max-image-preview:large","max-video-preview":"max-video-preview:-1"},"canonical":"https:\/\/www.lelude.com\/en\/groupes\/","og_locale":"en_US","og_type":"article","og_title":"Groups - Ch\u00e2teau du Lude","og_description":"[vc_row fullwidth=&#8221;true&#8221;][vc_column][mk_page_title_box page_title=&#8221;Group visits&#8221; bg_image=&#8221;https:\/\/www.lelude.com\/wp-content\/uploads\/2017\/03\/decouvrir-header2.jpg&#8221; bg_position=&#8221;center top&#8221; bg_stretch=&#8221;true&#8221; overlay=&#8221;rgba(0,0,0,0.2)&#8221; font_size=&#8221;48&#8243; title_letter_spacing=&#8221;1&#8243; font_color=&#8221;#ffffff&#8221; font_weight=&#8221;bold&#8221;][\/vc_column][\/vc_row][vc_row css=&#8221;.vc_custom_1606837616685{margin-top: -80px !important;margin-bottom: 40px !important;}&#8221; el_class=&#8221;devant&#8221;][vc_column width=&#8221;1\/4&#8243;][mk_button dimension=&#8221;flat&#8221; corner_style=&#8221;rounded&#8221; size=&#8221;medium&#8221; url=&#8221;#standard&#8221; button_custom_width=&#8221;250&#8243; bg_color=&#8221;#005479&#8243; btn_hover_bg=&#8221;#ffffff&#8221; btn_hover_txt_color=&#8221;#005479&#8243;]Classic visits[\/mk_button][\/vc_column][vc_column width=&#8221;1\/4&#8243;][mk_button dimension=&#8221;flat&#8221; corner_style=&#8221;rounded&#8221; size=&#8221;medium&#8221; url=&#8221;#speciales&#8221; button_custom_width=&#8221;250&#8243; bg_color=&#8221;#005479&#8243; btn_hover_bg=&#8221;#ffffff&#8221; btn_hover_txt_color=&#8221;#005479&#8243;]special &#8220;car rally&#8221;[\/mk_button][\/vc_column][vc_column width=&#8221;1\/4&#8243;][mk_button dimension=&#8221;flat&#8221; corner_style=&#8221;rounded&#8221; size=&#8221;medium&#8221; url=&#8221;#privees&#8221; button_custom_width=&#8221;250&#8243; bg_color=&#8221;#005479&#8243; btn_hover_bg=&#8221;#ffffff&#8221; btn_hover_txt_color=&#8221;#005479&#8243;]Privat tours[\/mk_button][\/vc_column][\/vc_row][mk_page_section padding_top=&#8221;0&#8243; padding_bottom=&#8221;0&#8243; top_shape_color=&#8221;#ffffff&#8221; bottom_shape_style=&#8221;speech-bottom&#8221; bottom_shape_color=&#8221;#ffffff&#8221; [&hellip;]","og_url":"https:\/\/www.lelude.com\/en\/groupes\/","og_site_name":"Ch\u00e2teau du Lude","article_modified_time":"2026-03-26T14:11:07+00:00","twitter_card":"summary_large_image","twitter_misc":{"Est. reading time":"4 minutes"},"schema":{"@context":"https:\/\/schema.org","@graph":[{"@type":"WebPage","@id":"https:\/\/www.lelude.com\/en\/groupes\/","url":"https:\/\/www.lelude.com\/en\/groupes\/","name":"Groups - Ch\u00e2teau du Lude","isPartOf":{"@id":"https:\/\/www.lelude.com\/#website"},"datePublished":"2022-09-16T05:48:10+00:00","dateModified":"2026-03-26T14:11:07+00:00","breadcrumb":{"@id":"https:\/\/www.lelude.com\/en\/groupes\/#breadcrumb"},"inLanguage":"en-US","potentialAction":[{"@type":"ReadAction","target":["https:\/\/www.lelude.com\/en\/groupes\/"]}]},{"@type":"BreadcrumbList","@id":"https:\/\/www.lelude.com\/en\/groupes\/#breadcrumb","itemListElement":[{"@type":"ListItem","position":1,"name":"Accueil","item":"https:\/\/www.lelude.com\/en\/"},{"@type":"ListItem","position":2,"name":"Groups"}]},{"@type":"WebSite","@id":"https:\/\/www.lelude.com\/#website","url":"https:\/\/www.lelude.com\/","name":"Ch\u00e2teau du Lude","description":"Le premier des ch\u00e2teaux de la Loire au nord de la vall\u00e9e","publisher":{"@id":"https:\/\/www.lelude.com\/#organization"},"potentialAction":[{"@type":"SearchAction","target":{"@type":"EntryPoint","urlTemplate":"https:\/\/www.lelude.com\/?s={search_term_string}"},"query-input":"required name=search_term_string"}],"inLanguage":"en-US"},{"@type":"Organization","@id":"https:\/\/www.lelude.com\/#organization","name":"Ch\u00e2teau du Lude","url":"https:\/\/www.lelude.com\/","logo":{"@type":"ImageObject","inLanguage":"en-US","@id":"https:\/\/www.lelude.com\/#\/schema\/logo\/image\/","url":"https:\/\/www.lelude.com\/wp-content\/uploads\/2017\/03\/logolelude.png","contentUrl":"https:\/\/www.lelude.com\/wp-content\/uploads\/2017\/03\/logolelude.png","width":167,"height":100,"caption":"Ch\u00e2teau du Lude"},"image":{"@id":"https:\/\/www.lelude.com\/#\/schema\/logo\/image\/"}}]}},"_links":{"self":[{"href":"https:\/\/www.lelude.com\/en\/wp-json\/wp\/v2\/pages\/8500"}],"collection":[{"href":"https:\/\/www.lelude.com\/en\/wp-json\/wp\/v2\/pages"}],"about":[{"href":"https:\/\/www.lelude.com\/en\/wp-json\/wp\/v2\/types\/page"}],"author":[{"embeddable":true,"href":"https:\/\/www.lelude.com\/en\/wp-json\/wp\/v2\/users\/6"}],"replies":[{"embeddable":true,"href":"https:\/\/www.lelude.com\/en\/wp-json\/wp\/v2\/comments?post=8500"}],"version-history":[{"count":11,"href":"https:\/\/www.lelude.com\/en\/wp-json\/wp\/v2\/pages\/8500\/revisions"}],"predecessor-version":[{"id":13504,"href":"https:\/\/www.lelude.com\/en\/wp-json\/wp\/v2\/pages\/8500\/revisions\/13504"}],"wp:attachment":[{"href":"https:\/\/www.lelude.com\/en\/wp-json\/wp\/v2\/media?parent=8500"}],"curies":[{"name":"wp","href":"https:\/\/api.w.org\/{rel}","templated":true}]}}