{"id":872,"date":"2017-05-06T11:54:47","date_gmt":"2017-05-06T09:54:47","guid":{"rendered":"https:\/\/www.lelude.com\/?page_id=872"},"modified":"2026-03-26T14:33:15","modified_gmt":"2026-03-26T13:33:15","slug":"fete-des-jardiniers","status":"publish","type":"page","link":"https:\/\/www.lelude.com\/en\/fete-des-jardiniers\/","title":{"rendered":"The &#8220;F\u00eate des Jardiniers&#8221;"},"content":{"rendered":"<div class=\"wpb-content-wrapper\">[vc_row fullwidth=&#8221;true&#8221;][vc_column][mk_page_title_box page_title=&#8221;The &#8220;F\u00eate des Jardiniers&#8220;&#8221; bg_image=&#8221;https:\/\/www.lelude.com\/wp-content\/uploads\/2017\/04\/fdj-public.jpg&#8221; bg_position=&#8221;center center&#8221; bg_stretch=&#8221;true&#8221; overlay=&#8221;rgba(0,0,0,0.2)&#8221; font_size=&#8221;48&#8243; title_letter_spacing=&#8221;1&#8243; font_color=&#8221;#ffffff&#8221; font_weight=&#8221;bold&#8221;][\/vc_column][\/vc_row][mk_page_section padding_top=&#8221;0&#8243; padding_bottom=&#8221;0&#8243; top_shape_color=&#8221;#ffffff&#8221; bottom_shape_style=&#8221;speech-bottom&#8221; bottom_shape_color=&#8221;#ffffff&#8221; sidebar=&#8221;sidebar-1&#8243;][vc_column width=&#8221;2\/3&#8243;][mk_custom_box margin_bottom=&#8221;0&#8243;][mk_fancy_title size=&#8221;32&#8243; line_height=&#8221;110&#8243; font_weight=&#8221;bold&#8221; letter_spacing=&#8221;-1&#8243; margin_top=&#8221;20&#8243; margin_bottom=&#8221;16&#8243; font_family=&#8221;none&#8221; el_class=&#8221;sousligne&#8221;]<strong>More than just a flower fair, a festival of happenings<\/strong>[\/mk_fancy_title][vc_column_text css=&#8221;.vc_custom_1774531993107{margin-bottom: 0px !important;}&#8221;]Since its launch in 1994, the Garden festival \u201cF\u00eate des Jardiniers\u201d has been held every year on the<strong> first week-end of June<\/strong>.<br \/>\nIt is dedicated to the art and practice of gardening.<\/p>\n<h3><span style=\"color: #ff0000;\"><span style=\"color: #808080;\"><span style=\"color: #333333;\"><strong><img decoding=\"async\" loading=\"lazy\" class=\" wp-image-13470 alignleft\" src=\"https:\/\/www.lelude.com\/wp-content\/uploads\/2026\/03\/26.-affiche-fete-des-jardiniers-1-scaled-200x300.jpg\" alt=\"\" width=\"117\" height=\"176\" srcset=\"https:\/\/www.lelude.com\/wp-content\/uploads\/2026\/03\/26.-affiche-fete-des-jardiniers-1-scaled-200x300.jpg 200w, https:\/\/www.lelude.com\/wp-content\/uploads\/2026\/03\/26.-affiche-fete-des-jardiniers-1-scaled-683x1024.jpg 683w, https:\/\/www.lelude.com\/wp-content\/uploads\/2026\/03\/26.-affiche-fete-des-jardiniers-1-768x1152.jpg 768w, https:\/\/www.lelude.com\/wp-content\/uploads\/2026\/03\/26.-affiche-fete-des-jardiniers-1-1024x1536.jpg 1024w, https:\/\/www.lelude.com\/wp-content\/uploads\/2026\/03\/26.-affiche-fete-des-jardiniers-1-1366x2048.jpg 1366w, https:\/\/www.lelude.com\/wp-content\/uploads\/2026\/03\/26.-affiche-fete-des-jardiniers-1-scaled.jpg 1707w\" sizes=\"(max-width: 117px) 100vw, 117px\" \/>Next edition: 6 &amp; 7 June 2026<\/strong><\/span><\/span><\/span><\/h3>\n<h3>60 exhibitors of rare plants, tools and garden decoration<\/h3>\n<p>Nurseries, plant collectors and gardeners, chosen for the quality and diversity of their plants, come to share their knowledge and enthusiasm with visitors. A series of workshops are also held, on all kinds of gardening topics.<br \/>\nThe private Kitchen garden is open during the week end. A collection of chickens is displayed at the orangery.<\/p>\n<p>&nbsp;<\/p>\n<h3><\/h3>\n<h3>Workshops<\/h3>\n<p>During the entire Garden Festival, visitors can enjoy gardening workshops and expert advice: pruning roses, fruit trees, lawn maintenance, grafting, taking cuttings or even gardening for children.<br \/>\nThe stoves in the old kitchens of the chateau are revived, inviting the gourmet amateurs to taste and assist the jam-making process.<\/p>\n<h3>Exhibitions in the ch\u00e2teau<\/h3>\n<p><strong>&#8211; FLORAL HERBARIUM<\/strong><em>, 6 &amp; 7 June<br \/>\n<\/em>Creations of Catherine Mignot<em>: pictures made with dried flowers.<br \/>\n<\/em><\/p>\n<h3><\/h3>\n<h3>INFORMATIONS<\/h3>\n<p><strong>Opening hours: 10am &#8211; 7pm<\/strong><br \/>\n<strong>Unique price:<\/strong> 9\u20ac. Free under 18 years old. Included acces to the\u00a0<em>F\u00eate des jardiniers<\/em>, the house and the gardens.<br \/>\nFor the shopping, carriers at your service.<br \/>\nFree parking nearby.<br \/>\nthe house and gardens are reachable to disabled persons (except medieval kitchen and upstairs rooms)<br \/>\nOnleached dogs allowed in the gardens.<\/p>\n<p>Food services on site:<br \/>\n&#8211; sandwiches, pancakes, ice creams, refreschments<span class=\"gI\"><span class=\"qu\" tabindex=\"-1\" role=\"gridcell\" translate=\"no\"><span class=\"go\"><span class=\"LrzXr zdqRlf kno-fv\"><br \/>\n<\/span><\/span><\/span><\/span><\/p>\n<p>&nbsp;<\/p>\n<h3>ONLINE BOOKING:<\/h3>\n<ul>\n<li>buy your <a href=\"https:\/\/www.lelude.com\/reservation-fete-des-jardiniers\/\">tickets on-line<\/a><\/li>\n<li>buy your tickets at the entrance of the castle (cash, credit card)<\/li>\n<\/ul>\n<p>&nbsp;<\/p>\n<p>NEXT EDITION: 5 &amp; 6 June 2027[\/vc_column_text][\/mk_custom_box][\/vc_column][vc_column width=&#8221;1\/3&#8243; css=&#8221;.vc_custom_1489054828018{margin-bottom: 0px !important;padding-right: 0px !important;padding-left: 0px !important;}&#8221;][mk_custom_box padding_vertical=&#8221;56&#8243; padding_horizental=&#8221;15&#8243; min_height=&#8221;350&#8243; bg_image=&#8221;https:\/\/www.lelude.com\/wp-content\/uploads\/2017\/02\/home-fond-call.jpg&#8221; overlay_color=&#8221;rgba(0,84,121,0.9)&#8221; bg_stretch=&#8221;true&#8221;][vc_icon icon_fontawesome=&#8221;fa fa-clock-o&#8221; color=&#8221;white&#8221; size=&#8221;lg&#8221; align=&#8221;center&#8221; link=&#8221;url:%23|||&#8221; el_class=&#8221;iconeinfo&#8221; css=&#8221;.vc_custom_1493389251322{margin-bottom: 16px !important;}&#8221;][mk_fancy_title tag_name=&#8221;h4&#8243; color=&#8221;#ffffff&#8221; size=&#8221;24&#8243; font_weight=&#8221;600&#8243; font_family=&#8221;none&#8221; align=&#8221;center&#8221;]Times[\/mk_fancy_title][vc_column_text align=&#8221;center&#8221; css=&#8221;.vc_custom_1774531776849{margin-bottom: 0px !important;}&#8221;]\n<p style=\"text-align: center; color: #faf9f9;\">CASTLE OPENING<br \/>\nevery day from 4th April to 30th September<br \/>\n. House: 10.30am &#8211; 12.30pm \/ 2pm &#8211; 6pm<br \/>\n. gardens: 10am &#8211; 12.30pm \/ 2pm &#8211; 6pm<\/p>\n[\/vc_column_text][mk_button dimension=&#8221;outline&#8221; corner_style=&#8221;rounded&#8221; size=&#8221;medium&#8221; url=&#8221;https:\/\/www.lelude.com\/hours-rates\/?lang=en&#8221; align=&#8221;center&#8221; margin_top=&#8221;32&#8243; margin_right=&#8221;0&#8243; outline_skin=&#8221;custom&#8221; outline_active_color=&#8221;#ffffff&#8221; outline_active_text_color=&#8221;#ffffff&#8221; outline_hover_bg_color=&#8221;#ffffff&#8221; outline_hover_color=&#8221;#005479&#8243;]Prices &amp; Times[\/mk_button][\/mk_custom_box][mk_custom_box padding_vertical=&#8221;56&#8243; padding_horizental=&#8221;15&#8243; margin_bottom=&#8221;0&#8243; min_height=&#8221;350&#8243; bg_image=&#8221;https:\/\/www.lelude.com\/wp-content\/uploads\/2017\/02\/home-fond-call.jpg&#8221; overlay_color=&#8221;rgba(210,0,65,0.9)&#8221; bg_stretch=&#8221;true&#8221;][vc_icon icon_fontawesome=&#8221;fa fa-fort-awesome&#8221; color=&#8221;white&#8221; size=&#8221;lg&#8221; align=&#8221;center&#8221; link=&#8221;url:%23|||&#8221; el_class=&#8221;iconeinfo&#8221; css=&#8221;.vc_custom_1489052966295{margin-bottom: 16px !important;}&#8221;][mk_fancy_title tag_name=&#8221;h4&#8243; color=&#8221;#ffffff&#8221; size=&#8221;24&#8243; font_weight=&#8221;600&#8243; font_family=&#8221;none&#8221; align=&#8221;center&#8221;]An amazing house[\/mk_fancy_title][vc_column_text align=&#8221;center&#8221;]\n<p style=\"color: #ffffff; text-align: center;\">Top of the range receptions, private tour, bird shooting<\/p>\n[\/vc_column_text][mk_button dimension=&#8221;outline&#8221; corner_style=&#8221;rounded&#8221; size=&#8221;medium&#8221; url=&#8221;https:\/\/www.lelude.com\/contact\/?lang=en&#8221; align=&#8221;center&#8221; margin_top=&#8221;32&#8243; margin_right=&#8221;0&#8243; outline_skin=&#8221;custom&#8221; outline_active_color=&#8221;#ffffff&#8221; outline_active_text_color=&#8221;#ffffff&#8221; outline_hover_bg_color=&#8221;#ffffff&#8221; outline_hover_color=&#8221;#951d00&#8243;]Contact us[\/mk_button][\/mk_custom_box][\/vc_column][\/mk_page_section][mk_page_section bg_color=&#8221;#faf9f9&#8243; full_width=&#8221;true&#8221; padding_top=&#8221;0&#8243; padding_bottom=&#8221;0&#8243; has_top_shape_divider=&#8221;true&#8221; top_shape_style=&#8221;speech-top&#8221; top_shape_color=&#8221;#ffffff&#8221; bottom_shape_color=&#8221;#ffffff&#8221; sidebar=&#8221;sidebar-1&#8243;][vc_column][mk_fancy_title size=&#8221;32&#8243; line_height=&#8221;110&#8243; font_weight=&#8221;bold&#8221; letter_spacing=&#8221;-1&#8243; margin_top=&#8221;20&#8243; font_family=&#8221;none&#8221; align=&#8221;center&#8221; el_class=&#8221;sousligne&#8221;]Gallery[\/mk_fancy_title][mk_gallery images=&#8221;6202,6196,6198,6200,6204,6206,6210,6208&#8243; column=&#8221;4&#8243; image_size=&#8221;large&#8221; hover_scenarios=&#8221;slow_zoom&#8221; item_spacing=&#8221;10&#8243; margin_bottom=&#8221;0&#8243; frame_style=&#8221;grid&#8221; orderby=&#8221;post__in&#8221;][\/vc_column][\/mk_page_section]\n<\/div>","protected":false},"excerpt":{"rendered":"<p>[vc_row fullwidth=&#8221;true&#8221;][vc_column][mk_page_title_box page_title=&#8221;The &#8220;F\u00eate des Jardiniers&#8220;&#8221; bg_image=&#8221;https:\/\/www.lelude.com\/wp-content\/uploads\/2017\/04\/fdj-public.jpg&#8221; bg_position=&#8221;center center&#8221; bg_stretch=&#8221;true&#8221; overlay=&#8221;rgba(0,0,0,0.2)&#8221; font_size=&#8221;48&#8243; title_letter_spacing=&#8221;1&#8243; font_color=&#8221;#ffffff&#8221; font_weight=&#8221;bold&#8221;][\/vc_column][\/vc_row][mk_page_section padding_top=&#8221;0&#8243; padding_bottom=&#8221;0&#8243; top_shape_color=&#8221;#ffffff&#8221; bottom_shape_style=&#8221;speech-bottom&#8221; bottom_shape_color=&#8221;#ffffff&#8221; sidebar=&#8221;sidebar-1&#8243;][vc_column width=&#8221;2\/3&#8243;][mk_custom_box margin_bottom=&#8221;0&#8243;][mk_fancy_title size=&#8221;32&#8243; line_height=&#8221;110&#8243; font_weight=&#8221;bold&#8221; letter_spacing=&#8221;-1&#8243; margin_top=&#8221;20&#8243; margin_bottom=&#8221;16&#8243; font_family=&#8221;none&#8221; el_class=&#8221;sousligne&#8221;]More than just a flower fair, a festival of happenings[\/mk_fancy_title][vc_column_text css=&#8221;.vc_custom_1774531993107{margin-bottom: 0px !important;}&#8221;]Since its launch in 1994, the Garden festival \u201cF\u00eate des Jardiniers\u201d has been [&hellip;]<\/p>\n","protected":false},"author":7,"featured_media":0,"parent":0,"menu_order":0,"comment_status":"closed","ping_status":"closed","template":"","meta":{"footnotes":""},"yoast_head":"<!-- This site is optimized with the Yoast SEO plugin v20.13 - https:\/\/yoast.com\/wordpress\/plugins\/seo\/ -->\n<title>The &quot;F\u00eate des Jardiniers&quot; - Ch\u00e2teau du Lude<\/title>\n<meta name=\"robots\" content=\"index, follow, max-snippet:-1, max-image-preview:large, max-video-preview:-1\" \/>\n<link rel=\"canonical\" href=\"https:\/\/www.lelude.com\/en\/fete-des-jardiniers\/\" \/>\n<meta property=\"og:locale\" content=\"en_US\" \/>\n<meta property=\"og:type\" content=\"article\" \/>\n<meta property=\"og:title\" content=\"The &quot;F\u00eate des Jardiniers&quot; - Ch\u00e2teau du Lude\" \/>\n<meta property=\"og:description\" content=\"[vc_row fullwidth=&#8221;true&#8221;][vc_column][mk_page_title_box page_title=&#8221;The &#8220;F\u00eate des Jardiniers&#8220;&#8221; bg_image=&#8221;https:\/\/www.lelude.com\/wp-content\/uploads\/2017\/04\/fdj-public.jpg&#8221; bg_position=&#8221;center center&#8221; bg_stretch=&#8221;true&#8221; overlay=&#8221;rgba(0,0,0,0.2)&#8221; font_size=&#8221;48&#8243; title_letter_spacing=&#8221;1&#8243; font_color=&#8221;#ffffff&#8221; font_weight=&#8221;bold&#8221;][\/vc_column][\/vc_row][mk_page_section padding_top=&#8221;0&#8243; padding_bottom=&#8221;0&#8243; top_shape_color=&#8221;#ffffff&#8221; bottom_shape_style=&#8221;speech-bottom&#8221; bottom_shape_color=&#8221;#ffffff&#8221; sidebar=&#8221;sidebar-1&#8243;][vc_column width=&#8221;2\/3&#8243;][mk_custom_box margin_bottom=&#8221;0&#8243;][mk_fancy_title size=&#8221;32&#8243; line_height=&#8221;110&#8243; font_weight=&#8221;bold&#8221; letter_spacing=&#8221;-1&#8243; margin_top=&#8221;20&#8243; margin_bottom=&#8221;16&#8243; font_family=&#8221;none&#8221; el_class=&#8221;sousligne&#8221;]More than just a flower fair, a festival of happenings[\/mk_fancy_title][vc_column_text css=&#8221;.vc_custom_1774531993107{margin-bottom: 0px !important;}&#8221;]Since its launch in 1994, the Garden festival \u201cF\u00eate des Jardiniers\u201d has been [&hellip;]\" \/>\n<meta property=\"og:url\" content=\"https:\/\/www.lelude.com\/en\/fete-des-jardiniers\/\" \/>\n<meta property=\"og:site_name\" content=\"Ch\u00e2teau du Lude\" \/>\n<meta property=\"article:modified_time\" content=\"2026-03-26T13:33:15+00:00\" \/>\n<meta property=\"og:image\" content=\"https:\/\/www.lelude.com\/wp-content\/uploads\/2026\/03\/26.-affiche-fete-des-jardiniers-1-scaled-200x300.jpg\" \/>\n<meta name=\"twitter:card\" content=\"summary_large_image\" \/>\n<meta name=\"twitter:label1\" content=\"Est. reading time\" \/>\n\t<meta name=\"twitter:data1\" content=\"3 minutes\" \/>\n<script type=\"application\/ld+json\" class=\"yoast-schema-graph\">{\"@context\":\"https:\/\/schema.org\",\"@graph\":[{\"@type\":\"WebPage\",\"@id\":\"https:\/\/www.lelude.com\/en\/fete-des-jardiniers\/\",\"url\":\"https:\/\/www.lelude.com\/en\/fete-des-jardiniers\/\",\"name\":\"The \\\"F\u00eate des Jardiniers\\\" - Ch\u00e2teau du Lude\",\"isPartOf\":{\"@id\":\"https:\/\/www.lelude.com\/#website\"},\"datePublished\":\"2017-05-06T09:54:47+00:00\",\"dateModified\":\"2026-03-26T13:33:15+00:00\",\"breadcrumb\":{\"@id\":\"https:\/\/www.lelude.com\/en\/fete-des-jardiniers\/#breadcrumb\"},\"inLanguage\":\"en-US\",\"potentialAction\":[{\"@type\":\"ReadAction\",\"target\":[\"https:\/\/www.lelude.com\/en\/fete-des-jardiniers\/\"]}]},{\"@type\":\"BreadcrumbList\",\"@id\":\"https:\/\/www.lelude.com\/en\/fete-des-jardiniers\/#breadcrumb\",\"itemListElement\":[{\"@type\":\"ListItem\",\"position\":1,\"name\":\"Accueil\",\"item\":\"https:\/\/www.lelude.com\/en\/\"},{\"@type\":\"ListItem\",\"position\":2,\"name\":\"The &#8220;F\u00eate des Jardiniers&#8221;\"}]},{\"@type\":\"WebSite\",\"@id\":\"https:\/\/www.lelude.com\/#website\",\"url\":\"https:\/\/www.lelude.com\/\",\"name\":\"Ch\u00e2teau du Lude\",\"description\":\"Le premier des ch\u00e2teaux de la Loire au nord de la vall\u00e9e\",\"publisher\":{\"@id\":\"https:\/\/www.lelude.com\/#organization\"},\"potentialAction\":[{\"@type\":\"SearchAction\",\"target\":{\"@type\":\"EntryPoint\",\"urlTemplate\":\"https:\/\/www.lelude.com\/?s={search_term_string}\"},\"query-input\":\"required name=search_term_string\"}],\"inLanguage\":\"en-US\"},{\"@type\":\"Organization\",\"@id\":\"https:\/\/www.lelude.com\/#organization\",\"name\":\"Ch\u00e2teau du Lude\",\"url\":\"https:\/\/www.lelude.com\/\",\"logo\":{\"@type\":\"ImageObject\",\"inLanguage\":\"en-US\",\"@id\":\"https:\/\/www.lelude.com\/#\/schema\/logo\/image\/\",\"url\":\"https:\/\/www.lelude.com\/wp-content\/uploads\/2017\/03\/logolelude.png\",\"contentUrl\":\"https:\/\/www.lelude.com\/wp-content\/uploads\/2017\/03\/logolelude.png\",\"width\":167,\"height\":100,\"caption\":\"Ch\u00e2teau du Lude\"},\"image\":{\"@id\":\"https:\/\/www.lelude.com\/#\/schema\/logo\/image\/\"}}]}<\/script>\n<!-- \/ Yoast SEO plugin. -->","yoast_head_json":{"title":"The \"F\u00eate des Jardiniers\" - Ch\u00e2teau du Lude","robots":{"index":"index","follow":"follow","max-snippet":"max-snippet:-1","max-image-preview":"max-image-preview:large","max-video-preview":"max-video-preview:-1"},"canonical":"https:\/\/www.lelude.com\/en\/fete-des-jardiniers\/","og_locale":"en_US","og_type":"article","og_title":"The \"F\u00eate des Jardiniers\" - Ch\u00e2teau du Lude","og_description":"[vc_row fullwidth=&#8221;true&#8221;][vc_column][mk_page_title_box page_title=&#8221;The &#8220;F\u00eate des Jardiniers&#8220;&#8221; bg_image=&#8221;https:\/\/www.lelude.com\/wp-content\/uploads\/2017\/04\/fdj-public.jpg&#8221; bg_position=&#8221;center center&#8221; bg_stretch=&#8221;true&#8221; overlay=&#8221;rgba(0,0,0,0.2)&#8221; font_size=&#8221;48&#8243; title_letter_spacing=&#8221;1&#8243; font_color=&#8221;#ffffff&#8221; font_weight=&#8221;bold&#8221;][\/vc_column][\/vc_row][mk_page_section padding_top=&#8221;0&#8243; padding_bottom=&#8221;0&#8243; top_shape_color=&#8221;#ffffff&#8221; bottom_shape_style=&#8221;speech-bottom&#8221; bottom_shape_color=&#8221;#ffffff&#8221; sidebar=&#8221;sidebar-1&#8243;][vc_column width=&#8221;2\/3&#8243;][mk_custom_box margin_bottom=&#8221;0&#8243;][mk_fancy_title size=&#8221;32&#8243; line_height=&#8221;110&#8243; font_weight=&#8221;bold&#8221; letter_spacing=&#8221;-1&#8243; margin_top=&#8221;20&#8243; margin_bottom=&#8221;16&#8243; font_family=&#8221;none&#8221; el_class=&#8221;sousligne&#8221;]More than just a flower fair, a festival of happenings[\/mk_fancy_title][vc_column_text css=&#8221;.vc_custom_1774531993107{margin-bottom: 0px !important;}&#8221;]Since its launch in 1994, the Garden festival \u201cF\u00eate des Jardiniers\u201d has been [&hellip;]","og_url":"https:\/\/www.lelude.com\/en\/fete-des-jardiniers\/","og_site_name":"Ch\u00e2teau du Lude","article_modified_time":"2026-03-26T13:33:15+00:00","og_image":[{"url":"https:\/\/www.lelude.com\/wp-content\/uploads\/2026\/03\/26.-affiche-fete-des-jardiniers-1-scaled-200x300.jpg"}],"twitter_card":"summary_large_image","twitter_misc":{"Est. reading time":"3 minutes"},"schema":{"@context":"https:\/\/schema.org","@graph":[{"@type":"WebPage","@id":"https:\/\/www.lelude.com\/en\/fete-des-jardiniers\/","url":"https:\/\/www.lelude.com\/en\/fete-des-jardiniers\/","name":"The \"F\u00eate des Jardiniers\" - Ch\u00e2teau du Lude","isPartOf":{"@id":"https:\/\/www.lelude.com\/#website"},"datePublished":"2017-05-06T09:54:47+00:00","dateModified":"2026-03-26T13:33:15+00:00","breadcrumb":{"@id":"https:\/\/www.lelude.com\/en\/fete-des-jardiniers\/#breadcrumb"},"inLanguage":"en-US","potentialAction":[{"@type":"ReadAction","target":["https:\/\/www.lelude.com\/en\/fete-des-jardiniers\/"]}]},{"@type":"BreadcrumbList","@id":"https:\/\/www.lelude.com\/en\/fete-des-jardiniers\/#breadcrumb","itemListElement":[{"@type":"ListItem","position":1,"name":"Accueil","item":"https:\/\/www.lelude.com\/en\/"},{"@type":"ListItem","position":2,"name":"The &#8220;F\u00eate des Jardiniers&#8221;"}]},{"@type":"WebSite","@id":"https:\/\/www.lelude.com\/#website","url":"https:\/\/www.lelude.com\/","name":"Ch\u00e2teau du Lude","description":"Le premier des ch\u00e2teaux de la Loire au nord de la vall\u00e9e","publisher":{"@id":"https:\/\/www.lelude.com\/#organization"},"potentialAction":[{"@type":"SearchAction","target":{"@type":"EntryPoint","urlTemplate":"https:\/\/www.lelude.com\/?s={search_term_string}"},"query-input":"required name=search_term_string"}],"inLanguage":"en-US"},{"@type":"Organization","@id":"https:\/\/www.lelude.com\/#organization","name":"Ch\u00e2teau du Lude","url":"https:\/\/www.lelude.com\/","logo":{"@type":"ImageObject","inLanguage":"en-US","@id":"https:\/\/www.lelude.com\/#\/schema\/logo\/image\/","url":"https:\/\/www.lelude.com\/wp-content\/uploads\/2017\/03\/logolelude.png","contentUrl":"https:\/\/www.lelude.com\/wp-content\/uploads\/2017\/03\/logolelude.png","width":167,"height":100,"caption":"Ch\u00e2teau du Lude"},"image":{"@id":"https:\/\/www.lelude.com\/#\/schema\/logo\/image\/"}}]}},"_links":{"self":[{"href":"https:\/\/www.lelude.com\/en\/wp-json\/wp\/v2\/pages\/872"}],"collection":[{"href":"https:\/\/www.lelude.com\/en\/wp-json\/wp\/v2\/pages"}],"about":[{"href":"https:\/\/www.lelude.com\/en\/wp-json\/wp\/v2\/types\/page"}],"author":[{"embeddable":true,"href":"https:\/\/www.lelude.com\/en\/wp-json\/wp\/v2\/users\/7"}],"replies":[{"embeddable":true,"href":"https:\/\/www.lelude.com\/en\/wp-json\/wp\/v2\/comments?post=872"}],"version-history":[{"count":20,"href":"https:\/\/www.lelude.com\/en\/wp-json\/wp\/v2\/pages\/872\/revisions"}],"predecessor-version":[{"id":13472,"href":"https:\/\/www.lelude.com\/en\/wp-json\/wp\/v2\/pages\/872\/revisions\/13472"}],"wp:attachment":[{"href":"https:\/\/www.lelude.com\/en\/wp-json\/wp\/v2\/media?parent=872"}],"curies":[{"name":"wp","href":"https:\/\/api.w.org\/{rel}","templated":true}]}}