{"id":874,"date":"2017-05-06T12:04:35","date_gmt":"2017-05-06T10:04:35","guid":{"rendered":"https:\/\/www.lelude.com\/?page_id=874"},"modified":"2026-03-26T21:49:43","modified_gmt":"2026-03-26T20:49:43","slug":"prix-p-j-redoute-2","status":"publish","type":"page","link":"https:\/\/www.lelude.com\/en\/prix-p-j-redoute-2\/","title":{"rendered":"The Prix P.J. Redout\u00e9"},"content":{"rendered":"<div class=\"wpb-content-wrapper\">[vc_row fullwidth=&#8221;true&#8221;][vc_column][mk_page_title_box section_height=&#8221;200&#8243; bg_image=&#8221;https:\/\/www.lelude.com\/wp-content\/uploads\/2026\/03\/lude_bandeau_20261.jpg&#8221; bg_position=&#8221;center center&#8221; bg_stretch=&#8221;true&#8221; font_size=&#8221;100&#8243; title_letter_spacing=&#8221;1&#8243; font_color=&#8221;#ffffff&#8221; font_weight=&#8221;bold&#8221; underline=&#8221;false&#8221;][\/vc_column][\/vc_row][mk_page_section padding_top=&#8221;0&#8243; padding_bottom=&#8221;0&#8243; top_shape_color=&#8221;#ffffff&#8221; bottom_shape_style=&#8221;speech-bottom&#8221; bottom_shape_color=&#8221;#ffffff&#8221; sidebar=&#8221;sidebar-1&#8243;][vc_column width=&#8221;2\/3&#8243;][mk_custom_box margin_bottom=&#8221;0&#8243;][mk_fancy_title size=&#8221;32&#8243; line_height=&#8221;110&#8243; font_weight=&#8221;bold&#8221; letter_spacing=&#8221;-1&#8243; margin_top=&#8221;20&#8243; margin_bottom=&#8221;16&#8243; font_family=&#8221;none&#8221; el_class=&#8221;sousligne&#8221;]<strong>The Prix Pierre Joseph Redout\u00e9, dedicated to the best gardenbook <\/strong>[\/mk_fancy_title][vc_column_text css=&#8221;.vc_custom_1774537602028{margin-bottom: 0px !important;}&#8221;]A literary Prize was created in 2000 in honour of the great 18th century Flower painter Pierre-Joseph Redout\u00e9, for the best French gardening and botanical books of the year.<\/p>\n<p>Organised by the Association des Jardins du Maine (JASPE), the Pierre-Joseph Redout\u00e9 Prize is awarded every year in the Loire Valley, the first week-end of June at the Ch\u00e2teau du Lude during the <a href=\"https:\/\/www.lelude.com\/fete-des-jardiniers\/?lang=en\">Garden festival<\/a>.<\/p>\n<p>The Pierre-Joseph Redout\u00e9 Prize is awarded by an experienced and discerning <strong>Jury<\/strong>:<\/p>\n<ul>\n<li>botanist Olivier Colin,<\/li>\n<li>journalist Martine G\u00e9rardin,<\/li>\n<li>interior designer Jacques Garcia,<\/li>\n<li>actress Marie-Anne Chazel,<\/li>\n<li>Marc Mennessier, journalist at le Figaro,<\/li>\n<li>amateur gardener Maryvonne Pinault,<\/li>\n<li>well known Belgian gardener Diane van Strydonck,<\/li>\n<li>Film Producer Jean-Louis Remilleux,<\/li>\n<li>and landscape architect Louis Benech.<\/li>\n<\/ul>\n<p>To celebrate the 250 years of Pierre-Joseph Redout\u00e9\u2019s birth, a new rose \u2018Prix Pierre-Joseph Redout\u00e9\u2019 was created in 2009 by the rose specialist Guillot, whose origins date back to the famous painter\u2019s time.<br \/>\nThe winners and runner-ups join the Garden festival at the ch\u00e2teau du Lude, for book signings, workshops and talks on some of the great figures and topics in gardening.<\/p>\n<h3>Our Partners<\/h3>\n<p>The Sarthe Conseil d\u00e9partemental, The Regional Council of the Loire valley, Radio France Bleu Maine, N\u00e9opost, TRUFFAUT, M\u00e9dia Participations, Bourg Joly Malicorne, all give their encouragements and support to the Pierre-Joseph Redout\u00e9 Prize.<\/p>\n<p>&nbsp;<\/p>\n<h3>The Edition 2025:<\/h3>\n<p>On 31th May 2025 at the Ch\u00e2teau du Lude, the 25th Price P.-J. Redout\u00e9 was presented by the <em>Association des Jardins du Maine<\/em> to:<\/p>\n<h3 style=\"text-align: center;\">Jardins secrets du Japon,<\/h3>\n<p style=\"text-align: center;\">by Francis Peeters<br \/>\nnd Guy Vandersande<br \/>\n\u00c9ditions Ulmer<\/p>\n<h4><strong><img decoding=\"async\" loading=\"lazy\" class=\"size-medium wp-image-12168 aligncenter\" src=\"https:\/\/www.lelude.com\/wp-content\/uploads\/2025\/05\/jardins-du-japon-225x300.jpg\" alt=\"\" width=\"225\" height=\"300\" srcset=\"https:\/\/www.lelude.com\/wp-content\/uploads\/2025\/05\/jardins-du-japon-225x300.jpg 225w, https:\/\/www.lelude.com\/wp-content\/uploads\/2025\/05\/jardins-du-japon-768x1024.jpg 768w, https:\/\/www.lelude.com\/wp-content\/uploads\/2025\/05\/jardins-du-japon.jpg 1500w\" sizes=\"(max-width: 225px) 100vw, 225px\" \/><\/strong><\/h4>\n<p><strong>THE AUTHOR<\/strong><br \/>\nFrancis Peeters is a speaker, journalist and specialist of Asian art. Passionate about gardens, he created himself in Belgium a garden rich of about 1 500 species and cultivars. His numerous trips in the Far East allowed him to discover the most hidden facets of eastern civilizations, which he shares with his works and conferences.<\/p>\n<p><strong>THE BOOK<\/strong><br \/>\n<em>Jardins secrets du Japon<\/em> reveals the essence of the Japanese landscape art with 40 unknown gardens. It is intended for garden lovers as well as passionate of Japanese culture. Far from the traditional tourist sites, the author invites us to explore places full of spirituality and serenity, when each element, from the rock to the lantern, wears a deep symbolism. The work enlightens the fundamental principles oft he Japanese landscape art, such as the techniques applied, which could be sources of inspiration for the garden lovers.<br \/>\nGuy Vandersande&#8217;s photographs magnificently illustrate the diversity and the beauty of those gardens, offering to the reader a visual immersion in this fascinating universe.<br \/>\nThe book distinguishes itself by its quality of presentation. The balanced format, the clarity of the layout and the neat cover under a transparent layer jacket confers to the work an elegant look.<br \/>\n<em>Jardins secrets du Japon <\/em>is somehow an inivitation to contemplation and discovering of an intimate and poetic Japan, far from the usual clich\u00e9.<\/p>\n<h4><strong>4 othe books were awarded in the following categories:<\/strong><\/h4>\n<table width=\"626\">\n<tbody>\n<tr>\n<td class=\"alignCenter\">\n<p class=\"bold\">SPECIAL PRICE OF THE JURY<\/p>\n<p class=\"bold\"><strong>Rosomanes et roses au Mans<\/strong>,<br \/>\nGuillaume &amp; Jean-Pierre Epinal,<br \/>\nSoci\u00e9t\u00e9 d&#8217;agiculture sciences et arts de la Sarthe<\/p>\n<\/td>\n<td class=\"alignCenter\">HISTORICAL PRICE<\/p>\n<p><strong>L&#8217;art des jardins \u00e0 travers l&#8217;Europe au si\u00e8cle des Lumi\u00e8res<\/strong>,<br \/>\nJean-Marc Schivo,<br \/>\n\u00e9d. Dervy<\/td>\n<\/tr>\n<tr>\n<td class=\"alignCenter\">PRATICAL PRICE<\/p>\n<p><strong>Orchid\u00e9es<\/strong>,<br \/>\nRomain Maire,Ulmer<\/td>\n<td class=\"alignCenter\">\n<p class=\"bold\">ARTISTIC PRICE<\/p>\n<p class=\"bold\"><strong>Inventer le jardin de l&#8217;Antiquit\u00e9 \u00e0 nos jours<\/strong>,<br \/>\nMonique Mosser et Gilles Cl\u00e9ment ,\u00e9d. Seuil-BNF<\/p>\n<\/td>\n<\/tr>\n<\/tbody>\n<\/table>\n[\/vc_column_text][mk_gallery images=&#8221;12175,12173,12171,12169,12167&#8243; orderby=&#8221;post__in&#8221;][\/mk_custom_box][\/vc_column][vc_column width=&#8221;1\/3&#8243; css=&#8221;.vc_custom_1489054828018{margin-bottom: 0px !important;padding-right: 0px !important;padding-left: 0px !important;}&#8221;][mk_custom_box padding_vertical=&#8221;56&#8243; padding_horizental=&#8221;15&#8243; min_height=&#8221;350&#8243; bg_image=&#8221;https:\/\/www.lelude.com\/wp-content\/uploads\/2017\/02\/home-fond-call.jpg&#8221; overlay_color=&#8221;rgba(0,84,121,0.9)&#8221; bg_stretch=&#8221;true&#8221;][vc_icon icon_fontawesome=&#8221;fa fa-star-o&#8221; color=&#8221;white&#8221; size=&#8221;lg&#8221; align=&#8221;center&#8221; link=&#8221;url:%23|||&#8221; el_class=&#8221;iconeinfo&#8221; css=&#8221;.vc_custom_1493390765910{margin-bottom: 16px !important;}&#8221;][mk_fancy_title tag_name=&#8221;h4&#8243; color=&#8221;#ffffff&#8221; size=&#8221;24&#8243; font_weight=&#8221;600&#8243; font_family=&#8221;none&#8221; align=&#8221;center&#8221;]Prize list[\/mk_fancy_title][vc_column_text align=&#8221;center&#8221; css=&#8221;.vc_custom_1556720840252{margin-bottom: 0px !important;}&#8221;]\n<p style=\"color: #ffffff; text-align: center;\">P.J. Redout\u00e9 Prize&#8217;s last editions<\/p>\n[\/vc_column_text][mk_button dimension=&#8221;outline&#8221; corner_style=&#8221;rounded&#8221; size=&#8221;medium&#8221; url=&#8221;https:\/\/www.lelude.com\/en\/prixpjredoute-palmares2025\/&#8221; align=&#8221;center&#8221; margin_bottom=&#8221;32&#8243; outline_skin=&#8221;custom&#8221; outline_active_color=&#8221;#ffffff&#8221;]Prize list 2025[\/mk_button][mk_button dimension=&#8221;outline&#8221; corner_style=&#8221;rounded&#8221; size=&#8221;medium&#8221; url=&#8221;https:\/\/www.lelude.com\/en\/prixpjredoute-palmares2024\/&#8221; align=&#8221;center&#8221; margin_top=&#8221;32&#8243; margin_right=&#8221;0&#8243; outline_skin=&#8221;custom&#8221; outline_active_color=&#8221;#ffffff&#8221; outline_active_text_color=&#8221;#ffffff&#8221; outline_hover_bg_color=&#8221;#ffffff&#8221; outline_hover_color=&#8221;#005479&#8243;]Prize list 2024[\/mk_button][\/mk_custom_box][mk_custom_box padding_vertical=&#8221;56&#8243; padding_horizental=&#8221;15&#8243; margin_bottom=&#8221;0&#8243; min_height=&#8221;350&#8243; bg_image=&#8221;https:\/\/www.lelude.com\/wp-content\/uploads\/2017\/02\/home-fond-call.jpg&#8221; overlay_color=&#8221;rgba(210,0,65,0.9)&#8221; bg_stretch=&#8221;true&#8221;][vc_icon icon_fontawesome=&#8221;fa fa-facebook-square&#8221; color=&#8221;white&#8221; size=&#8221;lg&#8221; align=&#8221;center&#8221; link=&#8221;url:%23|||&#8221; el_class=&#8221;iconeinfo&#8221; css=&#8221;.vc_custom_1493391135796{margin-bottom: 16px !important;}&#8221;][mk_fancy_title tag_name=&#8221;h4&#8243; color=&#8221;#ffffff&#8221; size=&#8221;24&#8243; font_weight=&#8221;600&#8243; font_family=&#8221;none&#8221; align=&#8221;center&#8221;]Events[\/mk_fancy_title][vc_column_text align=&#8221;center&#8221;]\n<p style=\"color: #ffffff; text-align: center;\">To follow the news of the P.J. Redout\u00e9 Prize, you can see thededicated Facebook page<\/p>\n[\/vc_column_text][mk_button dimension=&#8221;outline&#8221; corner_style=&#8221;rounded&#8221; size=&#8221;medium&#8221; url=&#8221;https:\/\/www.facebook.com\/prixpierrejosephredoute&#8221; target=&#8221;_blank&#8221; align=&#8221;center&#8221; margin_top=&#8221;32&#8243; margin_right=&#8221;0&#8243; outline_skin=&#8221;custom&#8221; outline_active_color=&#8221;#ffffff&#8221; outline_active_text_color=&#8221;#ffffff&#8221; outline_hover_bg_color=&#8221;#ffffff&#8221; outline_hover_color=&#8221;#951d00&#8243;]Page Facebook[\/mk_button][\/mk_custom_box][\/vc_column][\/mk_page_section]\n<\/div>","protected":false},"excerpt":{"rendered":"<p>[vc_row fullwidth=&#8221;true&#8221;][vc_column][mk_page_title_box section_height=&#8221;200&#8243; bg_image=&#8221;https:\/\/www.lelude.com\/wp-content\/uploads\/2026\/03\/lude_bandeau_20261.jpg&#8221; bg_position=&#8221;center center&#8221; bg_stretch=&#8221;true&#8221; font_size=&#8221;100&#8243; title_letter_spacing=&#8221;1&#8243; font_color=&#8221;#ffffff&#8221; font_weight=&#8221;bold&#8221; underline=&#8221;false&#8221;][\/vc_column][\/vc_row][mk_page_section padding_top=&#8221;0&#8243; padding_bottom=&#8221;0&#8243; top_shape_color=&#8221;#ffffff&#8221; bottom_shape_style=&#8221;speech-bottom&#8221; bottom_shape_color=&#8221;#ffffff&#8221; sidebar=&#8221;sidebar-1&#8243;][vc_column width=&#8221;2\/3&#8243;][mk_custom_box margin_bottom=&#8221;0&#8243;][mk_fancy_title size=&#8221;32&#8243; line_height=&#8221;110&#8243; font_weight=&#8221;bold&#8221; letter_spacing=&#8221;-1&#8243; margin_top=&#8221;20&#8243; margin_bottom=&#8221;16&#8243; font_family=&#8221;none&#8221; el_class=&#8221;sousligne&#8221;]The Prix Pierre Joseph Redout\u00e9, dedicated to the best gardenbook [\/mk_fancy_title][vc_column_text css=&#8221;.vc_custom_1774537602028{margin-bottom: 0px !important;}&#8221;]A literary Prize was created in 2000 in honour of the great 18th century Flower [&hellip;]<\/p>\n","protected":false},"author":7,"featured_media":0,"parent":0,"menu_order":0,"comment_status":"closed","ping_status":"closed","template":"","meta":{"footnotes":""},"yoast_head":"<!-- This site is optimized with the Yoast SEO plugin v20.13 - https:\/\/yoast.com\/wordpress\/plugins\/seo\/ -->\n<title>The Prix P.J. Redout\u00e9 - Ch\u00e2teau du Lude<\/title>\n<meta name=\"robots\" content=\"index, follow, max-snippet:-1, max-image-preview:large, max-video-preview:-1\" \/>\n<link rel=\"canonical\" href=\"https:\/\/www.lelude.com\/en\/prix-p-j-redoute-2\/\" \/>\n<meta property=\"og:locale\" content=\"en_US\" \/>\n<meta property=\"og:type\" content=\"article\" \/>\n<meta property=\"og:title\" content=\"The Prix P.J. Redout\u00e9 - Ch\u00e2teau du Lude\" \/>\n<meta property=\"og:description\" content=\"[vc_row fullwidth=&#8221;true&#8221;][vc_column][mk_page_title_box section_height=&#8221;200&#8243; bg_image=&#8221;https:\/\/www.lelude.com\/wp-content\/uploads\/2026\/03\/lude_bandeau_20261.jpg&#8221; bg_position=&#8221;center center&#8221; bg_stretch=&#8221;true&#8221; font_size=&#8221;100&#8243; title_letter_spacing=&#8221;1&#8243; font_color=&#8221;#ffffff&#8221; font_weight=&#8221;bold&#8221; underline=&#8221;false&#8221;][\/vc_column][\/vc_row][mk_page_section padding_top=&#8221;0&#8243; padding_bottom=&#8221;0&#8243; top_shape_color=&#8221;#ffffff&#8221; bottom_shape_style=&#8221;speech-bottom&#8221; bottom_shape_color=&#8221;#ffffff&#8221; sidebar=&#8221;sidebar-1&#8243;][vc_column width=&#8221;2\/3&#8243;][mk_custom_box margin_bottom=&#8221;0&#8243;][mk_fancy_title size=&#8221;32&#8243; line_height=&#8221;110&#8243; font_weight=&#8221;bold&#8221; letter_spacing=&#8221;-1&#8243; margin_top=&#8221;20&#8243; margin_bottom=&#8221;16&#8243; font_family=&#8221;none&#8221; el_class=&#8221;sousligne&#8221;]The Prix Pierre Joseph Redout\u00e9, dedicated to the best gardenbook [\/mk_fancy_title][vc_column_text css=&#8221;.vc_custom_1774537602028{margin-bottom: 0px !important;}&#8221;]A literary Prize was created in 2000 in honour of the great 18th century Flower [&hellip;]\" \/>\n<meta property=\"og:url\" content=\"https:\/\/www.lelude.com\/en\/prix-p-j-redoute-2\/\" \/>\n<meta property=\"og:site_name\" content=\"Ch\u00e2teau du Lude\" \/>\n<meta property=\"article:modified_time\" content=\"2026-03-26T20:49:43+00:00\" \/>\n<meta property=\"og:image\" content=\"https:\/\/www.lelude.com\/wp-content\/uploads\/2025\/05\/jardins-du-japon-225x300.jpg\" \/>\n<meta name=\"twitter:card\" content=\"summary_large_image\" \/>\n<meta name=\"twitter:label1\" content=\"Est. reading time\" \/>\n\t<meta name=\"twitter:data1\" content=\"4 minutes\" \/>\n<script type=\"application\/ld+json\" class=\"yoast-schema-graph\">{\"@context\":\"https:\/\/schema.org\",\"@graph\":[{\"@type\":\"WebPage\",\"@id\":\"https:\/\/www.lelude.com\/en\/prix-p-j-redoute-2\/\",\"url\":\"https:\/\/www.lelude.com\/en\/prix-p-j-redoute-2\/\",\"name\":\"The Prix P.J. Redout\u00e9 - Ch\u00e2teau du Lude\",\"isPartOf\":{\"@id\":\"https:\/\/www.lelude.com\/#website\"},\"datePublished\":\"2017-05-06T10:04:35+00:00\",\"dateModified\":\"2026-03-26T20:49:43+00:00\",\"breadcrumb\":{\"@id\":\"https:\/\/www.lelude.com\/en\/prix-p-j-redoute-2\/#breadcrumb\"},\"inLanguage\":\"en-US\",\"potentialAction\":[{\"@type\":\"ReadAction\",\"target\":[\"https:\/\/www.lelude.com\/en\/prix-p-j-redoute-2\/\"]}]},{\"@type\":\"BreadcrumbList\",\"@id\":\"https:\/\/www.lelude.com\/en\/prix-p-j-redoute-2\/#breadcrumb\",\"itemListElement\":[{\"@type\":\"ListItem\",\"position\":1,\"name\":\"Accueil\",\"item\":\"https:\/\/www.lelude.com\/en\/\"},{\"@type\":\"ListItem\",\"position\":2,\"name\":\"The Prix P.J. Redout\u00e9\"}]},{\"@type\":\"WebSite\",\"@id\":\"https:\/\/www.lelude.com\/#website\",\"url\":\"https:\/\/www.lelude.com\/\",\"name\":\"Ch\u00e2teau du Lude\",\"description\":\"Le premier des ch\u00e2teaux de la Loire au nord de la vall\u00e9e\",\"publisher\":{\"@id\":\"https:\/\/www.lelude.com\/#organization\"},\"potentialAction\":[{\"@type\":\"SearchAction\",\"target\":{\"@type\":\"EntryPoint\",\"urlTemplate\":\"https:\/\/www.lelude.com\/?s={search_term_string}\"},\"query-input\":\"required name=search_term_string\"}],\"inLanguage\":\"en-US\"},{\"@type\":\"Organization\",\"@id\":\"https:\/\/www.lelude.com\/#organization\",\"name\":\"Ch\u00e2teau du Lude\",\"url\":\"https:\/\/www.lelude.com\/\",\"logo\":{\"@type\":\"ImageObject\",\"inLanguage\":\"en-US\",\"@id\":\"https:\/\/www.lelude.com\/#\/schema\/logo\/image\/\",\"url\":\"https:\/\/www.lelude.com\/wp-content\/uploads\/2017\/03\/logolelude.png\",\"contentUrl\":\"https:\/\/www.lelude.com\/wp-content\/uploads\/2017\/03\/logolelude.png\",\"width\":167,\"height\":100,\"caption\":\"Ch\u00e2teau du Lude\"},\"image\":{\"@id\":\"https:\/\/www.lelude.com\/#\/schema\/logo\/image\/\"}}]}<\/script>\n<!-- \/ Yoast SEO plugin. -->","yoast_head_json":{"title":"The Prix P.J. Redout\u00e9 - Ch\u00e2teau du Lude","robots":{"index":"index","follow":"follow","max-snippet":"max-snippet:-1","max-image-preview":"max-image-preview:large","max-video-preview":"max-video-preview:-1"},"canonical":"https:\/\/www.lelude.com\/en\/prix-p-j-redoute-2\/","og_locale":"en_US","og_type":"article","og_title":"The Prix P.J. Redout\u00e9 - Ch\u00e2teau du Lude","og_description":"[vc_row fullwidth=&#8221;true&#8221;][vc_column][mk_page_title_box section_height=&#8221;200&#8243; bg_image=&#8221;https:\/\/www.lelude.com\/wp-content\/uploads\/2026\/03\/lude_bandeau_20261.jpg&#8221; bg_position=&#8221;center center&#8221; bg_stretch=&#8221;true&#8221; font_size=&#8221;100&#8243; title_letter_spacing=&#8221;1&#8243; font_color=&#8221;#ffffff&#8221; font_weight=&#8221;bold&#8221; underline=&#8221;false&#8221;][\/vc_column][\/vc_row][mk_page_section padding_top=&#8221;0&#8243; padding_bottom=&#8221;0&#8243; top_shape_color=&#8221;#ffffff&#8221; bottom_shape_style=&#8221;speech-bottom&#8221; bottom_shape_color=&#8221;#ffffff&#8221; sidebar=&#8221;sidebar-1&#8243;][vc_column width=&#8221;2\/3&#8243;][mk_custom_box margin_bottom=&#8221;0&#8243;][mk_fancy_title size=&#8221;32&#8243; line_height=&#8221;110&#8243; font_weight=&#8221;bold&#8221; letter_spacing=&#8221;-1&#8243; margin_top=&#8221;20&#8243; margin_bottom=&#8221;16&#8243; font_family=&#8221;none&#8221; el_class=&#8221;sousligne&#8221;]The Prix Pierre Joseph Redout\u00e9, dedicated to the best gardenbook [\/mk_fancy_title][vc_column_text css=&#8221;.vc_custom_1774537602028{margin-bottom: 0px !important;}&#8221;]A literary Prize was created in 2000 in honour of the great 18th century Flower [&hellip;]","og_url":"https:\/\/www.lelude.com\/en\/prix-p-j-redoute-2\/","og_site_name":"Ch\u00e2teau du Lude","article_modified_time":"2026-03-26T20:49:43+00:00","og_image":[{"url":"https:\/\/www.lelude.com\/wp-content\/uploads\/2025\/05\/jardins-du-japon-225x300.jpg"}],"twitter_card":"summary_large_image","twitter_misc":{"Est. reading time":"4 minutes"},"schema":{"@context":"https:\/\/schema.org","@graph":[{"@type":"WebPage","@id":"https:\/\/www.lelude.com\/en\/prix-p-j-redoute-2\/","url":"https:\/\/www.lelude.com\/en\/prix-p-j-redoute-2\/","name":"The Prix P.J. Redout\u00e9 - Ch\u00e2teau du Lude","isPartOf":{"@id":"https:\/\/www.lelude.com\/#website"},"datePublished":"2017-05-06T10:04:35+00:00","dateModified":"2026-03-26T20:49:43+00:00","breadcrumb":{"@id":"https:\/\/www.lelude.com\/en\/prix-p-j-redoute-2\/#breadcrumb"},"inLanguage":"en-US","potentialAction":[{"@type":"ReadAction","target":["https:\/\/www.lelude.com\/en\/prix-p-j-redoute-2\/"]}]},{"@type":"BreadcrumbList","@id":"https:\/\/www.lelude.com\/en\/prix-p-j-redoute-2\/#breadcrumb","itemListElement":[{"@type":"ListItem","position":1,"name":"Accueil","item":"https:\/\/www.lelude.com\/en\/"},{"@type":"ListItem","position":2,"name":"The Prix P.J. Redout\u00e9"}]},{"@type":"WebSite","@id":"https:\/\/www.lelude.com\/#website","url":"https:\/\/www.lelude.com\/","name":"Ch\u00e2teau du Lude","description":"Le premier des ch\u00e2teaux de la Loire au nord de la vall\u00e9e","publisher":{"@id":"https:\/\/www.lelude.com\/#organization"},"potentialAction":[{"@type":"SearchAction","target":{"@type":"EntryPoint","urlTemplate":"https:\/\/www.lelude.com\/?s={search_term_string}"},"query-input":"required name=search_term_string"}],"inLanguage":"en-US"},{"@type":"Organization","@id":"https:\/\/www.lelude.com\/#organization","name":"Ch\u00e2teau du Lude","url":"https:\/\/www.lelude.com\/","logo":{"@type":"ImageObject","inLanguage":"en-US","@id":"https:\/\/www.lelude.com\/#\/schema\/logo\/image\/","url":"https:\/\/www.lelude.com\/wp-content\/uploads\/2017\/03\/logolelude.png","contentUrl":"https:\/\/www.lelude.com\/wp-content\/uploads\/2017\/03\/logolelude.png","width":167,"height":100,"caption":"Ch\u00e2teau du Lude"},"image":{"@id":"https:\/\/www.lelude.com\/#\/schema\/logo\/image\/"}}]}},"_links":{"self":[{"href":"https:\/\/www.lelude.com\/en\/wp-json\/wp\/v2\/pages\/874"}],"collection":[{"href":"https:\/\/www.lelude.com\/en\/wp-json\/wp\/v2\/pages"}],"about":[{"href":"https:\/\/www.lelude.com\/en\/wp-json\/wp\/v2\/types\/page"}],"author":[{"embeddable":true,"href":"https:\/\/www.lelude.com\/en\/wp-json\/wp\/v2\/users\/7"}],"replies":[{"embeddable":true,"href":"https:\/\/www.lelude.com\/en\/wp-json\/wp\/v2\/comments?post=874"}],"version-history":[{"count":20,"href":"https:\/\/www.lelude.com\/en\/wp-json\/wp\/v2\/pages\/874\/revisions"}],"predecessor-version":[{"id":13529,"href":"https:\/\/www.lelude.com\/en\/wp-json\/wp\/v2\/pages\/874\/revisions\/13529"}],"wp:attachment":[{"href":"https:\/\/www.lelude.com\/en\/wp-json\/wp\/v2\/media?parent=874"}],"curies":[{"name":"wp","href":"https:\/\/api.w.org\/{rel}","templated":true}]}}