{"id":881,"date":"2017-04-14T10:37:45","date_gmt":"2017-04-14T08:37:45","guid":{"rendered":"https:\/\/www.lelude.com\/?page_id=881"},"modified":"2026-03-26T15:06:20","modified_gmt":"2026-03-26T14:06:20","slug":"horaires-et-tarifs","status":"publish","type":"page","link":"https:\/\/www.lelude.com\/en\/horaires-et-tarifs\/","title":{"rendered":"Hours &#038; Rates"},"content":{"rendered":"<div class=\"wpb-content-wrapper\">[vc_row fullwidth=&#8221;true&#8221;][vc_column][mk_page_title_box page_title=&#8221;Hours &amp; Rates&#8221; bg_image=&#8221;https:\/\/www.lelude.com\/wp-content\/uploads\/2024\/02\/chateaudulude2018hd-68-scaled.jpg&#8221; bg_position=&#8221;center center&#8221; bg_stretch=&#8221;true&#8221; overlay=&#8221;rgba(0,0,0,0.2)&#8221; font_size=&#8221;48&#8243; title_letter_spacing=&#8221;1&#8243; font_color=&#8221;#ffffff&#8221; font_weight=&#8221;bold&#8221;][\/vc_column][\/vc_row][mk_page_section padding_top=&#8221;0&#8243; padding_bottom=&#8221;0&#8243; top_shape_color=&#8221;#ffffff&#8221; bottom_shape_style=&#8221;speech-bottom&#8221; bottom_shape_color=&#8221;#ffffff&#8221; sidebar=&#8221;sidebar-1&#8243;][vc_column width=&#8221;2\/3&#8243;][mk_custom_box margin_bottom=&#8221;0&#8243;][vc_column_text css=&#8221;.vc_custom_1774532492419{margin-bottom: 0px !important;}&#8221;]\n<h3>SEASON 2026:<\/h3>\n<ul>\n<li><strong>April to September: every day<\/strong><\/li>\n<li>October: Saturday and Sunday (afternoon only)<\/li>\n<li>All Saint&#8217;s Holidays (17th October to 1st November): every day (afternoon only)<\/li>\n<li>Christmas holidays (19th December to 3rd January): every day (afternoon only. Closed on 24th, 25th and 31st December and 1st January<\/li>\n<\/ul>\n<h3>Hours :<\/h3>\n<h4>4 April to 30th September:<\/h4>\n<ul>\n<li><strong>Visit of the house: 10.30am &#8211; 12.30pm \/ 2.30pm &#8211; 6pm (last entrance 30 min. before closure)<\/strong><\/li>\n<li><strong>Access to the garden: <\/strong><strong>10am &#8211; 12.30pm \/ 2pm &#8211; 6pm<\/strong><\/li>\n<\/ul>\n<h4>Week-ends of October et school holidays:<\/h4>\n<ul>\n<li><strong>Visit of the house: 2.30pm &#8211; 6pm (last entrance 30 min. before closure)<\/strong><\/li>\n<li><strong>Access to the garden: <\/strong><strong>2pm &#8211; 6pm<\/strong><\/li>\n<\/ul>\n<h3>Prices:<\/h3>\n<p><strong>Visit of the House and the park<br \/>\n<\/strong><\/p>\n<ul>\n<li>adult: 12,00 \u20ac<\/li>\n<li>child*: 2 prices according to age<br \/>\n6-12: 6,00 \u20ac<br \/>\n13-18: 8,50\u20ac<\/li>\n<li>student**: 9,50 \u20ac<\/li>\n<\/ul>\n<p><strong>Visit of the park<br \/>\n<\/strong><\/p>\n<ul>\n<li>adult: 8,00 \u20ac<\/li>\n<li>child*: 5,00 \u20ac<\/li>\n<li>student**: 7,00 \u20ac<\/li>\n<\/ul>\n<p><strong>For the groups<\/strong><\/p>\n<ul>\n<li>adult: 8,00 \u20ac<\/li>\n<li>child *: 2 prices according to age<br \/>\n6-12: 5,00 \u20ac<br \/>\n13-18: 7\u20ac<\/li>\n<li>student: 7\u20ac<\/li>\n<\/ul>\n<p><em>The prices for groups are for a minimum of 15 persons.<br \/>\nThe house is open to groups all the year, on demand.<\/em><\/p>\n<hr \/>\n<p><em>* <\/em>the prices &#8220;child&#8221; is for children between 6 and 18 years old. Under 6 years old, the entrance is free.<br \/>\n** the price &#8220;student&#8221; is for visitors registered as a student in higher education establishments.<\/p>\n<p>&nbsp;<\/p>\n<h3>DURATION OF THE VISIT:<\/h3>\n<p>To fully enjoy you visit at the Ch\u00e2teau du Lude,\u00a0 you can spend 2 hours on site.<\/p>\n<p>&nbsp;<\/p>\n<h3>Other informations:<\/h3>\n<ul>\n<li>The house, the garden and the common building arewith disabled access, except for rooms upstairs.<\/li>\n<li>Strollers forbiden in the castle. A secure space is provided during the visit.<\/li>\n<li>Parking for the bikes.<\/li>\n<li>On-leached dogs allowed in the park.<\/li>\n<\/ul>\n[\/vc_column_text][\/mk_custom_box][vc_column_text][\/vc_column_text][\/vc_column][vc_column width=&#8221;1\/3&#8243; css=&#8221;.vc_custom_1489054828018{margin-bottom: 0px !important;padding-right: 0px !important;padding-left: 0px !important;}&#8221;][mk_custom_box padding_vertical=&#8221;56&#8243; padding_horizental=&#8221;15&#8243; min_height=&#8221;350&#8243; bg_image=&#8221;https:\/\/www.lelude.com\/wp-content\/uploads\/2017\/02\/home-fond-call.jpg&#8221; overlay_color=&#8221;rgba(0,84,121,0.9)&#8221; bg_stretch=&#8221;true&#8221;][vc_icon icon_fontawesome=&#8221;fa fa-users&#8221; color=&#8221;white&#8221; size=&#8221;lg&#8221; align=&#8221;center&#8221; link=&#8221;url:%23|||&#8221; el_class=&#8221;iconeinfo&#8221; css=&#8221;.vc_custom_1489153747323{margin-bottom: 16px !important;}&#8221;][mk_fancy_title tag_name=&#8221;h4&#8243; color=&#8221;#ffffff&#8221; size=&#8221;24&#8243; font_weight=&#8221;600&#8243; font_family=&#8221;none&#8221; align=&#8221;center&#8221;]Group booking[\/mk_fancy_title][vc_column_text align=&#8221;center&#8221; css=&#8221;.vc_custom_1675434703957{margin-bottom: 0px !important;}&#8221;]\n<p style=\"color: #ffffff; text-align: center;\">To discover the castle and its garden, the groups can book a visit all along the year<\/p>\n[\/vc_column_text][mk_button dimension=&#8221;outline&#8221; corner_style=&#8221;rounded&#8221; size=&#8221;medium&#8221; url=&#8221;https:\/\/www.lelude.com\/en\/groupes\/&#8221; align=&#8221;center&#8221; margin_top=&#8221;32&#8243; margin_right=&#8221;0&#8243; outline_skin=&#8221;custom&#8221; outline_active_color=&#8221;#ffffff&#8221; outline_active_text_color=&#8221;#ffffff&#8221; outline_hover_bg_color=&#8221;#ffffff&#8221; outline_hover_color=&#8221;#005479&#8243;]see more[\/mk_button][\/mk_custom_box][mk_custom_box padding_vertical=&#8221;56&#8243; padding_horizental=&#8221;15&#8243; margin_bottom=&#8221;0&#8243; min_height=&#8221;350&#8243; bg_image=&#8221;https:\/\/www.lelude.com\/wp-content\/uploads\/2017\/02\/home-fond-call.jpg&#8221; overlay_color=&#8221;rgba(210,0,65,0.9)&#8221; bg_stretch=&#8221;true&#8221;][vc_icon icon_fontawesome=&#8221;fa fa-fort-awesome&#8221; color=&#8221;white&#8221; size=&#8221;lg&#8221; align=&#8221;center&#8221; link=&#8221;url:%23|||&#8221; el_class=&#8221;iconeinfo&#8221; css=&#8221;.vc_custom_1489052966295{margin-bottom: 16px !important;}&#8221;][mk_fancy_title tag_name=&#8221;h4&#8243; color=&#8221;#ffffff&#8221; size=&#8221;24&#8243; font_weight=&#8221;600&#8243; margin_bottom=&#8221;16&#8243; font_family=&#8221;none&#8221; align=&#8221;center&#8221;]An amazing house[\/mk_fancy_title][vc_column_text align=&#8221;center&#8221; css=&#8221;.vc_custom_1675434825337{margin-bottom: 0px !important;}&#8221;]\n<p style=\"color: #ffffff; text-align: center;\">Top of the range receptions, private tour, bird shooting<\/p>\n[\/vc_column_text][mk_button dimension=&#8221;outline&#8221; corner_style=&#8221;rounded&#8221; size=&#8221;medium&#8221; url=&#8221;https:\/\/www.lelude.com\/contact\/?lang=en&#8221; align=&#8221;center&#8221; margin_top=&#8221;32&#8243; margin_right=&#8221;0&#8243; outline_skin=&#8221;custom&#8221; outline_active_color=&#8221;#ffffff&#8221; outline_active_text_color=&#8221;#ffffff&#8221; outline_hover_bg_color=&#8221;#ffffff&#8221; outline_hover_color=&#8221;#951d00&#8243;]Contact us[\/mk_button][\/mk_custom_box][\/vc_column][vc_column][\/vc_column][\/mk_page_section][mk_page_section bg_color=&#8221;#faf9f9&#8243; full_width=&#8221;true&#8221; padding_top=&#8221;0&#8243; padding_bottom=&#8221;0&#8243; has_top_shape_divider=&#8221;true&#8221; top_shape_style=&#8221;speech-top&#8221; top_shape_color=&#8221;#ffffff&#8221; bottom_shape_color=&#8221;#ffffff&#8221; sidebar=&#8221;sidebar-1&#8243;][vc_column][mk_fancy_title size=&#8221;32&#8243; line_height=&#8221;110&#8243; font_weight=&#8221;bold&#8221; letter_spacing=&#8221;-1&#8243; margin_top=&#8221;20&#8243; margin_bottom=&#8221;16&#8243; font_family=&#8221;none&#8221; align=&#8221;center&#8221; el_class=&#8221;sousligne&#8221;]Galerie[\/mk_fancy_title][mk_gallery images=&#8221;12785,6018,12777,12781,12789,12783,12779,12787&#8243; column=&#8221;4&#8243; image_size=&#8221;large&#8221; hover_scenarios=&#8221;slow_zoom&#8221; item_spacing=&#8221;10&#8243; margin_bottom=&#8221;0&#8243; frame_style=&#8221;grid&#8221; orderby=&#8221;post__in&#8221;][\/vc_column][\/mk_page_section]\n<\/div>","protected":false},"excerpt":{"rendered":"<p>[vc_row fullwidth=&#8221;true&#8221;][vc_column][mk_page_title_box page_title=&#8221;Hours &amp; Rates&#8221; bg_image=&#8221;https:\/\/www.lelude.com\/wp-content\/uploads\/2024\/02\/chateaudulude2018hd-68-scaled.jpg&#8221; bg_position=&#8221;center center&#8221; bg_stretch=&#8221;true&#8221; overlay=&#8221;rgba(0,0,0,0.2)&#8221; font_size=&#8221;48&#8243; title_letter_spacing=&#8221;1&#8243; font_color=&#8221;#ffffff&#8221; font_weight=&#8221;bold&#8221;][\/vc_column][\/vc_row][mk_page_section padding_top=&#8221;0&#8243; padding_bottom=&#8221;0&#8243; top_shape_color=&#8221;#ffffff&#8221; bottom_shape_style=&#8221;speech-bottom&#8221; bottom_shape_color=&#8221;#ffffff&#8221; sidebar=&#8221;sidebar-1&#8243;][vc_column width=&#8221;2\/3&#8243;][mk_custom_box margin_bottom=&#8221;0&#8243;][vc_column_text css=&#8221;.vc_custom_1774532492419{margin-bottom: 0px !important;}&#8221;] SEASON 2026: April to September: every day October: Saturday and Sunday (afternoon only) All Saint&#8217;s Holidays (17th October to 1st November): every day (afternoon only) Christmas holidays (19th December to [&hellip;]<\/p>\n","protected":false},"author":7,"featured_media":0,"parent":0,"menu_order":0,"comment_status":"closed","ping_status":"closed","template":"","meta":{"footnotes":""},"yoast_head":"<!-- This site is optimized with the Yoast SEO plugin v20.13 - https:\/\/yoast.com\/wordpress\/plugins\/seo\/ -->\n<title>Hours &amp; Rates - Ch\u00e2teau du Lude<\/title>\n<meta name=\"robots\" content=\"index, follow, max-snippet:-1, max-image-preview:large, max-video-preview:-1\" \/>\n<link rel=\"canonical\" href=\"https:\/\/www.lelude.com\/en\/horaires-et-tarifs\/\" \/>\n<meta property=\"og:locale\" content=\"en_US\" \/>\n<meta property=\"og:type\" content=\"article\" \/>\n<meta property=\"og:title\" content=\"Hours &amp; Rates - Ch\u00e2teau du Lude\" \/>\n<meta property=\"og:description\" content=\"[vc_row fullwidth=&#8221;true&#8221;][vc_column][mk_page_title_box page_title=&#8221;Hours &amp; Rates&#8221; bg_image=&#8221;https:\/\/www.lelude.com\/wp-content\/uploads\/2024\/02\/chateaudulude2018hd-68-scaled.jpg&#8221; bg_position=&#8221;center center&#8221; bg_stretch=&#8221;true&#8221; overlay=&#8221;rgba(0,0,0,0.2)&#8221; font_size=&#8221;48&#8243; title_letter_spacing=&#8221;1&#8243; font_color=&#8221;#ffffff&#8221; font_weight=&#8221;bold&#8221;][\/vc_column][\/vc_row][mk_page_section padding_top=&#8221;0&#8243; padding_bottom=&#8221;0&#8243; top_shape_color=&#8221;#ffffff&#8221; bottom_shape_style=&#8221;speech-bottom&#8221; bottom_shape_color=&#8221;#ffffff&#8221; sidebar=&#8221;sidebar-1&#8243;][vc_column width=&#8221;2\/3&#8243;][mk_custom_box margin_bottom=&#8221;0&#8243;][vc_column_text css=&#8221;.vc_custom_1774532492419{margin-bottom: 0px !important;}&#8221;] SEASON 2026: April to September: every day October: Saturday and Sunday (afternoon only) All Saint&#8217;s Holidays (17th October to 1st November): every day (afternoon only) Christmas holidays (19th December to [&hellip;]\" \/>\n<meta property=\"og:url\" content=\"https:\/\/www.lelude.com\/en\/horaires-et-tarifs\/\" \/>\n<meta property=\"og:site_name\" content=\"Ch\u00e2teau du Lude\" \/>\n<meta property=\"article:modified_time\" content=\"2026-03-26T14:06:20+00:00\" \/>\n<meta name=\"twitter:card\" content=\"summary_large_image\" \/>\n<meta name=\"twitter:label1\" content=\"Est. reading time\" \/>\n\t<meta name=\"twitter:data1\" content=\"2 minutes\" \/>\n<script type=\"application\/ld+json\" class=\"yoast-schema-graph\">{\"@context\":\"https:\/\/schema.org\",\"@graph\":[{\"@type\":\"WebPage\",\"@id\":\"https:\/\/www.lelude.com\/en\/horaires-et-tarifs\/\",\"url\":\"https:\/\/www.lelude.com\/en\/horaires-et-tarifs\/\",\"name\":\"Hours & Rates - Ch\u00e2teau du Lude\",\"isPartOf\":{\"@id\":\"https:\/\/www.lelude.com\/#website\"},\"datePublished\":\"2017-04-14T08:37:45+00:00\",\"dateModified\":\"2026-03-26T14:06:20+00:00\",\"breadcrumb\":{\"@id\":\"https:\/\/www.lelude.com\/en\/horaires-et-tarifs\/#breadcrumb\"},\"inLanguage\":\"en-US\",\"potentialAction\":[{\"@type\":\"ReadAction\",\"target\":[\"https:\/\/www.lelude.com\/en\/horaires-et-tarifs\/\"]}]},{\"@type\":\"BreadcrumbList\",\"@id\":\"https:\/\/www.lelude.com\/en\/horaires-et-tarifs\/#breadcrumb\",\"itemListElement\":[{\"@type\":\"ListItem\",\"position\":1,\"name\":\"Accueil\",\"item\":\"https:\/\/www.lelude.com\/en\/\"},{\"@type\":\"ListItem\",\"position\":2,\"name\":\"Hours &#038; Rates\"}]},{\"@type\":\"WebSite\",\"@id\":\"https:\/\/www.lelude.com\/#website\",\"url\":\"https:\/\/www.lelude.com\/\",\"name\":\"Ch\u00e2teau du Lude\",\"description\":\"Le premier des ch\u00e2teaux de la Loire au nord de la vall\u00e9e\",\"publisher\":{\"@id\":\"https:\/\/www.lelude.com\/#organization\"},\"potentialAction\":[{\"@type\":\"SearchAction\",\"target\":{\"@type\":\"EntryPoint\",\"urlTemplate\":\"https:\/\/www.lelude.com\/?s={search_term_string}\"},\"query-input\":\"required name=search_term_string\"}],\"inLanguage\":\"en-US\"},{\"@type\":\"Organization\",\"@id\":\"https:\/\/www.lelude.com\/#organization\",\"name\":\"Ch\u00e2teau du Lude\",\"url\":\"https:\/\/www.lelude.com\/\",\"logo\":{\"@type\":\"ImageObject\",\"inLanguage\":\"en-US\",\"@id\":\"https:\/\/www.lelude.com\/#\/schema\/logo\/image\/\",\"url\":\"https:\/\/www.lelude.com\/wp-content\/uploads\/2017\/03\/logolelude.png\",\"contentUrl\":\"https:\/\/www.lelude.com\/wp-content\/uploads\/2017\/03\/logolelude.png\",\"width\":167,\"height\":100,\"caption\":\"Ch\u00e2teau du Lude\"},\"image\":{\"@id\":\"https:\/\/www.lelude.com\/#\/schema\/logo\/image\/\"}}]}<\/script>\n<!-- \/ Yoast SEO plugin. -->","yoast_head_json":{"title":"Hours & Rates - Ch\u00e2teau du Lude","robots":{"index":"index","follow":"follow","max-snippet":"max-snippet:-1","max-image-preview":"max-image-preview:large","max-video-preview":"max-video-preview:-1"},"canonical":"https:\/\/www.lelude.com\/en\/horaires-et-tarifs\/","og_locale":"en_US","og_type":"article","og_title":"Hours & Rates - Ch\u00e2teau du Lude","og_description":"[vc_row fullwidth=&#8221;true&#8221;][vc_column][mk_page_title_box page_title=&#8221;Hours &amp; Rates&#8221; bg_image=&#8221;https:\/\/www.lelude.com\/wp-content\/uploads\/2024\/02\/chateaudulude2018hd-68-scaled.jpg&#8221; bg_position=&#8221;center center&#8221; bg_stretch=&#8221;true&#8221; overlay=&#8221;rgba(0,0,0,0.2)&#8221; font_size=&#8221;48&#8243; title_letter_spacing=&#8221;1&#8243; font_color=&#8221;#ffffff&#8221; font_weight=&#8221;bold&#8221;][\/vc_column][\/vc_row][mk_page_section padding_top=&#8221;0&#8243; padding_bottom=&#8221;0&#8243; top_shape_color=&#8221;#ffffff&#8221; bottom_shape_style=&#8221;speech-bottom&#8221; bottom_shape_color=&#8221;#ffffff&#8221; sidebar=&#8221;sidebar-1&#8243;][vc_column width=&#8221;2\/3&#8243;][mk_custom_box margin_bottom=&#8221;0&#8243;][vc_column_text css=&#8221;.vc_custom_1774532492419{margin-bottom: 0px !important;}&#8221;] SEASON 2026: April to September: every day October: Saturday and Sunday (afternoon only) All Saint&#8217;s Holidays (17th October to 1st November): every day (afternoon only) Christmas holidays (19th December to [&hellip;]","og_url":"https:\/\/www.lelude.com\/en\/horaires-et-tarifs\/","og_site_name":"Ch\u00e2teau du Lude","article_modified_time":"2026-03-26T14:06:20+00:00","twitter_card":"summary_large_image","twitter_misc":{"Est. reading time":"2 minutes"},"schema":{"@context":"https:\/\/schema.org","@graph":[{"@type":"WebPage","@id":"https:\/\/www.lelude.com\/en\/horaires-et-tarifs\/","url":"https:\/\/www.lelude.com\/en\/horaires-et-tarifs\/","name":"Hours & Rates - Ch\u00e2teau du Lude","isPartOf":{"@id":"https:\/\/www.lelude.com\/#website"},"datePublished":"2017-04-14T08:37:45+00:00","dateModified":"2026-03-26T14:06:20+00:00","breadcrumb":{"@id":"https:\/\/www.lelude.com\/en\/horaires-et-tarifs\/#breadcrumb"},"inLanguage":"en-US","potentialAction":[{"@type":"ReadAction","target":["https:\/\/www.lelude.com\/en\/horaires-et-tarifs\/"]}]},{"@type":"BreadcrumbList","@id":"https:\/\/www.lelude.com\/en\/horaires-et-tarifs\/#breadcrumb","itemListElement":[{"@type":"ListItem","position":1,"name":"Accueil","item":"https:\/\/www.lelude.com\/en\/"},{"@type":"ListItem","position":2,"name":"Hours &#038; Rates"}]},{"@type":"WebSite","@id":"https:\/\/www.lelude.com\/#website","url":"https:\/\/www.lelude.com\/","name":"Ch\u00e2teau du Lude","description":"Le premier des ch\u00e2teaux de la Loire au nord de la vall\u00e9e","publisher":{"@id":"https:\/\/www.lelude.com\/#organization"},"potentialAction":[{"@type":"SearchAction","target":{"@type":"EntryPoint","urlTemplate":"https:\/\/www.lelude.com\/?s={search_term_string}"},"query-input":"required name=search_term_string"}],"inLanguage":"en-US"},{"@type":"Organization","@id":"https:\/\/www.lelude.com\/#organization","name":"Ch\u00e2teau du Lude","url":"https:\/\/www.lelude.com\/","logo":{"@type":"ImageObject","inLanguage":"en-US","@id":"https:\/\/www.lelude.com\/#\/schema\/logo\/image\/","url":"https:\/\/www.lelude.com\/wp-content\/uploads\/2017\/03\/logolelude.png","contentUrl":"https:\/\/www.lelude.com\/wp-content\/uploads\/2017\/03\/logolelude.png","width":167,"height":100,"caption":"Ch\u00e2teau du Lude"},"image":{"@id":"https:\/\/www.lelude.com\/#\/schema\/logo\/image\/"}}]}},"_links":{"self":[{"href":"https:\/\/www.lelude.com\/en\/wp-json\/wp\/v2\/pages\/881"}],"collection":[{"href":"https:\/\/www.lelude.com\/en\/wp-json\/wp\/v2\/pages"}],"about":[{"href":"https:\/\/www.lelude.com\/en\/wp-json\/wp\/v2\/types\/page"}],"author":[{"embeddable":true,"href":"https:\/\/www.lelude.com\/en\/wp-json\/wp\/v2\/users\/7"}],"replies":[{"embeddable":true,"href":"https:\/\/www.lelude.com\/en\/wp-json\/wp\/v2\/comments?post=881"}],"version-history":[{"count":20,"href":"https:\/\/www.lelude.com\/en\/wp-json\/wp\/v2\/pages\/881\/revisions"}],"predecessor-version":[{"id":13502,"href":"https:\/\/www.lelude.com\/en\/wp-json\/wp\/v2\/pages\/881\/revisions\/13502"}],"wp:attachment":[{"href":"https:\/\/www.lelude.com\/en\/wp-json\/wp\/v2\/media?parent=881"}],"curies":[{"name":"wp","href":"https:\/\/api.w.org\/{rel}","templated":true}]}}