{"id":885,"date":"2017-05-06T14:41:09","date_gmt":"2017-05-06T12:41:09","guid":{"rendered":"https:\/\/www.lelude.com\/?page_id=885"},"modified":"2018-12-22T15:07:39","modified_gmt":"2018-12-22T14:07:39","slug":"contact","status":"publish","type":"page","link":"https:\/\/www.lelude.com\/en\/contact\/","title":{"rendered":"Contact"},"content":{"rendered":"<div class=\"wpb-content-wrapper\">[vc_row fullwidth=&#8221;true&#8221;][vc_column][mk_page_title_box page_title=&#8221;Contact&#8221; section_height=&#8221;200&#8243; bg_image=&#8221;https:\/\/www.lelude.com\/wp-content\/uploads\/2017\/03\/decouvrir-header2.jpg&#8221; bg_position=&#8221;center top&#8221; bg_stretch=&#8221;true&#8221; overlay=&#8221;rgba(0,0,0,0.2)&#8221; font_size=&#8221;48&#8243; title_letter_spacing=&#8221;1&#8243; font_color=&#8221;#ffffff&#8221; font_weight=&#8221;bold&#8221;][\/vc_column][\/vc_row][mk_page_section padding_top=&#8221;56&#8243; padding_bottom=&#8221;0&#8243; top_shape_color=&#8221;#ffffff&#8221; bottom_shape_style=&#8221;speech-bottom&#8221; bottom_shape_color=&#8221;#ffffff&#8221; sidebar=&#8221;sidebar-1&#8243;][vc_column width=&#8221;2\/3&#8243;][vc_column_text]\n<h2>You want to contact us ?<\/h2>\n<p class=\"marginTop30\">Just fill in this form, we will answer you very soon.<\/p>\n[\/vc_column_text]\n<div class=\"wpcf7 no-js\" id=\"wpcf7-f2047-o1\" lang=\"fr-FR\" dir=\"ltr\">\n<div class=\"screen-reader-response\"><p role=\"status\" aria-live=\"polite\" aria-atomic=\"true\"><\/p> <ul><\/ul><\/div>\n<form action=\"\/en\/wp-json\/wp\/v2\/pages\/885#wpcf7-f2047-o1\" method=\"post\" class=\"wpcf7-form init\" aria-label=\"Formulaire de contact\" novalidate=\"novalidate\" data-status=\"init\">\n<div style=\"display: none;\">\n<input type=\"hidden\" name=\"_wpcf7\" value=\"2047\" \/>\n<input type=\"hidden\" name=\"_wpcf7_version\" value=\"5.8\" \/>\n<input type=\"hidden\" name=\"_wpcf7_locale\" value=\"fr_FR\" \/>\n<input type=\"hidden\" name=\"_wpcf7_unit_tag\" value=\"wpcf7-f2047-o1\" \/>\n<input type=\"hidden\" name=\"_wpcf7_container_post\" value=\"0\" \/>\n<input type=\"hidden\" name=\"_wpcf7_posted_data_hash\" value=\"\" \/>\n<input type=\"hidden\" name=\"_wpcf7_recaptcha_response\" value=\"\" \/>\n<\/div>\n<p><label> You name<br \/>\n<span class=\"wpcf7-form-control-wrap\" data-name=\"your-name\"><input size=\"40\" class=\"wpcf7-form-control wpcf7-text wpcf7-validates-as-required\" aria-required=\"true\" aria-invalid=\"false\" value=\"\" type=\"text\" name=\"your-name\" \/><\/span> <\/label>\n<\/p>\n<p><label> Your e-mail<br \/>\n<span class=\"wpcf7-form-control-wrap\" data-name=\"your-email\"><input size=\"40\" class=\"wpcf7-form-control wpcf7-email wpcf7-validates-as-required wpcf7-text wpcf7-validates-as-email\" aria-required=\"true\" aria-invalid=\"false\" value=\"\" type=\"email\" name=\"your-email\" \/><\/span> <\/label>\n<\/p>\n<p><label> Your phone number<br \/>\n<span class=\"wpcf7-form-control-wrap\" data-name=\"tel-396\"><input size=\"40\" class=\"wpcf7-form-control wpcf7-tel wpcf7-text wpcf7-validates-as-tel\" aria-invalid=\"false\" placeholder=\"t\u00e9l\u00e9phone\" value=\"\" type=\"tel\" name=\"tel-396\" \/><\/span> <\/label>\n<\/p>\n<p><label> Object<br \/>\n<span class=\"wpcf7-form-control-wrap\" data-name=\"your-subject\"><input size=\"40\" class=\"wpcf7-form-control wpcf7-text\" aria-invalid=\"false\" value=\"\" type=\"text\" name=\"your-subject\" \/><\/span> <\/label>\n<\/p>\n<p><label> Your message<br \/>\n<span class=\"wpcf7-form-control-wrap\" data-name=\"your-message\"><textarea cols=\"40\" rows=\"10\" class=\"wpcf7-form-control wpcf7-textarea\" aria-invalid=\"false\" name=\"your-message\"><\/textarea><\/span> <\/label>\n<\/p>\n<p><input class=\"wpcf7-form-control wpcf7-submit has-spinner\" type=\"submit\" value=\"Send\" \/>\n<\/p><div class=\"wpcf7-response-output\" aria-hidden=\"true\"><\/div>\n<\/form>\n<\/div>\n[vc_column_text css=&#8221;.vc_custom_1545487535235{margin-bottom: 0px !important;}&#8221;]<em>The informations collected with this form are required to deal with your request, and exclusively used to that purpose. They are given by mail to Ch\u00e2teau du Lude and kept for three years in the database of its website. You have the right of access, retractation, modification and opposition to the datas regarding yourself. You can exercise your right by contacting us. For more informations, consult our <a href=\"https:\/\/www.lelude.com\/en\/legal-notice\/\">conditions of use of the personnal datas<\/a>.<\/em><\/p>\n<p><em>\u00a0<\/em>[\/vc_column_text][\/vc_column][vc_column width=&#8221;1\/3&#8243; css=&#8221;.vc_custom_1489054828018{margin-bottom: 0px !important;padding-right: 0px !important;padding-left: 0px !important;}&#8221;][mk_image src=&#8221;https:\/\/www.lelude.com\/wp-content\/uploads\/2017\/03\/louis-jean-et-barbara-de-nicolay-portrait.jpg&#8221; image_size=&#8221;full&#8221;][mk_custom_box padding_horizental=&#8221;15&#8243; min_height=&#8221;350&#8243; bg_image=&#8221;https:\/\/www.lelude.com\/wp-content\/uploads\/2017\/02\/home-fond-call.jpg&#8221; overlay_color=&#8221;rgba(0,84,121,0.9)&#8221; bg_stretch=&#8221;true&#8221;][vc_icon icon_fontawesome=&#8221;fa fa-users&#8221; color=&#8221;white&#8221; size=&#8221;lg&#8221; align=&#8221;center&#8221; link=&#8221;url:%23|||&#8221; el_class=&#8221;iconeinfo&#8221; css=&#8221;.vc_custom_1489153747323{margin-bottom: 16px !important;}&#8221;][mk_fancy_title tag_name=&#8221;h4&#8243; color=&#8221;#ffffff&#8221; size=&#8221;24&#8243; font_weight=&#8221;600&#8243; font_family=&#8221;none&#8221; align=&#8221;center&#8221;]Prepare you visit[\/mk_fancy_title][vc_column_text align=&#8221;center&#8221;]\n<p style=\"color: #ffffff; text-align: center;\">Practical informations, prices, times, accomodations<\/p>\n[\/vc_column_text][mk_button dimension=&#8221;outline&#8221; corner_style=&#8221;rounded&#8221; size=&#8221;medium&#8221; url=&#8221;https:\/\/www.lelude.com\/hours-rates\/?lang=en&#8221; align=&#8221;center&#8221; margin_top=&#8221;32&#8243; margin_right=&#8221;0&#8243; outline_skin=&#8221;custom&#8221; outline_active_color=&#8221;#ffffff&#8221; outline_active_text_color=&#8221;#ffffff&#8221; outline_hover_bg_color=&#8221;#ffffff&#8221; outline_hover_color=&#8221;#005479&#8243;]Usefull informations[\/mk_button][\/mk_custom_box][\/vc_column][\/mk_page_section]\n<\/div>","protected":false},"excerpt":{"rendered":"<p>[vc_row fullwidth=&#8221;true&#8221;][vc_column][mk_page_title_box page_title=&#8221;Contact&#8221; section_height=&#8221;200&#8243; bg_image=&#8221;https:\/\/www.lelude.com\/wp-content\/uploads\/2017\/03\/decouvrir-header2.jpg&#8221; bg_position=&#8221;center top&#8221; bg_stretch=&#8221;true&#8221; overlay=&#8221;rgba(0,0,0,0.2)&#8221; font_size=&#8221;48&#8243; title_letter_spacing=&#8221;1&#8243; font_color=&#8221;#ffffff&#8221; font_weight=&#8221;bold&#8221;][\/vc_column][\/vc_row][mk_page_section padding_top=&#8221;56&#8243; padding_bottom=&#8221;0&#8243; top_shape_color=&#8221;#ffffff&#8221; bottom_shape_style=&#8221;speech-bottom&#8221; bottom_shape_color=&#8221;#ffffff&#8221; sidebar=&#8221;sidebar-1&#8243;][vc_column width=&#8221;2\/3&#8243;][vc_column_text] You want to contact us ? Just fill in this form, we will answer you very soon. [\/vc_column_text][vc_column_text css=&#8221;.vc_custom_1545487535235{margin-bottom: 0px !important;}&#8221;]The informations collected with this form are required to deal with your request, and exclusively [&hellip;]<\/p>\n","protected":false},"author":7,"featured_media":0,"parent":0,"menu_order":0,"comment_status":"closed","ping_status":"closed","template":"","meta":{"footnotes":""},"yoast_head":"<!-- This site is optimized with the Yoast SEO plugin v20.13 - https:\/\/yoast.com\/wordpress\/plugins\/seo\/ -->\n<title>Contact - Ch\u00e2teau du Lude<\/title>\n<meta name=\"robots\" content=\"index, follow, max-snippet:-1, max-image-preview:large, max-video-preview:-1\" \/>\n<link rel=\"canonical\" href=\"https:\/\/www.lelude.com\/contact\/\" \/>\n<meta property=\"og:locale\" content=\"en_US\" \/>\n<meta property=\"og:type\" content=\"article\" \/>\n<meta property=\"og:title\" content=\"Contact - Ch\u00e2teau du Lude\" \/>\n<meta property=\"og:description\" content=\"[vc_row fullwidth=&#8221;true&#8221;][vc_column][mk_page_title_box page_title=&#8221;Contact&#8221; section_height=&#8221;200&#8243; bg_image=&#8221;https:\/\/www.lelude.com\/wp-content\/uploads\/2017\/03\/decouvrir-header2.jpg&#8221; bg_position=&#8221;center top&#8221; bg_stretch=&#8221;true&#8221; overlay=&#8221;rgba(0,0,0,0.2)&#8221; font_size=&#8221;48&#8243; title_letter_spacing=&#8221;1&#8243; font_color=&#8221;#ffffff&#8221; font_weight=&#8221;bold&#8221;][\/vc_column][\/vc_row][mk_page_section padding_top=&#8221;56&#8243; padding_bottom=&#8221;0&#8243; top_shape_color=&#8221;#ffffff&#8221; bottom_shape_style=&#8221;speech-bottom&#8221; bottom_shape_color=&#8221;#ffffff&#8221; sidebar=&#8221;sidebar-1&#8243;][vc_column width=&#8221;2\/3&#8243;][vc_column_text] You want to contact us ? Just fill in this form, we will answer you very soon. [\/vc_column_text][vc_column_text css=&#8221;.vc_custom_1545487535235{margin-bottom: 0px !important;}&#8221;]The informations collected with this form are required to deal with your request, and exclusively [&hellip;]\" \/>\n<meta property=\"og:url\" content=\"https:\/\/www.lelude.com\/contact\/\" \/>\n<meta property=\"og:site_name\" content=\"Ch\u00e2teau du Lude\" \/>\n<meta property=\"article:modified_time\" content=\"2018-12-22T14:07:39+00:00\" \/>\n<meta name=\"twitter:card\" content=\"summary_large_image\" \/>\n<meta name=\"twitter:label1\" content=\"Est. reading time\" \/>\n\t<meta name=\"twitter:data1\" content=\"2 minutes\" \/>\n<script type=\"application\/ld+json\" class=\"yoast-schema-graph\">{\"@context\":\"https:\/\/schema.org\",\"@graph\":[{\"@type\":\"WebPage\",\"@id\":\"https:\/\/www.lelude.com\/contact\/\",\"url\":\"https:\/\/www.lelude.com\/contact\/\",\"name\":\"Contact - Ch\u00e2teau du Lude\",\"isPartOf\":{\"@id\":\"https:\/\/www.lelude.com\/#website\"},\"datePublished\":\"2017-05-06T12:41:09+00:00\",\"dateModified\":\"2018-12-22T14:07:39+00:00\",\"breadcrumb\":{\"@id\":\"https:\/\/www.lelude.com\/contact\/#breadcrumb\"},\"inLanguage\":\"en-US\",\"potentialAction\":[{\"@type\":\"ReadAction\",\"target\":[\"https:\/\/www.lelude.com\/contact\/\"]}]},{\"@type\":\"BreadcrumbList\",\"@id\":\"https:\/\/www.lelude.com\/contact\/#breadcrumb\",\"itemListElement\":[{\"@type\":\"ListItem\",\"position\":1,\"name\":\"Accueil\",\"item\":\"https:\/\/www.lelude.com\/en\/\"},{\"@type\":\"ListItem\",\"position\":2,\"name\":\"Contact\"}]},{\"@type\":\"WebSite\",\"@id\":\"https:\/\/www.lelude.com\/#website\",\"url\":\"https:\/\/www.lelude.com\/\",\"name\":\"Ch\u00e2teau du Lude\",\"description\":\"Le premier des ch\u00e2teaux de la Loire au nord de la vall\u00e9e\",\"publisher\":{\"@id\":\"https:\/\/www.lelude.com\/#organization\"},\"potentialAction\":[{\"@type\":\"SearchAction\",\"target\":{\"@type\":\"EntryPoint\",\"urlTemplate\":\"https:\/\/www.lelude.com\/?s={search_term_string}\"},\"query-input\":\"required name=search_term_string\"}],\"inLanguage\":\"en-US\"},{\"@type\":\"Organization\",\"@id\":\"https:\/\/www.lelude.com\/#organization\",\"name\":\"Ch\u00e2teau du Lude\",\"url\":\"https:\/\/www.lelude.com\/\",\"logo\":{\"@type\":\"ImageObject\",\"inLanguage\":\"en-US\",\"@id\":\"https:\/\/www.lelude.com\/#\/schema\/logo\/image\/\",\"url\":\"https:\/\/www.lelude.com\/wp-content\/uploads\/2017\/03\/logolelude.png\",\"contentUrl\":\"https:\/\/www.lelude.com\/wp-content\/uploads\/2017\/03\/logolelude.png\",\"width\":167,\"height\":100,\"caption\":\"Ch\u00e2teau du Lude\"},\"image\":{\"@id\":\"https:\/\/www.lelude.com\/#\/schema\/logo\/image\/\"}}]}<\/script>\n<!-- \/ Yoast SEO plugin. -->","yoast_head_json":{"title":"Contact - Ch\u00e2teau du Lude","robots":{"index":"index","follow":"follow","max-snippet":"max-snippet:-1","max-image-preview":"max-image-preview:large","max-video-preview":"max-video-preview:-1"},"canonical":"https:\/\/www.lelude.com\/contact\/","og_locale":"en_US","og_type":"article","og_title":"Contact - Ch\u00e2teau du Lude","og_description":"[vc_row fullwidth=&#8221;true&#8221;][vc_column][mk_page_title_box page_title=&#8221;Contact&#8221; section_height=&#8221;200&#8243; bg_image=&#8221;https:\/\/www.lelude.com\/wp-content\/uploads\/2017\/03\/decouvrir-header2.jpg&#8221; bg_position=&#8221;center top&#8221; bg_stretch=&#8221;true&#8221; overlay=&#8221;rgba(0,0,0,0.2)&#8221; font_size=&#8221;48&#8243; title_letter_spacing=&#8221;1&#8243; font_color=&#8221;#ffffff&#8221; font_weight=&#8221;bold&#8221;][\/vc_column][\/vc_row][mk_page_section padding_top=&#8221;56&#8243; padding_bottom=&#8221;0&#8243; top_shape_color=&#8221;#ffffff&#8221; bottom_shape_style=&#8221;speech-bottom&#8221; bottom_shape_color=&#8221;#ffffff&#8221; sidebar=&#8221;sidebar-1&#8243;][vc_column width=&#8221;2\/3&#8243;][vc_column_text] You want to contact us ? Just fill in this form, we will answer you very soon. [\/vc_column_text][vc_column_text css=&#8221;.vc_custom_1545487535235{margin-bottom: 0px !important;}&#8221;]The informations collected with this form are required to deal with your request, and exclusively [&hellip;]","og_url":"https:\/\/www.lelude.com\/contact\/","og_site_name":"Ch\u00e2teau du Lude","article_modified_time":"2018-12-22T14:07:39+00:00","twitter_card":"summary_large_image","twitter_misc":{"Est. reading time":"2 minutes"},"schema":{"@context":"https:\/\/schema.org","@graph":[{"@type":"WebPage","@id":"https:\/\/www.lelude.com\/contact\/","url":"https:\/\/www.lelude.com\/contact\/","name":"Contact - Ch\u00e2teau du Lude","isPartOf":{"@id":"https:\/\/www.lelude.com\/#website"},"datePublished":"2017-05-06T12:41:09+00:00","dateModified":"2018-12-22T14:07:39+00:00","breadcrumb":{"@id":"https:\/\/www.lelude.com\/contact\/#breadcrumb"},"inLanguage":"en-US","potentialAction":[{"@type":"ReadAction","target":["https:\/\/www.lelude.com\/contact\/"]}]},{"@type":"BreadcrumbList","@id":"https:\/\/www.lelude.com\/contact\/#breadcrumb","itemListElement":[{"@type":"ListItem","position":1,"name":"Accueil","item":"https:\/\/www.lelude.com\/en\/"},{"@type":"ListItem","position":2,"name":"Contact"}]},{"@type":"WebSite","@id":"https:\/\/www.lelude.com\/#website","url":"https:\/\/www.lelude.com\/","name":"Ch\u00e2teau du Lude","description":"Le premier des ch\u00e2teaux de la Loire au nord de la vall\u00e9e","publisher":{"@id":"https:\/\/www.lelude.com\/#organization"},"potentialAction":[{"@type":"SearchAction","target":{"@type":"EntryPoint","urlTemplate":"https:\/\/www.lelude.com\/?s={search_term_string}"},"query-input":"required name=search_term_string"}],"inLanguage":"en-US"},{"@type":"Organization","@id":"https:\/\/www.lelude.com\/#organization","name":"Ch\u00e2teau du Lude","url":"https:\/\/www.lelude.com\/","logo":{"@type":"ImageObject","inLanguage":"en-US","@id":"https:\/\/www.lelude.com\/#\/schema\/logo\/image\/","url":"https:\/\/www.lelude.com\/wp-content\/uploads\/2017\/03\/logolelude.png","contentUrl":"https:\/\/www.lelude.com\/wp-content\/uploads\/2017\/03\/logolelude.png","width":167,"height":100,"caption":"Ch\u00e2teau du Lude"},"image":{"@id":"https:\/\/www.lelude.com\/#\/schema\/logo\/image\/"}}]}},"_links":{"self":[{"href":"https:\/\/www.lelude.com\/en\/wp-json\/wp\/v2\/pages\/885"}],"collection":[{"href":"https:\/\/www.lelude.com\/en\/wp-json\/wp\/v2\/pages"}],"about":[{"href":"https:\/\/www.lelude.com\/en\/wp-json\/wp\/v2\/types\/page"}],"author":[{"embeddable":true,"href":"https:\/\/www.lelude.com\/en\/wp-json\/wp\/v2\/users\/7"}],"replies":[{"embeddable":true,"href":"https:\/\/www.lelude.com\/en\/wp-json\/wp\/v2\/comments?post=885"}],"version-history":[{"count":7,"href":"https:\/\/www.lelude.com\/en\/wp-json\/wp\/v2\/pages\/885\/revisions"}],"predecessor-version":[{"id":2048,"href":"https:\/\/www.lelude.com\/en\/wp-json\/wp\/v2\/pages\/885\/revisions\/2048"}],"wp:attachment":[{"href":"https:\/\/www.lelude.com\/en\/wp-json\/wp\/v2\/media?parent=885"}],"curies":[{"name":"wp","href":"https:\/\/api.w.org\/{rel}","templated":true}]}}