{"id":9150,"date":"2023-07-01T14:05:25","date_gmt":"2023-07-01T12:05:25","guid":{"rendered":"https:\/\/www.lelude.com\/?page_id=9150"},"modified":"2023-07-01T14:05:25","modified_gmt":"2023-07-01T12:05:25","slug":"prize-p-j-redoute-prize-list-2021","status":"publish","type":"page","link":"https:\/\/www.lelude.com\/en\/prize-p-j-redoute-prize-list-2021\/","title":{"rendered":"Prize P.J. Redout\u00e9 &#8211; Prize list 2021"},"content":{"rendered":"<div class=\"wpb-content-wrapper\">[vc_row fullwidth=&#8221;true&#8221;][vc_column][mk_image src=&#8221;https:\/\/www.lelude.com\/wp-content\/uploads\/2021\/05\/lude_bandeau_2021.jpg&#8221; image_size=&#8221;full&#8221; align=&#8221;center&#8221;][\/vc_column][\/vc_row][mk_page_section padding_top=&#8221;0&#8243; padding_bottom=&#8221;0&#8243; top_shape_color=&#8221;#ffffff&#8221; bottom_shape_style=&#8221;speech-bottom&#8221; bottom_shape_color=&#8221;#ffffff&#8221; sidebar=&#8221;sidebar-1&#8243;][vc_column width=&#8221;2\/3&#8243;][mk_fancy_title size=&#8221;28&#8243; font_family=&#8221;none&#8221;]The edition 2021[\/mk_fancy_title][mk_divider style=&#8221;thin_solid&#8221; divider_width=&#8221;one_fourth&#8221; align=&#8221;left&#8221; thin_single_color=&#8221;#3abc99&#8243; thickness=&#8221;2&#8243; margin_top=&#8221;0&#8243;][vc_column_text css=&#8221;.vc_custom_1688213115183{margin-bottom: 0px !important;}&#8221;]On Saturday 5th June at the Ch\u00e2teau du Lude, the 22nd Prize Pierre-Joseph Redout\u00e9 has been awarded by the <em>Association des Jardins du Maine<\/em> to<\/p>\n<h3 style=\"text-align: center;\"><strong>&#8220;BOTANISTE&#8221;<\/strong><br \/>\n<strong>by Marc Jeanson et Charlotte Fauve<\/strong><br \/>\n<strong>\u00c9ditions Grasset.<\/strong><\/h3>\n<p><img decoding=\"async\" loading=\"lazy\" class=\" wp-image-5913 aligncenter\" src=\"https:\/\/www.lelude.com\/wp-content\/uploads\/2021\/05\/botaniste-203x300.jpeg\" alt=\"\" width=\"199\" height=\"294\" srcset=\"https:\/\/www.lelude.com\/wp-content\/uploads\/2021\/05\/botaniste-203x300.jpeg 203w, https:\/\/www.lelude.com\/wp-content\/uploads\/2021\/05\/botaniste.jpeg 600w\" sizes=\"(max-width: 199px) 100vw, 199px\" \/><\/p>\n<p><strong>THE AUTHORS:<br \/>\n<\/strong><br \/>\n<strong>Marc Jeanson<\/strong> is a botanist and an agronomist. He directed the Herbariumof Montpellier, and from 2013, he is in charge of the National Herbarium and the Natural History Museum of Paris.He worked at the Majorelle Garden in Marrakech. Involved in many events related to garden, he is scientist adviser at the <em>Rencontres botaniques<\/em> of Varengeville-sur-Mer and was associated commissioner at the exhibition <em>Jardins<\/em> at the national gallery of the Grand Palais in Paris in 2017.<br \/>\n<strong><br \/>\nCharlotte Fauve<\/strong> is a landscape ingeneer, journalist and author of documentaries. She especially wrote a series od documentaries for the TV channel Arte.<\/p>\n<p>&nbsp;<\/p>\n<p><strong>THE BOOK:<br \/>\n<\/strong><br \/>\nThe biography of Marc Jeanson is an introduction to the mention of the great French botanists and explorers. The main character of the book is the Herbarium of the Museum. This austere building, behind the <em>Jardin des Plantes<\/em>, contains secrets and\u00a0 wonders: 8 000 000 dry plants, gathered and pressed over 350 years.<\/p>\n<p>Welcome in the greatest herbarium of the wolrd! There we learn that plants take their time and demand attention. Marc Jeanson knows it since a cutting, left on a window, grows by itself. A few years later, during a travel in Senegal, he discovered the splendor of palm tree, confirming his vocation.<\/p>\n<p>Being a botanist is the love of being outdoor, in the mud, under the clouds, and also the love of the unknown. Those who gave the plants their name, who classified them have sometimes given their life for it. In this book, Marc Jeanson honours those plants explorer: Tournefort, Adanson, Lamarck, Pierre Poivre, G\u00e9rard Aymonin, L\u00e9on Mercurin. The book is the pleasant story of botanics that reveals the everyday life of an occupation, and the reality of panting expeditions. Plants are our world, our climate history, our landscape, our future. The portraits, tales, forgotten stories, scientific thoughts succed in the lively writting of Charlotte Fauve, making an extroardinary human adventure accessible for everyone.<\/p>\n<h4><strong>6 other books have been awarded in the following categories:<\/strong><\/h4>\n<table>\n<tbody>\n<tr>\n<td class=\"alignCenter\">\n<p class=\"bold\">HISTORICAL PRIZE<\/p>\n<p><strong>Chers jardins<\/strong><br \/>\nby Patrick Masure,<br \/>\ned. Delachaux et Niestl\u00e9.<\/td>\n<td class=\"alignCenter\">GARDENING PRIZE<strong><br \/>\n<\/strong><strong>Bons plants<\/strong><br \/>\nby Jean Venot,<br \/>\ned. Ulmer.<\/td>\n<\/tr>\n<tr>\n<td class=\"alignCenter\">\n<p class=\"bold\">ILLUSTRATED BOOK PRIZE<\/p>\n<p class=\"bold\"><strong>Le monde des cactus<\/strong>,<br \/>\nby Denis Diagre Vanderpelen,<br \/>\ned. Racine.<\/p>\n<\/td>\n<td class=\"alignCenter\">\n<p>BOTANICAL PRIZE<\/p>\n<p><strong>Les plantes qui tuen<\/strong>t,<br \/>\nby Elisabeth Dauncey et Sony Larsson,<br \/>\ned. Ulmer.<\/td>\n<\/tr>\n<tr>\n<td class=\"alignCenter\">\n<p>LITTERARY PRIZE<\/p>\n<p><strong>Katsura et ses jardins,<br \/>\nun mythe de l&#8217;architecture japonaise<\/strong>,<br \/>\nby Philippe Bonnin,<br \/>\ned. Arl\u00e9a.<\/td>\n<td class=\"alignCenter\">\n<p>SPECIAL PRIZE OF THE JURY<\/p>\n<p><strong>Vivre avec la terre,<br \/>\n<\/strong>by Perrine et Charles Herv\u00e9-Gruyer,<br \/>\ned. Actes Sud.<\/td>\n<\/tr>\n<tr>\n<td class=\"alignCenter\" colspan=\"2\"><\/td>\n<\/tr>\n<\/tbody>\n<\/table>\n<p>The jury is composed by experts and amateurs:<\/p>\n<p><strong>Martine G\u00e9rardin<\/strong>, journalist,<strong>Diane de Belder<\/strong>, a Belgian lady at the garden <strong>Louis Benech<\/strong>, garden architect, <strong>Jean-Louis Remilleux<\/strong>, film producer, <strong>Jacques Garcia<\/strong>, interior designer, creator of the garden of <em>The Champ de Bataille<\/em>, <strong>Marie-Anne Chazel<\/strong>, actress and author, <strong>Marc Mennessier<\/strong>, journalist, <strong>Olivier Colin<\/strong>, collector of plants and botanist, <strong>Maryvonne Pinault<\/strong>, amateur of gardens.<\/p>\n<p class=\"alignJustify marginBottom10\"><strong>The Prize P.J. Redout\u00e9 gets the partnership of <\/strong><strong>M\u00e9dia Participations, Bourg Joly Malicorne, Youscribe, Truffaut, France Bleu Maine, du Conseil R\u00e9gional des Pays de la Loire et du Conseil D\u00e9partemental de la Sarthe.<\/strong><\/p>\n<p class=\"alignJustify marginBottom10\"><a title=\"Prix Pierre-Joseph Redout\u00e9\" href=\"https:\/\/www.facebook.com\/prixpierrejosephredoute\">For more informations : <\/a><a title=\"Le Lude\" href=\"https:\/\/www.lelude.com\/fr\/www.lelude.com\">www.lelude.com<\/a><a title=\"Prix Pierre-Joseph Redout\u00e9\" href=\"https:\/\/www.facebook.com\/prixpierrejosephredoute\"> &#8211; <\/a><a title=\"Envoyer un email\" href=\"mailto:info@lelude.com\">info@lelude.com<\/a><a title=\"Prix Pierre-Joseph Redout\u00e9\" href=\"https:\/\/www.facebook.com\/prixpierrejosephredoute\"> &#8211; 02 43 94 60 09 &#8211; Facebook\u00a0: <\/a><a title=\"Prix Pierre-Joseph Redout\u00e9\" href=\"https:\/\/www.lelude.com\/en\/prix-p-j-redoute\/\">The Prix P.J. Redout\u00e9<\/a><\/p>\n[\/vc_column_text][\/vc_column][vc_column width=&#8221;1\/3&#8243; css=&#8221;.vc_custom_1489054828018{margin-bottom: 0px !important;padding-right: 0px !important;padding-left: 0px !important;}&#8221;][mk_fancy_title size=&#8221;24&#8243; font_family=&#8221;none&#8221;]Palmar\u00e8s 2021[\/mk_fancy_title][mk_gallery images=&#8221;5911,5909,5907,5915,5905,5917&#8243; column=&#8221;2&#8243; image_size=&#8221;full&#8221; hover_scenarios=&#8221;slow_zoom&#8221; item_spacing=&#8221;1&#8243; orderby=&#8221;post__in&#8221;][\/vc_column][\/mk_page_section]\n<\/div>","protected":false},"excerpt":{"rendered":"<p>[vc_row fullwidth=&#8221;true&#8221;][vc_column][mk_image src=&#8221;https:\/\/www.lelude.com\/wp-content\/uploads\/2021\/05\/lude_bandeau_2021.jpg&#8221; image_size=&#8221;full&#8221; align=&#8221;center&#8221;][\/vc_column][\/vc_row][mk_page_section padding_top=&#8221;0&#8243; padding_bottom=&#8221;0&#8243; top_shape_color=&#8221;#ffffff&#8221; bottom_shape_style=&#8221;speech-bottom&#8221; bottom_shape_color=&#8221;#ffffff&#8221; sidebar=&#8221;sidebar-1&#8243;][vc_column width=&#8221;2\/3&#8243;][mk_fancy_title size=&#8221;28&#8243; font_family=&#8221;none&#8221;]The edition 2021[\/mk_fancy_title][mk_divider style=&#8221;thin_solid&#8221; divider_width=&#8221;one_fourth&#8221; align=&#8221;left&#8221; thin_single_color=&#8221;#3abc99&#8243; thickness=&#8221;2&#8243; margin_top=&#8221;0&#8243;][vc_column_text css=&#8221;.vc_custom_1688213115183{margin-bottom: 0px !important;}&#8221;]On Saturday 5th June at the Ch\u00e2teau du Lude, the 22nd Prize Pierre-Joseph Redout\u00e9 has been awarded by the Association des Jardins du Maine to &#8220;BOTANISTE&#8221; by Marc Jeanson et Charlotte [&hellip;]<\/p>\n","protected":false},"author":7,"featured_media":0,"parent":0,"menu_order":0,"comment_status":"closed","ping_status":"closed","template":"","meta":{"footnotes":""},"yoast_head":"<!-- This site is optimized with the Yoast SEO plugin v20.13 - https:\/\/yoast.com\/wordpress\/plugins\/seo\/ -->\n<title>Prize P.J. Redout\u00e9 - Prize list 2021 - Ch\u00e2teau du Lude<\/title>\n<meta name=\"robots\" content=\"index, follow, max-snippet:-1, max-image-preview:large, max-video-preview:-1\" \/>\n<link rel=\"canonical\" href=\"https:\/\/www.lelude.com\/prix-p-j-redoute-palmares-2019-2\/\" \/>\n<meta property=\"og:locale\" content=\"en_US\" \/>\n<meta property=\"og:type\" content=\"article\" \/>\n<meta property=\"og:title\" content=\"Prize P.J. Redout\u00e9 - Prize list 2021 - Ch\u00e2teau du Lude\" \/>\n<meta property=\"og:description\" content=\"[vc_row fullwidth=&#8221;true&#8221;][vc_column][mk_image src=&#8221;https:\/\/www.lelude.com\/wp-content\/uploads\/2021\/05\/lude_bandeau_2021.jpg&#8221; image_size=&#8221;full&#8221; align=&#8221;center&#8221;][\/vc_column][\/vc_row][mk_page_section padding_top=&#8221;0&#8243; padding_bottom=&#8221;0&#8243; top_shape_color=&#8221;#ffffff&#8221; bottom_shape_style=&#8221;speech-bottom&#8221; bottom_shape_color=&#8221;#ffffff&#8221; sidebar=&#8221;sidebar-1&#8243;][vc_column width=&#8221;2\/3&#8243;][mk_fancy_title size=&#8221;28&#8243; font_family=&#8221;none&#8221;]The edition 2021[\/mk_fancy_title][mk_divider style=&#8221;thin_solid&#8221; divider_width=&#8221;one_fourth&#8221; align=&#8221;left&#8221; thin_single_color=&#8221;#3abc99&#8243; thickness=&#8221;2&#8243; margin_top=&#8221;0&#8243;][vc_column_text css=&#8221;.vc_custom_1688213115183{margin-bottom: 0px !important;}&#8221;]On Saturday 5th June at the Ch\u00e2teau du Lude, the 22nd Prize Pierre-Joseph Redout\u00e9 has been awarded by the Association des Jardins du Maine to &#8220;BOTANISTE&#8221; by Marc Jeanson et Charlotte [&hellip;]\" \/>\n<meta property=\"og:url\" content=\"https:\/\/www.lelude.com\/prix-p-j-redoute-palmares-2019-2\/\" \/>\n<meta property=\"og:site_name\" content=\"Ch\u00e2teau du Lude\" \/>\n<meta property=\"og:image\" content=\"https:\/\/www.lelude.com\/wp-content\/uploads\/2021\/05\/botaniste-203x300.jpeg\" \/>\n<meta name=\"twitter:card\" content=\"summary_large_image\" \/>\n<meta name=\"twitter:label1\" content=\"Est. reading time\" \/>\n\t<meta name=\"twitter:data1\" content=\"4 minutes\" \/>\n<script type=\"application\/ld+json\" class=\"yoast-schema-graph\">{\"@context\":\"https:\/\/schema.org\",\"@graph\":[{\"@type\":\"WebPage\",\"@id\":\"https:\/\/www.lelude.com\/prix-p-j-redoute-palmares-2019-2\/\",\"url\":\"https:\/\/www.lelude.com\/prix-p-j-redoute-palmares-2019-2\/\",\"name\":\"Prize P.J. Redout\u00e9 - Prize list 2021 - Ch\u00e2teau du Lude\",\"isPartOf\":{\"@id\":\"https:\/\/www.lelude.com\/#website\"},\"datePublished\":\"2023-07-01T12:05:25+00:00\",\"dateModified\":\"2023-07-01T12:05:25+00:00\",\"breadcrumb\":{\"@id\":\"https:\/\/www.lelude.com\/prix-p-j-redoute-palmares-2019-2\/#breadcrumb\"},\"inLanguage\":\"en-US\",\"potentialAction\":[{\"@type\":\"ReadAction\",\"target\":[\"https:\/\/www.lelude.com\/prix-p-j-redoute-palmares-2019-2\/\"]}]},{\"@type\":\"BreadcrumbList\",\"@id\":\"https:\/\/www.lelude.com\/prix-p-j-redoute-palmares-2019-2\/#breadcrumb\",\"itemListElement\":[{\"@type\":\"ListItem\",\"position\":1,\"name\":\"Accueil\",\"item\":\"https:\/\/www.lelude.com\/en\/\"},{\"@type\":\"ListItem\",\"position\":2,\"name\":\"Prize P.J. Redout\u00e9 &#8211; Prize list 2021\"}]},{\"@type\":\"WebSite\",\"@id\":\"https:\/\/www.lelude.com\/#website\",\"url\":\"https:\/\/www.lelude.com\/\",\"name\":\"Ch\u00e2teau du Lude\",\"description\":\"Le premier des ch\u00e2teaux de la Loire au nord de la vall\u00e9e\",\"publisher\":{\"@id\":\"https:\/\/www.lelude.com\/#organization\"},\"potentialAction\":[{\"@type\":\"SearchAction\",\"target\":{\"@type\":\"EntryPoint\",\"urlTemplate\":\"https:\/\/www.lelude.com\/?s={search_term_string}\"},\"query-input\":\"required name=search_term_string\"}],\"inLanguage\":\"en-US\"},{\"@type\":\"Organization\",\"@id\":\"https:\/\/www.lelude.com\/#organization\",\"name\":\"Ch\u00e2teau du Lude\",\"url\":\"https:\/\/www.lelude.com\/\",\"logo\":{\"@type\":\"ImageObject\",\"inLanguage\":\"en-US\",\"@id\":\"https:\/\/www.lelude.com\/#\/schema\/logo\/image\/\",\"url\":\"https:\/\/www.lelude.com\/wp-content\/uploads\/2017\/03\/logolelude.png\",\"contentUrl\":\"https:\/\/www.lelude.com\/wp-content\/uploads\/2017\/03\/logolelude.png\",\"width\":167,\"height\":100,\"caption\":\"Ch\u00e2teau du Lude\"},\"image\":{\"@id\":\"https:\/\/www.lelude.com\/#\/schema\/logo\/image\/\"}}]}<\/script>\n<!-- \/ Yoast SEO plugin. -->","yoast_head_json":{"title":"Prize P.J. Redout\u00e9 - Prize list 2021 - Ch\u00e2teau du Lude","robots":{"index":"index","follow":"follow","max-snippet":"max-snippet:-1","max-image-preview":"max-image-preview:large","max-video-preview":"max-video-preview:-1"},"canonical":"https:\/\/www.lelude.com\/prix-p-j-redoute-palmares-2019-2\/","og_locale":"en_US","og_type":"article","og_title":"Prize P.J. Redout\u00e9 - Prize list 2021 - Ch\u00e2teau du Lude","og_description":"[vc_row fullwidth=&#8221;true&#8221;][vc_column][mk_image src=&#8221;https:\/\/www.lelude.com\/wp-content\/uploads\/2021\/05\/lude_bandeau_2021.jpg&#8221; image_size=&#8221;full&#8221; align=&#8221;center&#8221;][\/vc_column][\/vc_row][mk_page_section padding_top=&#8221;0&#8243; padding_bottom=&#8221;0&#8243; top_shape_color=&#8221;#ffffff&#8221; bottom_shape_style=&#8221;speech-bottom&#8221; bottom_shape_color=&#8221;#ffffff&#8221; sidebar=&#8221;sidebar-1&#8243;][vc_column width=&#8221;2\/3&#8243;][mk_fancy_title size=&#8221;28&#8243; font_family=&#8221;none&#8221;]The edition 2021[\/mk_fancy_title][mk_divider style=&#8221;thin_solid&#8221; divider_width=&#8221;one_fourth&#8221; align=&#8221;left&#8221; thin_single_color=&#8221;#3abc99&#8243; thickness=&#8221;2&#8243; margin_top=&#8221;0&#8243;][vc_column_text css=&#8221;.vc_custom_1688213115183{margin-bottom: 0px !important;}&#8221;]On Saturday 5th June at the Ch\u00e2teau du Lude, the 22nd Prize Pierre-Joseph Redout\u00e9 has been awarded by the Association des Jardins du Maine to &#8220;BOTANISTE&#8221; by Marc Jeanson et Charlotte [&hellip;]","og_url":"https:\/\/www.lelude.com\/prix-p-j-redoute-palmares-2019-2\/","og_site_name":"Ch\u00e2teau du Lude","og_image":[{"url":"https:\/\/www.lelude.com\/wp-content\/uploads\/2021\/05\/botaniste-203x300.jpeg"}],"twitter_card":"summary_large_image","twitter_misc":{"Est. reading time":"4 minutes"},"schema":{"@context":"https:\/\/schema.org","@graph":[{"@type":"WebPage","@id":"https:\/\/www.lelude.com\/prix-p-j-redoute-palmares-2019-2\/","url":"https:\/\/www.lelude.com\/prix-p-j-redoute-palmares-2019-2\/","name":"Prize P.J. Redout\u00e9 - Prize list 2021 - Ch\u00e2teau du Lude","isPartOf":{"@id":"https:\/\/www.lelude.com\/#website"},"datePublished":"2023-07-01T12:05:25+00:00","dateModified":"2023-07-01T12:05:25+00:00","breadcrumb":{"@id":"https:\/\/www.lelude.com\/prix-p-j-redoute-palmares-2019-2\/#breadcrumb"},"inLanguage":"en-US","potentialAction":[{"@type":"ReadAction","target":["https:\/\/www.lelude.com\/prix-p-j-redoute-palmares-2019-2\/"]}]},{"@type":"BreadcrumbList","@id":"https:\/\/www.lelude.com\/prix-p-j-redoute-palmares-2019-2\/#breadcrumb","itemListElement":[{"@type":"ListItem","position":1,"name":"Accueil","item":"https:\/\/www.lelude.com\/en\/"},{"@type":"ListItem","position":2,"name":"Prize P.J. Redout\u00e9 &#8211; Prize list 2021"}]},{"@type":"WebSite","@id":"https:\/\/www.lelude.com\/#website","url":"https:\/\/www.lelude.com\/","name":"Ch\u00e2teau du Lude","description":"Le premier des ch\u00e2teaux de la Loire au nord de la vall\u00e9e","publisher":{"@id":"https:\/\/www.lelude.com\/#organization"},"potentialAction":[{"@type":"SearchAction","target":{"@type":"EntryPoint","urlTemplate":"https:\/\/www.lelude.com\/?s={search_term_string}"},"query-input":"required name=search_term_string"}],"inLanguage":"en-US"},{"@type":"Organization","@id":"https:\/\/www.lelude.com\/#organization","name":"Ch\u00e2teau du Lude","url":"https:\/\/www.lelude.com\/","logo":{"@type":"ImageObject","inLanguage":"en-US","@id":"https:\/\/www.lelude.com\/#\/schema\/logo\/image\/","url":"https:\/\/www.lelude.com\/wp-content\/uploads\/2017\/03\/logolelude.png","contentUrl":"https:\/\/www.lelude.com\/wp-content\/uploads\/2017\/03\/logolelude.png","width":167,"height":100,"caption":"Ch\u00e2teau du Lude"},"image":{"@id":"https:\/\/www.lelude.com\/#\/schema\/logo\/image\/"}}]}},"_links":{"self":[{"href":"https:\/\/www.lelude.com\/en\/wp-json\/wp\/v2\/pages\/9150"}],"collection":[{"href":"https:\/\/www.lelude.com\/en\/wp-json\/wp\/v2\/pages"}],"about":[{"href":"https:\/\/www.lelude.com\/en\/wp-json\/wp\/v2\/types\/page"}],"author":[{"embeddable":true,"href":"https:\/\/www.lelude.com\/en\/wp-json\/wp\/v2\/users\/7"}],"replies":[{"embeddable":true,"href":"https:\/\/www.lelude.com\/en\/wp-json\/wp\/v2\/comments?post=9150"}],"version-history":[{"count":5,"href":"https:\/\/www.lelude.com\/en\/wp-json\/wp\/v2\/pages\/9150\/revisions"}],"predecessor-version":[{"id":9157,"href":"https:\/\/www.lelude.com\/en\/wp-json\/wp\/v2\/pages\/9150\/revisions\/9157"}],"wp:attachment":[{"href":"https:\/\/www.lelude.com\/en\/wp-json\/wp\/v2\/media?parent=9150"}],"curies":[{"name":"wp","href":"https:\/\/api.w.org\/{rel}","templated":true}]}}