{"id":958,"date":"2017-05-21T16:12:01","date_gmt":"2017-05-21T14:12:01","guid":{"rendered":"https:\/\/www.lelude.com\/?page_id=958"},"modified":"2017-05-21T16:12:01","modified_gmt":"2017-05-21T14:12:01","slug":"legal-notice","status":"publish","type":"page","link":"https:\/\/www.lelude.com\/en\/legal-notice\/","title":{"rendered":"Legal Notice"},"content":{"rendered":"<div class=\"wpb-content-wrapper\">[vc_row][vc_column][vc_column_text]\n<h2>Editor :<\/h2>\n<p>Association des Amis du ch\u00e2teau du Lude &#8211;\u00a0<span id=\"XXXXX\" class=\"vcard\"><span class=\"street-address\">rue du Chateau<\/span> &#8211; <span class=\"postal-code\">72800<\/span> <span class=\"locality\">LE LUDE<\/span><br \/>\nT\u00e9l\u00e9phone : +33 (0)2 43 94 60 09<\/span><\/p>\n<h2>Director of publication :<\/h2>\n<p>Association des Amis du ch\u00e2teau du Lude<\/p>\n<h2>Website development :<\/h2>\n<p>This website is developed by the company <span style=\"color: #333333;\"><a style=\"color: #333333;\" href=\"http:\/\/www.positiveassistance.fr\/\" target=\"_blank\" rel=\"noopener noreferrer\">POSITIVE ASSISTANCE Cr\u00e9ation site Internet \u00e0 Nantes<\/a><\/span><\/p>\n<h2>Web host :<\/h2>\n<p>This website is hosted by the company GANDI SAS, head office: 63-65 boulevard Massena \u00e0 Paris (75013) FRANCE<br \/>\nphone : +33.(0) 1 70.37.76.61<\/p>\n<h2>Cookies :<\/h2>\n<p>Theses non personnal data are collected during your navigation, by a cookies system, for statistics.<\/p>\n<p>Those files are stores on your computer, allowing the company to record informations relatives to your browsing on the website (visited pages, hour and days of visit).In no case, those datas allows to identify you, their only purpose is to help us with offering you an easier access to the proposed services and improve our website.<\/p>\n<p>You can refuse the recording of the cookies, by configuring your browser acording to the terms and conditions detailed on the website of the &#8220;Commission Nationale Informatique et Libert\u00e9s&#8221; (www.cnil.fr).[\/vc_column_text][\/vc_column][\/vc_row]\n<\/div>","protected":false},"excerpt":{"rendered":"<p>[vc_row][vc_column][vc_column_text] Editor : Association des Amis du ch\u00e2teau du Lude &#8211;\u00a0rue du Chateau &#8211; 72800 LE LUDE T\u00e9l\u00e9phone : +33 (0)2 43 94 60 09 Director of publication : Association des Amis du ch\u00e2teau du Lude Website development : This website is developed by the company POSITIVE ASSISTANCE Cr\u00e9ation site Internet \u00e0 Nantes Web host [&hellip;]<\/p>\n","protected":false},"author":7,"featured_media":0,"parent":0,"menu_order":0,"comment_status":"closed","ping_status":"closed","template":"","meta":{"footnotes":""},"yoast_head":"<!-- This site is optimized with the Yoast SEO plugin v20.13 - https:\/\/yoast.com\/wordpress\/plugins\/seo\/ -->\n<title>Legal Notice - Ch\u00e2teau du Lude<\/title>\n<meta name=\"robots\" content=\"index, follow, max-snippet:-1, max-image-preview:large, max-video-preview:-1\" \/>\n<link rel=\"canonical\" href=\"https:\/\/www.lelude.com\/mentions-legales\/\" \/>\n<meta property=\"og:locale\" content=\"en_US\" \/>\n<meta property=\"og:type\" content=\"article\" \/>\n<meta property=\"og:title\" content=\"Legal Notice - Ch\u00e2teau du Lude\" \/>\n<meta property=\"og:description\" content=\"[vc_row][vc_column][vc_column_text] Editor : Association des Amis du ch\u00e2teau du Lude &#8211;\u00a0rue du Chateau &#8211; 72800 LE LUDE T\u00e9l\u00e9phone : +33 (0)2 43 94 60 09 Director of publication : Association des Amis du ch\u00e2teau du Lude Website development : This website is developed by the company POSITIVE ASSISTANCE Cr\u00e9ation site Internet \u00e0 Nantes Web host [&hellip;]\" \/>\n<meta property=\"og:url\" content=\"https:\/\/www.lelude.com\/mentions-legales\/\" \/>\n<meta property=\"og:site_name\" content=\"Ch\u00e2teau du Lude\" \/>\n<meta name=\"twitter:card\" content=\"summary_large_image\" \/>\n<meta name=\"twitter:label1\" content=\"Est. reading time\" \/>\n\t<meta name=\"twitter:data1\" content=\"1 minute\" \/>\n<script type=\"application\/ld+json\" class=\"yoast-schema-graph\">{\"@context\":\"https:\/\/schema.org\",\"@graph\":[{\"@type\":\"WebPage\",\"@id\":\"https:\/\/www.lelude.com\/mentions-legales\/\",\"url\":\"https:\/\/www.lelude.com\/mentions-legales\/\",\"name\":\"Legal Notice - Ch\u00e2teau du Lude\",\"isPartOf\":{\"@id\":\"https:\/\/www.lelude.com\/#website\"},\"datePublished\":\"2017-05-21T14:12:01+00:00\",\"dateModified\":\"2017-05-21T14:12:01+00:00\",\"breadcrumb\":{\"@id\":\"https:\/\/www.lelude.com\/mentions-legales\/#breadcrumb\"},\"inLanguage\":\"en-US\",\"potentialAction\":[{\"@type\":\"ReadAction\",\"target\":[\"https:\/\/www.lelude.com\/mentions-legales\/\"]}]},{\"@type\":\"BreadcrumbList\",\"@id\":\"https:\/\/www.lelude.com\/mentions-legales\/#breadcrumb\",\"itemListElement\":[{\"@type\":\"ListItem\",\"position\":1,\"name\":\"Accueil\",\"item\":\"https:\/\/www.lelude.com\/en\/\"},{\"@type\":\"ListItem\",\"position\":2,\"name\":\"Legal Notice\"}]},{\"@type\":\"WebSite\",\"@id\":\"https:\/\/www.lelude.com\/#website\",\"url\":\"https:\/\/www.lelude.com\/\",\"name\":\"Ch\u00e2teau du Lude\",\"description\":\"Le premier des ch\u00e2teaux de la Loire au nord de la vall\u00e9e\",\"publisher\":{\"@id\":\"https:\/\/www.lelude.com\/#organization\"},\"potentialAction\":[{\"@type\":\"SearchAction\",\"target\":{\"@type\":\"EntryPoint\",\"urlTemplate\":\"https:\/\/www.lelude.com\/?s={search_term_string}\"},\"query-input\":\"required name=search_term_string\"}],\"inLanguage\":\"en-US\"},{\"@type\":\"Organization\",\"@id\":\"https:\/\/www.lelude.com\/#organization\",\"name\":\"Ch\u00e2teau du Lude\",\"url\":\"https:\/\/www.lelude.com\/\",\"logo\":{\"@type\":\"ImageObject\",\"inLanguage\":\"en-US\",\"@id\":\"https:\/\/www.lelude.com\/#\/schema\/logo\/image\/\",\"url\":\"https:\/\/www.lelude.com\/wp-content\/uploads\/2017\/03\/logolelude.png\",\"contentUrl\":\"https:\/\/www.lelude.com\/wp-content\/uploads\/2017\/03\/logolelude.png\",\"width\":167,\"height\":100,\"caption\":\"Ch\u00e2teau du Lude\"},\"image\":{\"@id\":\"https:\/\/www.lelude.com\/#\/schema\/logo\/image\/\"}}]}<\/script>\n<!-- \/ Yoast SEO plugin. -->","yoast_head_json":{"title":"Legal Notice - Ch\u00e2teau du Lude","robots":{"index":"index","follow":"follow","max-snippet":"max-snippet:-1","max-image-preview":"max-image-preview:large","max-video-preview":"max-video-preview:-1"},"canonical":"https:\/\/www.lelude.com\/mentions-legales\/","og_locale":"en_US","og_type":"article","og_title":"Legal Notice - Ch\u00e2teau du Lude","og_description":"[vc_row][vc_column][vc_column_text] Editor : Association des Amis du ch\u00e2teau du Lude &#8211;\u00a0rue du Chateau &#8211; 72800 LE LUDE T\u00e9l\u00e9phone : +33 (0)2 43 94 60 09 Director of publication : Association des Amis du ch\u00e2teau du Lude Website development : This website is developed by the company POSITIVE ASSISTANCE Cr\u00e9ation site Internet \u00e0 Nantes Web host [&hellip;]","og_url":"https:\/\/www.lelude.com\/mentions-legales\/","og_site_name":"Ch\u00e2teau du Lude","twitter_card":"summary_large_image","twitter_misc":{"Est. reading time":"1 minute"},"schema":{"@context":"https:\/\/schema.org","@graph":[{"@type":"WebPage","@id":"https:\/\/www.lelude.com\/mentions-legales\/","url":"https:\/\/www.lelude.com\/mentions-legales\/","name":"Legal Notice - Ch\u00e2teau du Lude","isPartOf":{"@id":"https:\/\/www.lelude.com\/#website"},"datePublished":"2017-05-21T14:12:01+00:00","dateModified":"2017-05-21T14:12:01+00:00","breadcrumb":{"@id":"https:\/\/www.lelude.com\/mentions-legales\/#breadcrumb"},"inLanguage":"en-US","potentialAction":[{"@type":"ReadAction","target":["https:\/\/www.lelude.com\/mentions-legales\/"]}]},{"@type":"BreadcrumbList","@id":"https:\/\/www.lelude.com\/mentions-legales\/#breadcrumb","itemListElement":[{"@type":"ListItem","position":1,"name":"Accueil","item":"https:\/\/www.lelude.com\/en\/"},{"@type":"ListItem","position":2,"name":"Legal Notice"}]},{"@type":"WebSite","@id":"https:\/\/www.lelude.com\/#website","url":"https:\/\/www.lelude.com\/","name":"Ch\u00e2teau du Lude","description":"Le premier des ch\u00e2teaux de la Loire au nord de la vall\u00e9e","publisher":{"@id":"https:\/\/www.lelude.com\/#organization"},"potentialAction":[{"@type":"SearchAction","target":{"@type":"EntryPoint","urlTemplate":"https:\/\/www.lelude.com\/?s={search_term_string}"},"query-input":"required name=search_term_string"}],"inLanguage":"en-US"},{"@type":"Organization","@id":"https:\/\/www.lelude.com\/#organization","name":"Ch\u00e2teau du Lude","url":"https:\/\/www.lelude.com\/","logo":{"@type":"ImageObject","inLanguage":"en-US","@id":"https:\/\/www.lelude.com\/#\/schema\/logo\/image\/","url":"https:\/\/www.lelude.com\/wp-content\/uploads\/2017\/03\/logolelude.png","contentUrl":"https:\/\/www.lelude.com\/wp-content\/uploads\/2017\/03\/logolelude.png","width":167,"height":100,"caption":"Ch\u00e2teau du Lude"},"image":{"@id":"https:\/\/www.lelude.com\/#\/schema\/logo\/image\/"}}]}},"_links":{"self":[{"href":"https:\/\/www.lelude.com\/en\/wp-json\/wp\/v2\/pages\/958"}],"collection":[{"href":"https:\/\/www.lelude.com\/en\/wp-json\/wp\/v2\/pages"}],"about":[{"href":"https:\/\/www.lelude.com\/en\/wp-json\/wp\/v2\/types\/page"}],"author":[{"embeddable":true,"href":"https:\/\/www.lelude.com\/en\/wp-json\/wp\/v2\/users\/7"}],"replies":[{"embeddable":true,"href":"https:\/\/www.lelude.com\/en\/wp-json\/wp\/v2\/comments?post=958"}],"version-history":[{"count":1,"href":"https:\/\/www.lelude.com\/en\/wp-json\/wp\/v2\/pages\/958\/revisions"}],"predecessor-version":[{"id":959,"href":"https:\/\/www.lelude.com\/en\/wp-json\/wp\/v2\/pages\/958\/revisions\/959"}],"wp:attachment":[{"href":"https:\/\/www.lelude.com\/en\/wp-json\/wp\/v2\/media?parent=958"}],"curies":[{"name":"wp","href":"https:\/\/api.w.org\/{rel}","templated":true}]}}